{"id":9153,"date":"2023-09-22T15:07:18","date_gmt":"2023-09-22T13:07:18","guid":{"rendered":"https:\/\/yourpad.pl\/jak-przygotowac-projekt\/"},"modified":"2025-05-16T15:57:29","modified_gmt":"2025-05-16T13:57:29","slug":"how-to-prepare-the-project","status":"publish","type":"page","link":"https:\/\/yourpad.pl\/en\/how-to-prepare-the-project\/","title":{"rendered":"How to prepare the project?"},"content":{"rendered":"","protected":false},"excerpt":{"rendered":"","protected":false},"author":1,"featured_media":0,"parent":0,"menu_order":0,"comment_status":"closed","ping_status":"closed","template":"template-faq.php","meta":{"inline_featured_image":false,"footnotes":""},"class_list":["post-9153","page","type-page","status-publish","hentry"],"acf":[],"yoast_head":"<!-- This site is optimized with the Yoast SEO plugin v27.0 - https:\/\/yoast.com\/product\/yoast-seo-wordpress\/ -->\n<title>Jak przygotowa\u0107 projekt?| Yourpad -Podk\u0142adki pod mysz dla graczy<\/title>\n<meta name=\"description\" content=\"Jak przygotowa\u0107 projekt podk\u0142adki ? Zalecany format zdj\u0119\u0107 to JPG lub PNG. Przygotuj grafik\u0119, zdj\u0119cie lub logo i wgraj na stronie. Sprawd\u017a!\" \/>\n<meta name=\"robots\" content=\"index, follow, max-snippet:-1, max-image-preview:large, max-video-preview:-1\" \/>\n<link rel=\"canonical\" href=\"https:\/\/yourpad.pl\/en\/how-to-prepare-the-project\/\" \/>\n<meta property=\"og:locale\" content=\"en_US\" \/>\n<meta property=\"og:type\" content=\"article\" \/>\n<meta property=\"og:title\" content=\"Jak przygotowa\u0107 projekt?| Yourpad -Podk\u0142adki pod mysz dla graczy\" \/>\n<meta property=\"og:description\" content=\"Jak przygotowa\u0107 projekt podk\u0142adki ? Zalecany format zdj\u0119\u0107 to JPG lub PNG. Przygotuj grafik\u0119, zdj\u0119cie lub logo i wgraj na stronie. Sprawd\u017a!\" \/>\n<meta property=\"og:url\" content=\"https:\/\/yourpad.pl\/en\/how-to-prepare-the-project\/\" \/>\n<meta property=\"og:site_name\" content=\"YourPad\" \/>\n<meta property=\"article:publisher\" content=\"https:\/\/www.facebook.com\/yourpadpl\" \/>\n<meta property=\"article:modified_time\" content=\"2025-05-16T13:57:29+00:00\" \/>\n<script type=\"application\/ld+json\" class=\"yoast-schema-graph\">{\"@context\":\"https:\/\/schema.org\",\"@graph\":[{\"@type\":\"WebPage\",\"@id\":\"https:\/\/yourpad.pl\/en\/how-to-prepare-the-project\/\",\"url\":\"https:\/\/yourpad.pl\/en\/how-to-prepare-the-project\/\",\"name\":\"Jak przygotowa\u0107 projekt?| Yourpad -Podk\u0142adki pod mysz dla graczy\",\"isPartOf\":{\"@id\":\"https:\/\/yourpad.pl\/en\/#website\"},\"datePublished\":\"2023-09-22T13:07:18+00:00\",\"dateModified\":\"2025-05-16T13:57:29+00:00\",\"description\":\"Jak przygotowa\u0107 projekt podk\u0142adki ? Zalecany format zdj\u0119\u0107 to JPG lub PNG. Przygotuj grafik\u0119, zdj\u0119cie lub logo i wgraj na stronie. Sprawd\u017a!\",\"breadcrumb\":{\"@id\":\"https:\/\/yourpad.pl\/en\/how-to-prepare-the-project\/#breadcrumb\"},\"inLanguage\":\"en-US\",\"potentialAction\":[{\"@type\":\"ReadAction\",\"target\":[\"https:\/\/yourpad.pl\/en\/how-to-prepare-the-project\/\"]}]},{\"@type\":\"BreadcrumbList\",\"@id\":\"https:\/\/yourpad.pl\/en\/how-to-prepare-the-project\/#breadcrumb\",\"itemListElement\":[{\"@type\":\"ListItem\",\"position\":1,\"name\":\"Strona g\u0142\u00f3wna\",\"item\":\"https:\/\/yourpad.pl\/en\/\"},{\"@type\":\"ListItem\",\"position\":2,\"name\":\"How to prepare the project?\"}]},{\"@type\":\"WebSite\",\"@id\":\"https:\/\/yourpad.pl\/en\/#website\",\"url\":\"https:\/\/yourpad.pl\/en\/\",\"name\":\"YourPad\",\"description\":\"Zaprojektuj swoj\u0105 podk\u0142adk\u0119!\",\"publisher\":{\"@id\":\"https:\/\/yourpad.pl\/en\/#organization\"},\"potentialAction\":[{\"@type\":\"SearchAction\",\"target\":{\"@type\":\"EntryPoint\",\"urlTemplate\":\"https:\/\/yourpad.pl\/en\/?s={search_term_string}\"},\"query-input\":{\"@type\":\"PropertyValueSpecification\",\"valueRequired\":true,\"valueName\":\"search_term_string\"}}],\"inLanguage\":\"en-US\"},{\"@type\":\"Organization\",\"@id\":\"https:\/\/yourpad.pl\/en\/#organization\",\"name\":\"YourPad\",\"url\":\"https:\/\/yourpad.pl\/en\/\",\"logo\":{\"@type\":\"ImageObject\",\"inLanguage\":\"en-US\",\"@id\":\"https:\/\/yourpad.pl\/en\/#\/schema\/logo\/image\/\",\"url\":\"https:\/\/yourpad.pl\/wp-content\/uploads\/2023\/08\/logo.svg\",\"contentUrl\":\"https:\/\/yourpad.pl\/wp-content\/uploads\/2023\/08\/logo.svg\",\"width\":108,\"height\":57,\"caption\":\"YourPad\"},\"image\":{\"@id\":\"https:\/\/yourpad.pl\/en\/#\/schema\/logo\/image\/\"},\"sameAs\":[\"https:\/\/www.facebook.com\/yourpadpl\",\"https:\/\/www.tiktok.com\/@yourpad.pl\",\"https:\/\/www.instagram.com\/yourpad.pl\/\"]}]}<\/script>\n<!-- \/ Yoast SEO plugin. -->","yoast_head_json":{"title":"Jak przygotowa\u0107 projekt?| Yourpad -Podk\u0142adki pod mysz dla graczy","description":"Jak przygotowa\u0107 projekt podk\u0142adki ? Zalecany format zdj\u0119\u0107 to JPG lub PNG. Przygotuj grafik\u0119, zdj\u0119cie lub logo i wgraj na stronie. Sprawd\u017a!","robots":{"index":"index","follow":"follow","max-snippet":"max-snippet:-1","max-image-preview":"max-image-preview:large","max-video-preview":"max-video-preview:-1"},"canonical":"https:\/\/yourpad.pl\/en\/how-to-prepare-the-project\/","og_locale":"en_US","og_type":"article","og_title":"Jak przygotowa\u0107 projekt?| Yourpad -Podk\u0142adki pod mysz dla graczy","og_description":"Jak przygotowa\u0107 projekt podk\u0142adki ? Zalecany format zdj\u0119\u0107 to JPG lub PNG. Przygotuj grafik\u0119, zdj\u0119cie lub logo i wgraj na stronie. Sprawd\u017a!","og_url":"https:\/\/yourpad.pl\/en\/how-to-prepare-the-project\/","og_site_name":"YourPad","article_publisher":"https:\/\/www.facebook.com\/yourpadpl","article_modified_time":"2025-05-16T13:57:29+00:00","schema":{"@context":"https:\/\/schema.org","@graph":[{"@type":"WebPage","@id":"https:\/\/yourpad.pl\/en\/how-to-prepare-the-project\/","url":"https:\/\/yourpad.pl\/en\/how-to-prepare-the-project\/","name":"Jak przygotowa\u0107 projekt?| Yourpad -Podk\u0142adki pod mysz dla graczy","isPartOf":{"@id":"https:\/\/yourpad.pl\/en\/#website"},"datePublished":"2023-09-22T13:07:18+00:00","dateModified":"2025-05-16T13:57:29+00:00","description":"Jak przygotowa\u0107 projekt podk\u0142adki ? Zalecany format zdj\u0119\u0107 to JPG lub PNG. Przygotuj grafik\u0119, zdj\u0119cie lub logo i wgraj na stronie. Sprawd\u017a!","breadcrumb":{"@id":"https:\/\/yourpad.pl\/en\/how-to-prepare-the-project\/#breadcrumb"},"inLanguage":"en-US","potentialAction":[{"@type":"ReadAction","target":["https:\/\/yourpad.pl\/en\/how-to-prepare-the-project\/"]}]},{"@type":"BreadcrumbList","@id":"https:\/\/yourpad.pl\/en\/how-to-prepare-the-project\/#breadcrumb","itemListElement":[{"@type":"ListItem","position":1,"name":"Strona g\u0142\u00f3wna","item":"https:\/\/yourpad.pl\/en\/"},{"@type":"ListItem","position":2,"name":"How to prepare the project?"}]},{"@type":"WebSite","@id":"https:\/\/yourpad.pl\/en\/#website","url":"https:\/\/yourpad.pl\/en\/","name":"YourPad","description":"Zaprojektuj swoj\u0105 podk\u0142adk\u0119!","publisher":{"@id":"https:\/\/yourpad.pl\/en\/#organization"},"potentialAction":[{"@type":"SearchAction","target":{"@type":"EntryPoint","urlTemplate":"https:\/\/yourpad.pl\/en\/?s={search_term_string}"},"query-input":{"@type":"PropertyValueSpecification","valueRequired":true,"valueName":"search_term_string"}}],"inLanguage":"en-US"},{"@type":"Organization","@id":"https:\/\/yourpad.pl\/en\/#organization","name":"YourPad","url":"https:\/\/yourpad.pl\/en\/","logo":{"@type":"ImageObject","inLanguage":"en-US","@id":"https:\/\/yourpad.pl\/en\/#\/schema\/logo\/image\/","url":"https:\/\/yourpad.pl\/wp-content\/uploads\/2023\/08\/logo.svg","contentUrl":"https:\/\/yourpad.pl\/wp-content\/uploads\/2023\/08\/logo.svg","width":108,"height":57,"caption":"YourPad"},"image":{"@id":"https:\/\/yourpad.pl\/en\/#\/schema\/logo\/image\/"},"sameAs":["https:\/\/www.facebook.com\/yourpadpl","https:\/\/www.tiktok.com\/@yourpad.pl","https:\/\/www.instagram.com\/yourpad.pl\/"]}]}},"_links":{"self":[{"href":"https:\/\/yourpad.pl\/en\/wp-json\/wp\/v2\/pages\/9153","targetHints":{"allow":["GET"]}}],"collection":[{"href":"https:\/\/yourpad.pl\/en\/wp-json\/wp\/v2\/pages"}],"about":[{"href":"https:\/\/yourpad.pl\/en\/wp-json\/wp\/v2\/types\/page"}],"author":[{"embeddable":true,"href":"https:\/\/yourpad.pl\/en\/wp-json\/wp\/v2\/users\/1"}],"replies":[{"embeddable":true,"href":"https:\/\/yourpad.pl\/en\/wp-json\/wp\/v2\/comments?post=9153"}],"version-history":[{"count":3,"href":"https:\/\/yourpad.pl\/en\/wp-json\/wp\/v2\/pages\/9153\/revisions"}],"predecessor-version":[{"id":10097,"href":"https:\/\/yourpad.pl\/en\/wp-json\/wp\/v2\/pages\/9153\/revisions\/10097"}],"wp:attachment":[{"href":"https:\/\/yourpad.pl\/en\/wp-json\/wp\/v2\/media?parent=9153"}],"curies":[{"name":"wp","href":"https:\/\/api.w.org\/{rel}","templated":true}]}}