{"id":9163,"date":"2023-08-26T12:51:27","date_gmt":"2023-08-26T10:51:27","guid":{"rendered":"https:\/\/yourpad.pl\/wspolpraca\/"},"modified":"2025-02-18T13:37:38","modified_gmt":"2025-02-18T12:37:38","slug":"cooperation","status":"publish","type":"page","link":"https:\/\/yourpad.pl\/en\/cooperation\/","title":{"rendered":"Cooperation"},"content":{"rendered":"\n<p>It doesn&#8217;t matter if you are a graphic designer, illustrator, tattoo artist or an artist in any other field of art. If you have a vision and want your projects to be at the fingertips of thousands of people, we are here for you.<\/p>\n\n\n\n<h3 class=\"wp-block-heading\">Wsp\u00f3\u0142praca biznesowa<\/h3>\n\n\n\n<p>W naszym sklepie internetowym z przyjemno\u015bci\u0105 nawi\u0105zujemy wsp\u00f3\u0142prac\u0119 biznesow\u0105, oferuj\u0105c atrakcyjne warunki dla naszych partner\u00f3w. Jeste\u015bmy otwarci na r\u00f3\u017cnorodne formy wsp\u00f3\u0142pracy, szczeg\u00f3lnie przy wi\u0119kszych zam\u00f3wieniach. Oto, co mo\u017cemy zaoferowa\u0107:<\/p>\n\n\n\n<h4 class=\"wp-block-heading\">Ceny hurtowe<\/h4>\n\n\n\n<p>Przy wi\u0119kszych zam\u00f3wieniach oferujemy naszym partnerom konkurencyjne ceny hurtowe. Dzi\u0119ki temu mo\u017cesz zaoszcz\u0119dzi\u0107 na kosztach zakupu, jednocze\u015bnie zapewniaj\u0105c swoim klientom produkty wysokiej jako\u015bci w atrakcyjnych cenach. Nasze hurtowe ceny s\u0105 dostosowane do potrzeb Twojego biznesu, a elastyczno\u015b\u0107 warunk\u00f3w wsp\u00f3\u0142pracy pozwala na indywidualne negocjacje.<\/p>\n\n\n\n<h4 class=\"wp-block-heading\">Szybki termin realizacji<\/h4>\n\n\n\n<p>Wiemy, jak wa\u017cny jest szybki i terminowy dost\u0119p do produkt\u00f3w, dlatego gwarantujemy kr\u00f3tki czas realizacji zam\u00f3wie\u0144 hurtowych. Dzi\u0119ki efektywnemu zarz\u0105dzaniu magazynem i sprawnej logistyce, jeste\u015bmy w stanie dostarczy\u0107 zam\u00f3wione produkty w najkr\u00f3tszym mo\u017cliwym czasie. Niezale\u017cnie od wielko\u015bci zam\u00f3wienia, mo\u017cesz liczy\u0107 na nasz\u0105 profesjonaln\u0105 obs\u0142ug\u0119 i terminowo\u015b\u0107.<\/p>\n\n\n\n<p>Join us and turn your mouse pads into real works of art! Write to us <a href=\"mailto:kontakt@yourpad.pl\">kontakt@yourpad.pl<\/a><\/p>\n","protected":false},"excerpt":{"rendered":"<p>It doesn&#8217;t matter if you are a graphic designer, illustrator, tattoo artist or an artist in any other field of art. If you have a vision and want your projects to be at the fingertips of thousands of people, we are here for you. Wsp\u00f3\u0142praca biznesowa W naszym sklepie internetowym z przyjemno\u015bci\u0105 nawi\u0105zujemy wsp\u00f3\u0142prac\u0119 biznesow\u0105, [&hellip;]<\/p>\n","protected":false},"author":1,"featured_media":0,"parent":0,"menu_order":0,"comment_status":"closed","ping_status":"closed","template":"","meta":{"inline_featured_image":false,"footnotes":""},"class_list":["post-9163","page","type-page","status-publish","hentry"],"acf":[],"yoast_head":"<!-- This site is optimized with the Yoast SEO plugin v27.0 - https:\/\/yoast.com\/product\/yoast-seo-wordpress\/ -->\n<title>Wsp\u00f3\u0142praca | YourPad | Sklep z podk\u0142adkami pod mysz on-line<\/title>\n<meta name=\"description\" content=\"Wsp\u00f3\u0142praca &gt; Do\u0142\u0105cz do nas i zmie\u0144 podk\u0142adki pod mysz w prawdziwe dzie\u0142a sztuki! Napisz do nas kontakt@yourpad.pl\" \/>\n<meta name=\"robots\" content=\"index, follow, max-snippet:-1, max-image-preview:large, max-video-preview:-1\" \/>\n<link rel=\"canonical\" href=\"https:\/\/yourpad.pl\/en\/cooperation\/\" \/>\n<meta property=\"og:locale\" content=\"en_US\" \/>\n<meta property=\"og:type\" content=\"article\" \/>\n<meta property=\"og:title\" content=\"Wsp\u00f3\u0142praca | YourPad | Sklep z podk\u0142adkami pod mysz on-line\" \/>\n<meta property=\"og:description\" content=\"Wsp\u00f3\u0142praca &gt; Do\u0142\u0105cz do nas i zmie\u0144 podk\u0142adki pod mysz w prawdziwe dzie\u0142a sztuki! Napisz do nas kontakt@yourpad.pl\" \/>\n<meta property=\"og:url\" content=\"https:\/\/yourpad.pl\/en\/cooperation\/\" \/>\n<meta property=\"og:site_name\" content=\"YourPad\" \/>\n<meta property=\"article:publisher\" content=\"https:\/\/www.facebook.com\/yourpadpl\" \/>\n<meta property=\"article:modified_time\" content=\"2025-02-18T12:37:38+00:00\" \/>\n<script type=\"application\/ld+json\" class=\"yoast-schema-graph\">{\"@context\":\"https:\/\/schema.org\",\"@graph\":[{\"@type\":\"WebPage\",\"@id\":\"https:\/\/yourpad.pl\/en\/cooperation\/\",\"url\":\"https:\/\/yourpad.pl\/en\/cooperation\/\",\"name\":\"Wsp\u00f3\u0142praca | YourPad | Sklep z podk\u0142adkami pod mysz on-line\",\"isPartOf\":{\"@id\":\"https:\/\/yourpad.pl\/en\/#website\"},\"datePublished\":\"2023-08-26T10:51:27+00:00\",\"dateModified\":\"2025-02-18T12:37:38+00:00\",\"description\":\"Wsp\u00f3\u0142praca > Do\u0142\u0105cz do nas i zmie\u0144 podk\u0142adki pod mysz w prawdziwe dzie\u0142a sztuki! Napisz do nas kontakt@yourpad.pl\",\"breadcrumb\":{\"@id\":\"https:\/\/yourpad.pl\/en\/cooperation\/#breadcrumb\"},\"inLanguage\":\"en-US\",\"potentialAction\":[{\"@type\":\"ReadAction\",\"target\":[\"https:\/\/yourpad.pl\/en\/cooperation\/\"]}]},{\"@type\":\"BreadcrumbList\",\"@id\":\"https:\/\/yourpad.pl\/en\/cooperation\/#breadcrumb\",\"itemListElement\":[{\"@type\":\"ListItem\",\"position\":1,\"name\":\"Strona g\u0142\u00f3wna\",\"item\":\"https:\/\/yourpad.pl\/en\/\"},{\"@type\":\"ListItem\",\"position\":2,\"name\":\"Cooperation\"}]},{\"@type\":\"WebSite\",\"@id\":\"https:\/\/yourpad.pl\/en\/#website\",\"url\":\"https:\/\/yourpad.pl\/en\/\",\"name\":\"YourPad\",\"description\":\"Zaprojektuj swoj\u0105 podk\u0142adk\u0119!\",\"publisher\":{\"@id\":\"https:\/\/yourpad.pl\/en\/#organization\"},\"potentialAction\":[{\"@type\":\"SearchAction\",\"target\":{\"@type\":\"EntryPoint\",\"urlTemplate\":\"https:\/\/yourpad.pl\/en\/?s={search_term_string}\"},\"query-input\":{\"@type\":\"PropertyValueSpecification\",\"valueRequired\":true,\"valueName\":\"search_term_string\"}}],\"inLanguage\":\"en-US\"},{\"@type\":\"Organization\",\"@id\":\"https:\/\/yourpad.pl\/en\/#organization\",\"name\":\"YourPad\",\"url\":\"https:\/\/yourpad.pl\/en\/\",\"logo\":{\"@type\":\"ImageObject\",\"inLanguage\":\"en-US\",\"@id\":\"https:\/\/yourpad.pl\/en\/#\/schema\/logo\/image\/\",\"url\":\"https:\/\/yourpad.pl\/wp-content\/uploads\/2023\/08\/logo.svg\",\"contentUrl\":\"https:\/\/yourpad.pl\/wp-content\/uploads\/2023\/08\/logo.svg\",\"width\":108,\"height\":57,\"caption\":\"YourPad\"},\"image\":{\"@id\":\"https:\/\/yourpad.pl\/en\/#\/schema\/logo\/image\/\"},\"sameAs\":[\"https:\/\/www.facebook.com\/yourpadpl\",\"https:\/\/www.tiktok.com\/@yourpad.pl\",\"https:\/\/www.instagram.com\/yourpad.pl\/\"]}]}<\/script>\n<!-- \/ Yoast SEO plugin. -->","yoast_head_json":{"title":"Wsp\u00f3\u0142praca | YourPad | Sklep z podk\u0142adkami pod mysz on-line","description":"Wsp\u00f3\u0142praca > Do\u0142\u0105cz do nas i zmie\u0144 podk\u0142adki pod mysz w prawdziwe dzie\u0142a sztuki! Napisz do nas kontakt@yourpad.pl","robots":{"index":"index","follow":"follow","max-snippet":"max-snippet:-1","max-image-preview":"max-image-preview:large","max-video-preview":"max-video-preview:-1"},"canonical":"https:\/\/yourpad.pl\/en\/cooperation\/","og_locale":"en_US","og_type":"article","og_title":"Wsp\u00f3\u0142praca | YourPad | Sklep z podk\u0142adkami pod mysz on-line","og_description":"Wsp\u00f3\u0142praca > Do\u0142\u0105cz do nas i zmie\u0144 podk\u0142adki pod mysz w prawdziwe dzie\u0142a sztuki! Napisz do nas kontakt@yourpad.pl","og_url":"https:\/\/yourpad.pl\/en\/cooperation\/","og_site_name":"YourPad","article_publisher":"https:\/\/www.facebook.com\/yourpadpl","article_modified_time":"2025-02-18T12:37:38+00:00","schema":{"@context":"https:\/\/schema.org","@graph":[{"@type":"WebPage","@id":"https:\/\/yourpad.pl\/en\/cooperation\/","url":"https:\/\/yourpad.pl\/en\/cooperation\/","name":"Wsp\u00f3\u0142praca | YourPad | Sklep z podk\u0142adkami pod mysz on-line","isPartOf":{"@id":"https:\/\/yourpad.pl\/en\/#website"},"datePublished":"2023-08-26T10:51:27+00:00","dateModified":"2025-02-18T12:37:38+00:00","description":"Wsp\u00f3\u0142praca > Do\u0142\u0105cz do nas i zmie\u0144 podk\u0142adki pod mysz w prawdziwe dzie\u0142a sztuki! Napisz do nas kontakt@yourpad.pl","breadcrumb":{"@id":"https:\/\/yourpad.pl\/en\/cooperation\/#breadcrumb"},"inLanguage":"en-US","potentialAction":[{"@type":"ReadAction","target":["https:\/\/yourpad.pl\/en\/cooperation\/"]}]},{"@type":"BreadcrumbList","@id":"https:\/\/yourpad.pl\/en\/cooperation\/#breadcrumb","itemListElement":[{"@type":"ListItem","position":1,"name":"Strona g\u0142\u00f3wna","item":"https:\/\/yourpad.pl\/en\/"},{"@type":"ListItem","position":2,"name":"Cooperation"}]},{"@type":"WebSite","@id":"https:\/\/yourpad.pl\/en\/#website","url":"https:\/\/yourpad.pl\/en\/","name":"YourPad","description":"Zaprojektuj swoj\u0105 podk\u0142adk\u0119!","publisher":{"@id":"https:\/\/yourpad.pl\/en\/#organization"},"potentialAction":[{"@type":"SearchAction","target":{"@type":"EntryPoint","urlTemplate":"https:\/\/yourpad.pl\/en\/?s={search_term_string}"},"query-input":{"@type":"PropertyValueSpecification","valueRequired":true,"valueName":"search_term_string"}}],"inLanguage":"en-US"},{"@type":"Organization","@id":"https:\/\/yourpad.pl\/en\/#organization","name":"YourPad","url":"https:\/\/yourpad.pl\/en\/","logo":{"@type":"ImageObject","inLanguage":"en-US","@id":"https:\/\/yourpad.pl\/en\/#\/schema\/logo\/image\/","url":"https:\/\/yourpad.pl\/wp-content\/uploads\/2023\/08\/logo.svg","contentUrl":"https:\/\/yourpad.pl\/wp-content\/uploads\/2023\/08\/logo.svg","width":108,"height":57,"caption":"YourPad"},"image":{"@id":"https:\/\/yourpad.pl\/en\/#\/schema\/logo\/image\/"},"sameAs":["https:\/\/www.facebook.com\/yourpadpl","https:\/\/www.tiktok.com\/@yourpad.pl","https:\/\/www.instagram.com\/yourpad.pl\/"]}]}},"_links":{"self":[{"href":"https:\/\/yourpad.pl\/en\/wp-json\/wp\/v2\/pages\/9163","targetHints":{"allow":["GET"]}}],"collection":[{"href":"https:\/\/yourpad.pl\/en\/wp-json\/wp\/v2\/pages"}],"about":[{"href":"https:\/\/yourpad.pl\/en\/wp-json\/wp\/v2\/types\/page"}],"author":[{"embeddable":true,"href":"https:\/\/yourpad.pl\/en\/wp-json\/wp\/v2\/users\/1"}],"replies":[{"embeddable":true,"href":"https:\/\/yourpad.pl\/en\/wp-json\/wp\/v2\/comments?post=9163"}],"version-history":[{"count":1,"href":"https:\/\/yourpad.pl\/en\/wp-json\/wp\/v2\/pages\/9163\/revisions"}],"predecessor-version":[{"id":9174,"href":"https:\/\/yourpad.pl\/en\/wp-json\/wp\/v2\/pages\/9163\/revisions\/9174"}],"wp:attachment":[{"href":"https:\/\/yourpad.pl\/en\/wp-json\/wp\/v2\/media?parent=9163"}],"curies":[{"name":"wp","href":"https:\/\/api.w.org\/{rel}","templated":true}]}}