{"id":9175,"date":"2023-08-14T13:39:27","date_gmt":"2023-08-14T11:39:27","guid":{"rendered":"https:\/\/yourpad.pl\/dlaczego-yourpad\/"},"modified":"2025-05-16T14:08:54","modified_gmt":"2025-05-16T12:08:54","slug":"why-yourpad","status":"publish","type":"page","link":"https:\/\/yourpad.pl\/en\/why-yourpad\/","title":{"rendered":"Why Yourpad?"},"content":{"rendered":"\n<p><\/p>\n\n\n\n<h2 class=\"wp-block-heading\">Unique computer accessories with your imprint.<br>Personalized mousepads that make an impression<\/h2>\n\n\n\n<p>You can quickly and easily create the perfect mousepad and feel the difference. Check out Yourpad&#8217;s range of mousepads. With four different sizes to choose from, the decision is yours. Not only does a gaming mousepad provide a smooth surface for your mouse to move on, it also adds a personal touch to your gaming station. You can choose from pre-made designs or upload your own to further personalize your space.<\/p>\n\n\n\n<h2 class=\"wp-block-heading\">We are not just another mass-market store.<\/h2>\n\n\n\n<p>Unlike ready-made products from markets, our personalized coasters are made to order. You can create your own design &#8211; a graphic, photo, slogan or theme &#8211; that will make your computerized setup unique. For companies, we also offer printing of logos and advertising graphics in high quality.<\/p>\n\n\n\n<h2 class=\"wp-block-heading\">Custom production &#8211; from one piece to thousands.<\/h2>\n\n\n\n<p>We do not impose minimum quantities &#8211; you can order one unique coaster with your own graphics, or fulfill a large corporate order with us. All products are made locally, in Poland, which guarantees fast turnaround time and constant quality control.<\/p>\n\n\n\n<h2 class=\"wp-block-heading\">Why do customers choose Yourpad?<\/h2>\n\n\n\n<p>4 sizes to choose from &#8211; from compact S (30\u00d725 cm) to XL (90\u00d740 cm)<\/p>\n\n\n\n<p>Crisp photo-quality printing &#8211; durable, abrasion-resistant<\/p>\n\n\n\n<p>Hemmed edges &#8211; increased product longevity<\/p>\n\n\n\n<p>Anti-slip bottom &#8211; comfort of use on any surface<\/p>\n\n\n\n<p>Individual approach &#8211; we will advise, check the file, help with the design<\/p>\n\n\n\n<h2 class=\"wp-block-heading\">These are ideal pads for the office, for gamers, and for use as promotional gadgets.<\/h2>\n\n\n\n<p>We create both custom printed gaming mousepads and advertising mousepads for companies. If you are looking for an effective form of promotion &#8211; a personalized mousepad with your brand logo is a practical, everyday gadget.<\/p>\n\n\n\n<h2 class=\"wp-block-heading\">Your ideas are printed by us.<\/h2>\n\n\n\n<p>We have made sure that the entire design and ordering process is simple. You can upload a ready-made graphic or contact us if you have any doubts. You can find details on how to prepare the design here.<\/p>\n\n\n\n<h2 class=\"wp-block-heading\">Ready to design your coaster?<\/h2>\n\n\n\n<p>Go to the configurator and create a product that reflects your style or brand. Yourpad &#8211; personalized mousepads that matter.<\/p>\n","protected":false},"excerpt":{"rendered":"<p>Unique computer accessories with your imprint.Personalized mousepads that make an impression You can quickly and easily create the perfect mousepad and feel the difference. Check out Yourpad&#8217;s range of mousepads. With four different sizes to choose from, the decision is yours. Not only does a gaming mousepad provide a smooth surface for your mouse to [&hellip;]<\/p>\n","protected":false},"author":1,"featured_media":8362,"parent":0,"menu_order":0,"comment_status":"closed","ping_status":"closed","template":"","meta":{"inline_featured_image":false,"footnotes":""},"class_list":["post-9175","page","type-page","status-publish","has-post-thumbnail","hentry"],"acf":[],"yoast_head":"<!-- This site is optimized with the Yoast SEO plugin v27.0 - https:\/\/yoast.com\/product\/yoast-seo-wordpress\/ -->\n<title>Dlaczego Yourpad? |Twoja podk\u0142adka pod mysz z nadrukiem<\/title>\n<meta name=\"description\" content=\"Dlaczego Yourpad? Dzi\u0119ki nam stworzysz podk\u0142adk\u0119 pod mysz z twoim nadrukiem &gt;&gt;Bezpieczne zakupy&gt;&gt; Szybka realizacja i wysy\u0142ka &gt;&gt;Sprawd\u017a!\" \/>\n<meta name=\"robots\" content=\"index, follow, max-snippet:-1, max-image-preview:large, max-video-preview:-1\" \/>\n<link rel=\"canonical\" href=\"https:\/\/yourpad.pl\/en\/why-yourpad\/\" \/>\n<meta property=\"og:locale\" content=\"en_US\" \/>\n<meta property=\"og:type\" content=\"article\" \/>\n<meta property=\"og:title\" content=\"Dlaczego Yourpad? |Twoja podk\u0142adka pod mysz z nadrukiem\" \/>\n<meta property=\"og:description\" content=\"Dlaczego Yourpad? Dzi\u0119ki nam stworzysz podk\u0142adk\u0119 pod mysz z twoim nadrukiem &gt;&gt;Bezpieczne zakupy&gt;&gt; Szybka realizacja i wysy\u0142ka &gt;&gt;Sprawd\u017a!\" \/>\n<meta property=\"og:url\" content=\"https:\/\/yourpad.pl\/en\/why-yourpad\/\" \/>\n<meta property=\"og:site_name\" content=\"YourPad\" \/>\n<meta property=\"article:publisher\" content=\"https:\/\/www.facebook.com\/yourpadpl\" \/>\n<meta property=\"article:modified_time\" content=\"2025-05-16T12:08:54+00:00\" \/>\n<meta property=\"og:image\" content=\"https:\/\/yourpad.pl\/wp-content\/uploads\/2024\/05\/personalizowana-podkladka-pod-mysz-xxl.png\" \/>\n\t<meta property=\"og:image:width\" content=\"1208\" \/>\n\t<meta property=\"og:image:height\" content=\"894\" \/>\n\t<meta property=\"og:image:type\" content=\"image\/png\" \/>\n<script type=\"application\/ld+json\" class=\"yoast-schema-graph\">{\"@context\":\"https:\/\/schema.org\",\"@graph\":[{\"@type\":\"WebPage\",\"@id\":\"https:\/\/yourpad.pl\/en\/why-yourpad\/\",\"url\":\"https:\/\/yourpad.pl\/en\/why-yourpad\/\",\"name\":\"Dlaczego Yourpad? |Twoja podk\u0142adka pod mysz z nadrukiem\",\"isPartOf\":{\"@id\":\"https:\/\/yourpad.pl\/en\/#website\"},\"primaryImageOfPage\":{\"@id\":\"https:\/\/yourpad.pl\/en\/why-yourpad\/#primaryimage\"},\"image\":{\"@id\":\"https:\/\/yourpad.pl\/en\/why-yourpad\/#primaryimage\"},\"thumbnailUrl\":\"https:\/\/yourpad.pl\/wp-content\/uploads\/2024\/05\/personalizowana-podkladka-pod-mysz-xxl.png\",\"datePublished\":\"2023-08-14T11:39:27+00:00\",\"dateModified\":\"2025-05-16T12:08:54+00:00\",\"description\":\"Dlaczego Yourpad? Dzi\u0119ki nam stworzysz podk\u0142adk\u0119 pod mysz z twoim nadrukiem >>Bezpieczne zakupy>> Szybka realizacja i wysy\u0142ka >>Sprawd\u017a!\",\"breadcrumb\":{\"@id\":\"https:\/\/yourpad.pl\/en\/why-yourpad\/#breadcrumb\"},\"inLanguage\":\"en-US\",\"potentialAction\":[{\"@type\":\"ReadAction\",\"target\":[\"https:\/\/yourpad.pl\/en\/why-yourpad\/\"]}]},{\"@type\":\"ImageObject\",\"inLanguage\":\"en-US\",\"@id\":\"https:\/\/yourpad.pl\/en\/why-yourpad\/#primaryimage\",\"url\":\"https:\/\/yourpad.pl\/wp-content\/uploads\/2024\/05\/personalizowana-podkladka-pod-mysz-xxl.png\",\"contentUrl\":\"https:\/\/yourpad.pl\/wp-content\/uploads\/2024\/05\/personalizowana-podkladka-pod-mysz-xxl.png\",\"width\":1208,\"height\":894,\"caption\":\"Dlaczego YourpadPersonalizowana podk\u0142adka pod mysz XXL\"},{\"@type\":\"BreadcrumbList\",\"@id\":\"https:\/\/yourpad.pl\/en\/why-yourpad\/#breadcrumb\",\"itemListElement\":[{\"@type\":\"ListItem\",\"position\":1,\"name\":\"Strona g\u0142\u00f3wna\",\"item\":\"https:\/\/yourpad.pl\/en\/\"},{\"@type\":\"ListItem\",\"position\":2,\"name\":\"Why Yourpad?\"}]},{\"@type\":\"WebSite\",\"@id\":\"https:\/\/yourpad.pl\/en\/#website\",\"url\":\"https:\/\/yourpad.pl\/en\/\",\"name\":\"YourPad\",\"description\":\"Zaprojektuj swoj\u0105 podk\u0142adk\u0119!\",\"publisher\":{\"@id\":\"https:\/\/yourpad.pl\/en\/#organization\"},\"potentialAction\":[{\"@type\":\"SearchAction\",\"target\":{\"@type\":\"EntryPoint\",\"urlTemplate\":\"https:\/\/yourpad.pl\/en\/?s={search_term_string}\"},\"query-input\":{\"@type\":\"PropertyValueSpecification\",\"valueRequired\":true,\"valueName\":\"search_term_string\"}}],\"inLanguage\":\"en-US\"},{\"@type\":\"Organization\",\"@id\":\"https:\/\/yourpad.pl\/en\/#organization\",\"name\":\"YourPad\",\"url\":\"https:\/\/yourpad.pl\/en\/\",\"logo\":{\"@type\":\"ImageObject\",\"inLanguage\":\"en-US\",\"@id\":\"https:\/\/yourpad.pl\/en\/#\/schema\/logo\/image\/\",\"url\":\"https:\/\/yourpad.pl\/wp-content\/uploads\/2023\/08\/logo.svg\",\"contentUrl\":\"https:\/\/yourpad.pl\/wp-content\/uploads\/2023\/08\/logo.svg\",\"width\":108,\"height\":57,\"caption\":\"YourPad\"},\"image\":{\"@id\":\"https:\/\/yourpad.pl\/en\/#\/schema\/logo\/image\/\"},\"sameAs\":[\"https:\/\/www.facebook.com\/yourpadpl\",\"https:\/\/www.tiktok.com\/@yourpad.pl\",\"https:\/\/www.instagram.com\/yourpad.pl\/\"]}]}<\/script>\n<!-- \/ Yoast SEO plugin. -->","yoast_head_json":{"title":"Dlaczego Yourpad? |Twoja podk\u0142adka pod mysz z nadrukiem","description":"Dlaczego Yourpad? Dzi\u0119ki nam stworzysz podk\u0142adk\u0119 pod mysz z twoim nadrukiem >>Bezpieczne zakupy>> Szybka realizacja i wysy\u0142ka >>Sprawd\u017a!","robots":{"index":"index","follow":"follow","max-snippet":"max-snippet:-1","max-image-preview":"max-image-preview:large","max-video-preview":"max-video-preview:-1"},"canonical":"https:\/\/yourpad.pl\/en\/why-yourpad\/","og_locale":"en_US","og_type":"article","og_title":"Dlaczego Yourpad? |Twoja podk\u0142adka pod mysz z nadrukiem","og_description":"Dlaczego Yourpad? Dzi\u0119ki nam stworzysz podk\u0142adk\u0119 pod mysz z twoim nadrukiem >>Bezpieczne zakupy>> Szybka realizacja i wysy\u0142ka >>Sprawd\u017a!","og_url":"https:\/\/yourpad.pl\/en\/why-yourpad\/","og_site_name":"YourPad","article_publisher":"https:\/\/www.facebook.com\/yourpadpl","article_modified_time":"2025-05-16T12:08:54+00:00","og_image":[{"width":1208,"height":894,"url":"https:\/\/yourpad.pl\/wp-content\/uploads\/2024\/05\/personalizowana-podkladka-pod-mysz-xxl.png","type":"image\/png"}],"schema":{"@context":"https:\/\/schema.org","@graph":[{"@type":"WebPage","@id":"https:\/\/yourpad.pl\/en\/why-yourpad\/","url":"https:\/\/yourpad.pl\/en\/why-yourpad\/","name":"Dlaczego Yourpad? |Twoja podk\u0142adka pod mysz z nadrukiem","isPartOf":{"@id":"https:\/\/yourpad.pl\/en\/#website"},"primaryImageOfPage":{"@id":"https:\/\/yourpad.pl\/en\/why-yourpad\/#primaryimage"},"image":{"@id":"https:\/\/yourpad.pl\/en\/why-yourpad\/#primaryimage"},"thumbnailUrl":"https:\/\/yourpad.pl\/wp-content\/uploads\/2024\/05\/personalizowana-podkladka-pod-mysz-xxl.png","datePublished":"2023-08-14T11:39:27+00:00","dateModified":"2025-05-16T12:08:54+00:00","description":"Dlaczego Yourpad? Dzi\u0119ki nam stworzysz podk\u0142adk\u0119 pod mysz z twoim nadrukiem >>Bezpieczne zakupy>> Szybka realizacja i wysy\u0142ka >>Sprawd\u017a!","breadcrumb":{"@id":"https:\/\/yourpad.pl\/en\/why-yourpad\/#breadcrumb"},"inLanguage":"en-US","potentialAction":[{"@type":"ReadAction","target":["https:\/\/yourpad.pl\/en\/why-yourpad\/"]}]},{"@type":"ImageObject","inLanguage":"en-US","@id":"https:\/\/yourpad.pl\/en\/why-yourpad\/#primaryimage","url":"https:\/\/yourpad.pl\/wp-content\/uploads\/2024\/05\/personalizowana-podkladka-pod-mysz-xxl.png","contentUrl":"https:\/\/yourpad.pl\/wp-content\/uploads\/2024\/05\/personalizowana-podkladka-pod-mysz-xxl.png","width":1208,"height":894,"caption":"Dlaczego YourpadPersonalizowana podk\u0142adka pod mysz XXL"},{"@type":"BreadcrumbList","@id":"https:\/\/yourpad.pl\/en\/why-yourpad\/#breadcrumb","itemListElement":[{"@type":"ListItem","position":1,"name":"Strona g\u0142\u00f3wna","item":"https:\/\/yourpad.pl\/en\/"},{"@type":"ListItem","position":2,"name":"Why Yourpad?"}]},{"@type":"WebSite","@id":"https:\/\/yourpad.pl\/en\/#website","url":"https:\/\/yourpad.pl\/en\/","name":"YourPad","description":"Zaprojektuj swoj\u0105 podk\u0142adk\u0119!","publisher":{"@id":"https:\/\/yourpad.pl\/en\/#organization"},"potentialAction":[{"@type":"SearchAction","target":{"@type":"EntryPoint","urlTemplate":"https:\/\/yourpad.pl\/en\/?s={search_term_string}"},"query-input":{"@type":"PropertyValueSpecification","valueRequired":true,"valueName":"search_term_string"}}],"inLanguage":"en-US"},{"@type":"Organization","@id":"https:\/\/yourpad.pl\/en\/#organization","name":"YourPad","url":"https:\/\/yourpad.pl\/en\/","logo":{"@type":"ImageObject","inLanguage":"en-US","@id":"https:\/\/yourpad.pl\/en\/#\/schema\/logo\/image\/","url":"https:\/\/yourpad.pl\/wp-content\/uploads\/2023\/08\/logo.svg","contentUrl":"https:\/\/yourpad.pl\/wp-content\/uploads\/2023\/08\/logo.svg","width":108,"height":57,"caption":"YourPad"},"image":{"@id":"https:\/\/yourpad.pl\/en\/#\/schema\/logo\/image\/"},"sameAs":["https:\/\/www.facebook.com\/yourpadpl","https:\/\/www.tiktok.com\/@yourpad.pl","https:\/\/www.instagram.com\/yourpad.pl\/"]}]}},"_links":{"self":[{"href":"https:\/\/yourpad.pl\/en\/wp-json\/wp\/v2\/pages\/9175","targetHints":{"allow":["GET"]}}],"collection":[{"href":"https:\/\/yourpad.pl\/en\/wp-json\/wp\/v2\/pages"}],"about":[{"href":"https:\/\/yourpad.pl\/en\/wp-json\/wp\/v2\/types\/page"}],"author":[{"embeddable":true,"href":"https:\/\/yourpad.pl\/en\/wp-json\/wp\/v2\/users\/1"}],"replies":[{"embeddable":true,"href":"https:\/\/yourpad.pl\/en\/wp-json\/wp\/v2\/comments?post=9175"}],"version-history":[{"count":2,"href":"https:\/\/yourpad.pl\/en\/wp-json\/wp\/v2\/pages\/9175\/revisions"}],"predecessor-version":[{"id":10095,"href":"https:\/\/yourpad.pl\/en\/wp-json\/wp\/v2\/pages\/9175\/revisions\/10095"}],"wp:featuredmedia":[{"embeddable":true,"href":"https:\/\/yourpad.pl\/en\/wp-json\/wp\/v2\/media\/8362"}],"wp:attachment":[{"href":"https:\/\/yourpad.pl\/en\/wp-json\/wp\/v2\/media?parent=9175"}],"curies":[{"name":"wp","href":"https:\/\/api.w.org\/{rel}","templated":true}]}}