{"id":10025,"date":"2024-11-22T14:32:44","date_gmt":"2024-11-22T13:32:44","guid":{"rendered":"https:\/\/yourpad.pl\/podkladka-pod-mysz-droga-pixelowa\/"},"modified":"2025-05-08T14:31:36","modified_gmt":"2025-05-08T12:31:36","slug":"pixel-road-mousepad","status":"publish","type":"product","link":"https:\/\/yourpad.pl\/en\/pixel-road-mousepad\/","title":{"rendered":"Pixel Road Mousepad"},"content":{"rendered":"","protected":false},"excerpt":{"rendered":"<p>A printed mouse mat is the perfect solution that you can fully personalize.<\/p>\n","protected":false},"featured_media":8573,"comment_status":"closed","ping_status":"closed","template":"","meta":{"inline_featured_image":false},"product_brand":[],"product_cat":[126],"product_tag":[161],"class_list":{"0":"post-10025","1":"product","2":"type-product","3":"status-publish","4":"has-post-thumbnail","6":"product_cat-podkladki-pod-mysz-pixel-art-en","7":"product_tag-podkladka-pod-mysz-droga-pixelowa-en","9":"first","10":"instock","11":"sale","12":"shipping-taxable","13":"purchasable","14":"product-type-variable","15":"has-default-attributes"},"acf":[],"yoast_head":"<!-- This site is optimized with the Yoast SEO plugin v27.0 - https:\/\/yoast.com\/product\/yoast-seo-wordpress\/ -->\n<title>Pixel Road Mousepad - YourPad<\/title>\n<meta name=\"description\" content=\"Pixel Road Mousepad\" \/>\n<meta name=\"robots\" content=\"index, follow, max-snippet:-1, max-image-preview:large, max-video-preview:-1\" \/>\n<link rel=\"canonical\" href=\"https:\/\/yourpad.pl\/en\/pixel-road-mousepad\/\" \/>\n<meta property=\"og:locale\" content=\"en_US\" \/>\n<meta property=\"og:type\" content=\"article\" \/>\n<meta property=\"og:title\" content=\"Pixel Road Mousepad - YourPad\" \/>\n<meta property=\"og:description\" content=\"Pixel Road Mousepad\" \/>\n<meta property=\"og:url\" content=\"https:\/\/yourpad.pl\/en\/pixel-road-mousepad\/\" \/>\n<meta property=\"og:site_name\" content=\"YourPad\" \/>\n<meta property=\"article:publisher\" content=\"https:\/\/www.facebook.com\/yourpadpl\" \/>\n<meta property=\"article:modified_time\" content=\"2025-05-08T12:31:36+00:00\" \/>\n<meta property=\"og:image\" content=\"https:\/\/yourpad.pl\/wp-content\/uploads\/2024\/11\/podkladka-pod-mysz-droga-pixelowa-m.jpg\" \/>\n\t<meta property=\"og:image:width\" content=\"1358\" \/>\n\t<meta property=\"og:image:height\" content=\"1181\" \/>\n\t<meta property=\"og:image:type\" content=\"image\/jpeg\" \/>\n<script type=\"application\/ld+json\" class=\"yoast-schema-graph\">{\"@context\":\"https:\/\/schema.org\",\"@graph\":[{\"@type\":\"WebPage\",\"@id\":\"https:\/\/yourpad.pl\/en\/pixel-road-mousepad\/\",\"url\":\"https:\/\/yourpad.pl\/en\/pixel-road-mousepad\/\",\"name\":\"Pixel Road Mousepad - YourPad\",\"isPartOf\":{\"@id\":\"https:\/\/yourpad.pl\/en\/#website\"},\"primaryImageOfPage\":{\"@id\":\"https:\/\/yourpad.pl\/en\/pixel-road-mousepad\/#primaryimage\"},\"image\":{\"@id\":\"https:\/\/yourpad.pl\/en\/pixel-road-mousepad\/#primaryimage\"},\"thumbnailUrl\":\"https:\/\/yourpad.pl\/wp-content\/uploads\/2024\/11\/podkladka-pod-mysz-droga-pixelowa-m.jpg\",\"datePublished\":\"2024-11-22T13:32:44+00:00\",\"dateModified\":\"2025-05-08T12:31:36+00:00\",\"description\":\"Pixel Road Mousepad\",\"breadcrumb\":{\"@id\":\"https:\/\/yourpad.pl\/en\/pixel-road-mousepad\/#breadcrumb\"},\"inLanguage\":\"en-US\",\"potentialAction\":[{\"@type\":\"ReadAction\",\"target\":[\"https:\/\/yourpad.pl\/en\/pixel-road-mousepad\/\"]}]},{\"@type\":\"ImageObject\",\"inLanguage\":\"en-US\",\"@id\":\"https:\/\/yourpad.pl\/en\/pixel-road-mousepad\/#primaryimage\",\"url\":\"https:\/\/yourpad.pl\/wp-content\/uploads\/2024\/11\/podkladka-pod-mysz-droga-pixelowa-m.jpg\",\"contentUrl\":\"https:\/\/yourpad.pl\/wp-content\/uploads\/2024\/11\/podkladka-pod-mysz-droga-pixelowa-m.jpg\",\"width\":1358,\"height\":1181,\"caption\":\"podk\u0142adka pod mysz droga pixelowa M\"},{\"@type\":\"BreadcrumbList\",\"@id\":\"https:\/\/yourpad.pl\/en\/pixel-road-mousepad\/#breadcrumb\",\"itemListElement\":[{\"@type\":\"ListItem\",\"position\":1,\"name\":\"Strona g\u0142\u00f3wna\",\"item\":\"https:\/\/yourpad.pl\/en\/\"},{\"@type\":\"ListItem\",\"position\":2,\"name\":\"Sklep\",\"item\":\"https:\/\/yourpad.pl\/sklep\/\"},{\"@type\":\"ListItem\",\"position\":3,\"name\":\"Pixel Road Mousepad\"}]},{\"@type\":\"WebSite\",\"@id\":\"https:\/\/yourpad.pl\/en\/#website\",\"url\":\"https:\/\/yourpad.pl\/en\/\",\"name\":\"YourPad\",\"description\":\"Zaprojektuj swoj\u0105 podk\u0142adk\u0119!\",\"publisher\":{\"@id\":\"https:\/\/yourpad.pl\/en\/#organization\"},\"potentialAction\":[{\"@type\":\"SearchAction\",\"target\":{\"@type\":\"EntryPoint\",\"urlTemplate\":\"https:\/\/yourpad.pl\/en\/?s={search_term_string}\"},\"query-input\":{\"@type\":\"PropertyValueSpecification\",\"valueRequired\":true,\"valueName\":\"search_term_string\"}}],\"inLanguage\":\"en-US\"},{\"@type\":\"Organization\",\"@id\":\"https:\/\/yourpad.pl\/en\/#organization\",\"name\":\"YourPad\",\"url\":\"https:\/\/yourpad.pl\/en\/\",\"logo\":{\"@type\":\"ImageObject\",\"inLanguage\":\"en-US\",\"@id\":\"https:\/\/yourpad.pl\/en\/#\/schema\/logo\/image\/\",\"url\":\"https:\/\/yourpad.pl\/wp-content\/uploads\/2023\/08\/logo.svg\",\"contentUrl\":\"https:\/\/yourpad.pl\/wp-content\/uploads\/2023\/08\/logo.svg\",\"width\":108,\"height\":57,\"caption\":\"YourPad\"},\"image\":{\"@id\":\"https:\/\/yourpad.pl\/en\/#\/schema\/logo\/image\/\"},\"sameAs\":[\"https:\/\/www.facebook.com\/yourpadpl\",\"https:\/\/www.tiktok.com\/@yourpad.pl\",\"https:\/\/www.instagram.com\/yourpad.pl\/\"]}]}<\/script>\n<!-- \/ Yoast SEO plugin. -->","yoast_head_json":{"title":"Pixel Road Mousepad - YourPad","description":"Pixel Road Mousepad","robots":{"index":"index","follow":"follow","max-snippet":"max-snippet:-1","max-image-preview":"max-image-preview:large","max-video-preview":"max-video-preview:-1"},"canonical":"https:\/\/yourpad.pl\/en\/pixel-road-mousepad\/","og_locale":"en_US","og_type":"article","og_title":"Pixel Road Mousepad - YourPad","og_description":"Pixel Road Mousepad","og_url":"https:\/\/yourpad.pl\/en\/pixel-road-mousepad\/","og_site_name":"YourPad","article_publisher":"https:\/\/www.facebook.com\/yourpadpl","article_modified_time":"2025-05-08T12:31:36+00:00","og_image":[{"width":1358,"height":1181,"url":"https:\/\/yourpad.pl\/wp-content\/uploads\/2024\/11\/podkladka-pod-mysz-droga-pixelowa-m.jpg","type":"image\/jpeg"}],"schema":{"@context":"https:\/\/schema.org","@graph":[{"@type":"WebPage","@id":"https:\/\/yourpad.pl\/en\/pixel-road-mousepad\/","url":"https:\/\/yourpad.pl\/en\/pixel-road-mousepad\/","name":"Pixel Road Mousepad - YourPad","isPartOf":{"@id":"https:\/\/yourpad.pl\/en\/#website"},"primaryImageOfPage":{"@id":"https:\/\/yourpad.pl\/en\/pixel-road-mousepad\/#primaryimage"},"image":{"@id":"https:\/\/yourpad.pl\/en\/pixel-road-mousepad\/#primaryimage"},"thumbnailUrl":"https:\/\/yourpad.pl\/wp-content\/uploads\/2024\/11\/podkladka-pod-mysz-droga-pixelowa-m.jpg","datePublished":"2024-11-22T13:32:44+00:00","dateModified":"2025-05-08T12:31:36+00:00","description":"Pixel Road Mousepad","breadcrumb":{"@id":"https:\/\/yourpad.pl\/en\/pixel-road-mousepad\/#breadcrumb"},"inLanguage":"en-US","potentialAction":[{"@type":"ReadAction","target":["https:\/\/yourpad.pl\/en\/pixel-road-mousepad\/"]}]},{"@type":"ImageObject","inLanguage":"en-US","@id":"https:\/\/yourpad.pl\/en\/pixel-road-mousepad\/#primaryimage","url":"https:\/\/yourpad.pl\/wp-content\/uploads\/2024\/11\/podkladka-pod-mysz-droga-pixelowa-m.jpg","contentUrl":"https:\/\/yourpad.pl\/wp-content\/uploads\/2024\/11\/podkladka-pod-mysz-droga-pixelowa-m.jpg","width":1358,"height":1181,"caption":"podk\u0142adka pod mysz droga pixelowa M"},{"@type":"BreadcrumbList","@id":"https:\/\/yourpad.pl\/en\/pixel-road-mousepad\/#breadcrumb","itemListElement":[{"@type":"ListItem","position":1,"name":"Strona g\u0142\u00f3wna","item":"https:\/\/yourpad.pl\/en\/"},{"@type":"ListItem","position":2,"name":"Sklep","item":"https:\/\/yourpad.pl\/sklep\/"},{"@type":"ListItem","position":3,"name":"Pixel Road Mousepad"}]},{"@type":"WebSite","@id":"https:\/\/yourpad.pl\/en\/#website","url":"https:\/\/yourpad.pl\/en\/","name":"YourPad","description":"Zaprojektuj swoj\u0105 podk\u0142adk\u0119!","publisher":{"@id":"https:\/\/yourpad.pl\/en\/#organization"},"potentialAction":[{"@type":"SearchAction","target":{"@type":"EntryPoint","urlTemplate":"https:\/\/yourpad.pl\/en\/?s={search_term_string}"},"query-input":{"@type":"PropertyValueSpecification","valueRequired":true,"valueName":"search_term_string"}}],"inLanguage":"en-US"},{"@type":"Organization","@id":"https:\/\/yourpad.pl\/en\/#organization","name":"YourPad","url":"https:\/\/yourpad.pl\/en\/","logo":{"@type":"ImageObject","inLanguage":"en-US","@id":"https:\/\/yourpad.pl\/en\/#\/schema\/logo\/image\/","url":"https:\/\/yourpad.pl\/wp-content\/uploads\/2023\/08\/logo.svg","contentUrl":"https:\/\/yourpad.pl\/wp-content\/uploads\/2023\/08\/logo.svg","width":108,"height":57,"caption":"YourPad"},"image":{"@id":"https:\/\/yourpad.pl\/en\/#\/schema\/logo\/image\/"},"sameAs":["https:\/\/www.facebook.com\/yourpadpl","https:\/\/www.tiktok.com\/@yourpad.pl","https:\/\/www.instagram.com\/yourpad.pl\/"]}]}},"_links":{"self":[{"href":"https:\/\/yourpad.pl\/en\/wp-json\/wp\/v2\/product\/10025","targetHints":{"allow":["GET"]}}],"collection":[{"href":"https:\/\/yourpad.pl\/en\/wp-json\/wp\/v2\/product"}],"about":[{"href":"https:\/\/yourpad.pl\/en\/wp-json\/wp\/v2\/types\/product"}],"replies":[{"embeddable":true,"href":"https:\/\/yourpad.pl\/en\/wp-json\/wp\/v2\/comments?post=10025"}],"wp:featuredmedia":[{"embeddable":true,"href":"https:\/\/yourpad.pl\/en\/wp-json\/wp\/v2\/media\/8573"}],"wp:attachment":[{"href":"https:\/\/yourpad.pl\/en\/wp-json\/wp\/v2\/media?parent=10025"}],"wp:term":[{"taxonomy":"product_brand","embeddable":true,"href":"https:\/\/yourpad.pl\/en\/wp-json\/wp\/v2\/product_brand?post=10025"},{"taxonomy":"product_cat","embeddable":true,"href":"https:\/\/yourpad.pl\/en\/wp-json\/wp\/v2\/product_cat?post=10025"},{"taxonomy":"product_tag","embeddable":true,"href":"https:\/\/yourpad.pl\/en\/wp-json\/wp\/v2\/product_tag?post=10025"}],"curies":[{"name":"wp","href":"https:\/\/api.w.org\/{rel}","templated":true}]}}