{"id":10180,"date":"2024-11-19T15:37:34","date_gmt":"2024-11-19T14:37:34","guid":{"rendered":"https:\/\/yourpad.pl\/podkladka-pod-myszke-chinski-smok\/"},"modified":"2025-07-23T15:52:42","modified_gmt":"2025-07-23T13:52:42","slug":"podkladka-pod-myszke-chinski-smok","status":"publish","type":"product","link":"https:\/\/yourpad.pl\/en\/podkladka-pod-myszke-chinski-smok\/","title":{"rendered":"Chinese dragon mousepad"},"content":{"rendered":"<div class=\"flex-shrink-0 flex flex-col relative items-end\">\n<div>\n<div class=\"pt-0\">\n<div class=\"gizmo-bot-avatar flex h-8 w-8 items-center justify-center overflow-hidden rounded-full\">\n<h2 class=\"relative p-1 rounded-sm flex items-center justify-center bg-token-main-surface-primary text-token-text-primary h-8 w-8\">\u00a0<\/h2>\n<\/div>\n<\/div>\n<\/div>\n<\/div>\n<div class=\"group\/conversation-turn relative flex w-full min-w-0 flex-col agent-turn\">\n<div class=\"flex-col gap-1 md:gap-3\">\n<div class=\"flex max-w-full flex-col flex-grow\">\n<div class=\"min-h-[20px] text-message flex w-full flex-col items-end gap-2 whitespace-pre-wrap break-words [.text-message+&amp;]:mt-5 overflow-x-auto\" dir=\"auto\" data-message-author-role=\"assistant\" data-message-id=\"c457efe1-1810-4932-8a59-05f7450bfb02\">\n<div class=\"flex w-full flex-col gap-1 empty:hidden first:pt-[3px]\">\n<div class=\"markdown prose w-full break-words dark:prose-invert light\">\n<p><strong>Chinese dragon mousepad &#8211; personalization, precision and style<\/strong><\/p>\n<p>Looking for a unique mousepad with a dragon motif? Discover our proposal inspired by the culture of the Far East &#8211; it is not only an aesthetic accessory, but also a functional accessory for everyday use. Oriental mousepad is the perfect combination of precision and style, which will work both in the office and in the home gaming room.<\/p>\n<p><strong>Why choose our fantasy mousepads?<\/strong><\/p>\n<ul>\n<li>Available in 4 sizes &#8211; from compact to XL (S, M, L, XL)<\/li>\n<li>Non-slip bottom &#8211; stability even during dynamic gameplay<\/li>\n<li>Smooth, durable surface &#8211; ideal for optical and laser mice<\/li>\n<li>Full-color sublimation printing &#8211; intense colors, durability for years to come<\/li>\n<li>Personalization option &#8211; create your own custom mousepad<\/li>\n<\/ul>\n<p><strong>Gaming mousepad with a dragon &#8211; ideal for gamers<\/strong><\/p>\n<p>Wondering which mousepad to choose for gaming? Our gaming dragon mousepads provide the right surface for smooth and precise movements. A large printed mousepad is a great solution for those who value space and comfort.<\/p>\n<p>Printed mousemat &#8211; personalization at your fingertips<\/p>\n<p>A mat with your own photo or a mousepad with your company logo? With us it&#8217;s possible! Your computer deserves accessories that reflect your personality or reinforce your brand identity.<\/p>\n<p>How to make your own mousepad? Choose a design, add a graphic or text and order online.<\/p>\n<p><strong>Cheap custom pad &#8211; quality at a reasonable price<\/strong><\/p>\n<p>You don&#8217;t have to overpay to enjoy quality. We offer personalized fantasy mousepads at attractive prices.<\/p>\n<p>Where to buy a good mousepad? Of course, at yourpad.co.uk &#8211; fast, convenient and with guaranteed quality.<\/p>\n<hr data-start=\"2111\" data-end=\"2114\" \/>\n<p>Our decorative computer pads are the perfect solution for anyone who appreciates individual style, comfort and quality. With the option of personalization, each pad becomes unique &#8211; just like you.<\/p>\n<p>Order today and transform your workstation into an inspiring place!<\/p>\n<\/div>\n<\/div>\n<\/div>\n<\/div>\n<\/div>\n<\/div>\n","protected":false},"excerpt":{"rendered":"<p>A printed mousepad is an excellent solution that you can fully personalize.<\/p>\n","protected":false},"featured_media":8896,"comment_status":"closed","ping_status":"closed","template":"","meta":{"inline_featured_image":false},"product_brand":[],"product_cat":[151,125,96],"product_tag":[],"class_list":{"0":"post-10180","1":"product","2":"type-product","3":"status-publish","4":"has-post-thumbnail","6":"product_cat-mousepads-asia-en","7":"product_cat-podkladki-pod-mysz-fantasy-en","8":"product_cat-mouse-pads","10":"first","11":"instock","12":"sale","13":"shipping-taxable","14":"purchasable","15":"product-type-variable","16":"has-default-attributes"},"acf":[],"yoast_head":"<!-- This site is optimized with the Yoast SEO plugin v27.0 - https:\/\/yoast.com\/product\/yoast-seo-wordpress\/ -->\n<title>Chinese dragon mousepad - personalized | yourpad.pl<\/title>\n<meta name=\"description\" content=\"Chinese dragon mouse pad with personalization option. Style, precision and 4 sizes. Buy now at yourpad.pl\" \/>\n<meta name=\"robots\" content=\"index, follow, max-snippet:-1, max-image-preview:large, max-video-preview:-1\" \/>\n<link rel=\"canonical\" href=\"https:\/\/yourpad.pl\/en\/podkladka-pod-myszke-chinski-smok\/\" \/>\n<meta property=\"og:locale\" content=\"en_US\" \/>\n<meta property=\"og:type\" content=\"article\" \/>\n<meta property=\"og:title\" content=\"Chinese dragon mousepad - personalized | yourpad.pl\" \/>\n<meta property=\"og:description\" content=\"Chinese dragon mouse pad with personalization option. Style, precision and 4 sizes. Buy now at yourpad.pl\" \/>\n<meta property=\"og:url\" content=\"https:\/\/yourpad.pl\/en\/podkladka-pod-myszke-chinski-smok\/\" \/>\n<meta property=\"og:site_name\" content=\"YourPad\" \/>\n<meta property=\"article:publisher\" content=\"https:\/\/www.facebook.com\/yourpadpl\" \/>\n<meta property=\"article:modified_time\" content=\"2025-07-23T13:52:42+00:00\" \/>\n<meta property=\"og:image\" content=\"https:\/\/yourpad.pl\/wp-content\/uploads\/2024\/11\/podkladka-pod-mysz-dragon-red-m.jpg\" \/>\n\t<meta property=\"og:image:width\" content=\"1358\" \/>\n\t<meta property=\"og:image:height\" content=\"1181\" \/>\n\t<meta property=\"og:image:type\" content=\"image\/jpeg\" \/>\n<script type=\"application\/ld+json\" class=\"yoast-schema-graph\">{\"@context\":\"https:\/\/schema.org\",\"@graph\":[{\"@type\":\"WebPage\",\"@id\":\"https:\/\/yourpad.pl\/en\/podkladka-pod-myszke-chinski-smok\/\",\"url\":\"https:\/\/yourpad.pl\/en\/podkladka-pod-myszke-chinski-smok\/\",\"name\":\"Chinese dragon mousepad - personalized | yourpad.pl\",\"isPartOf\":{\"@id\":\"https:\/\/yourpad.pl\/en\/#website\"},\"primaryImageOfPage\":{\"@id\":\"https:\/\/yourpad.pl\/en\/podkladka-pod-myszke-chinski-smok\/#primaryimage\"},\"image\":{\"@id\":\"https:\/\/yourpad.pl\/en\/podkladka-pod-myszke-chinski-smok\/#primaryimage\"},\"thumbnailUrl\":\"https:\/\/yourpad.pl\/wp-content\/uploads\/2024\/11\/podkladka-pod-mysz-dragon-red-m.jpg\",\"datePublished\":\"2024-11-19T14:37:34+00:00\",\"dateModified\":\"2025-07-23T13:52:42+00:00\",\"description\":\"Chinese dragon mouse pad with personalization option. Style, precision and 4 sizes. Buy now at yourpad.pl\",\"breadcrumb\":{\"@id\":\"https:\/\/yourpad.pl\/en\/podkladka-pod-myszke-chinski-smok\/#breadcrumb\"},\"inLanguage\":\"en-US\",\"potentialAction\":[{\"@type\":\"ReadAction\",\"target\":[\"https:\/\/yourpad.pl\/en\/podkladka-pod-myszke-chinski-smok\/\"]}]},{\"@type\":\"ImageObject\",\"inLanguage\":\"en-US\",\"@id\":\"https:\/\/yourpad.pl\/en\/podkladka-pod-myszke-chinski-smok\/#primaryimage\",\"url\":\"https:\/\/yourpad.pl\/wp-content\/uploads\/2024\/11\/podkladka-pod-mysz-dragon-red-m.jpg\",\"contentUrl\":\"https:\/\/yourpad.pl\/wp-content\/uploads\/2024\/11\/podkladka-pod-mysz-dragon-red-m.jpg\",\"width\":1358,\"height\":1181,\"caption\":\"Podk\u0142adka pod mysz dragon red M\"},{\"@type\":\"BreadcrumbList\",\"@id\":\"https:\/\/yourpad.pl\/en\/podkladka-pod-myszke-chinski-smok\/#breadcrumb\",\"itemListElement\":[{\"@type\":\"ListItem\",\"position\":1,\"name\":\"Strona g\u0142\u00f3wna\",\"item\":\"https:\/\/yourpad.pl\/en\/\"},{\"@type\":\"ListItem\",\"position\":2,\"name\":\"Sklep\",\"item\":\"https:\/\/yourpad.pl\/sklep\/\"},{\"@type\":\"ListItem\",\"position\":3,\"name\":\"Chinese dragon mousepad\"}]},{\"@type\":\"WebSite\",\"@id\":\"https:\/\/yourpad.pl\/en\/#website\",\"url\":\"https:\/\/yourpad.pl\/en\/\",\"name\":\"YourPad\",\"description\":\"Zaprojektuj swoj\u0105 podk\u0142adk\u0119!\",\"publisher\":{\"@id\":\"https:\/\/yourpad.pl\/en\/#organization\"},\"potentialAction\":[{\"@type\":\"SearchAction\",\"target\":{\"@type\":\"EntryPoint\",\"urlTemplate\":\"https:\/\/yourpad.pl\/en\/?s={search_term_string}\"},\"query-input\":{\"@type\":\"PropertyValueSpecification\",\"valueRequired\":true,\"valueName\":\"search_term_string\"}}],\"inLanguage\":\"en-US\"},{\"@type\":\"Organization\",\"@id\":\"https:\/\/yourpad.pl\/en\/#organization\",\"name\":\"YourPad\",\"url\":\"https:\/\/yourpad.pl\/en\/\",\"logo\":{\"@type\":\"ImageObject\",\"inLanguage\":\"en-US\",\"@id\":\"https:\/\/yourpad.pl\/en\/#\/schema\/logo\/image\/\",\"url\":\"https:\/\/yourpad.pl\/wp-content\/uploads\/2023\/08\/logo.svg\",\"contentUrl\":\"https:\/\/yourpad.pl\/wp-content\/uploads\/2023\/08\/logo.svg\",\"width\":108,\"height\":57,\"caption\":\"YourPad\"},\"image\":{\"@id\":\"https:\/\/yourpad.pl\/en\/#\/schema\/logo\/image\/\"},\"sameAs\":[\"https:\/\/www.facebook.com\/yourpadpl\",\"https:\/\/www.tiktok.com\/@yourpad.pl\",\"https:\/\/www.instagram.com\/yourpad.pl\/\"]}]}<\/script>\n<!-- \/ Yoast SEO plugin. -->","yoast_head_json":{"title":"Chinese dragon mousepad - personalized | yourpad.pl","description":"Chinese dragon mouse pad with personalization option. Style, precision and 4 sizes. Buy now at yourpad.pl","robots":{"index":"index","follow":"follow","max-snippet":"max-snippet:-1","max-image-preview":"max-image-preview:large","max-video-preview":"max-video-preview:-1"},"canonical":"https:\/\/yourpad.pl\/en\/podkladka-pod-myszke-chinski-smok\/","og_locale":"en_US","og_type":"article","og_title":"Chinese dragon mousepad - personalized | yourpad.pl","og_description":"Chinese dragon mouse pad with personalization option. Style, precision and 4 sizes. Buy now at yourpad.pl","og_url":"https:\/\/yourpad.pl\/en\/podkladka-pod-myszke-chinski-smok\/","og_site_name":"YourPad","article_publisher":"https:\/\/www.facebook.com\/yourpadpl","article_modified_time":"2025-07-23T13:52:42+00:00","og_image":[{"width":1358,"height":1181,"url":"https:\/\/yourpad.pl\/wp-content\/uploads\/2024\/11\/podkladka-pod-mysz-dragon-red-m.jpg","type":"image\/jpeg"}],"schema":{"@context":"https:\/\/schema.org","@graph":[{"@type":"WebPage","@id":"https:\/\/yourpad.pl\/en\/podkladka-pod-myszke-chinski-smok\/","url":"https:\/\/yourpad.pl\/en\/podkladka-pod-myszke-chinski-smok\/","name":"Chinese dragon mousepad - personalized | yourpad.pl","isPartOf":{"@id":"https:\/\/yourpad.pl\/en\/#website"},"primaryImageOfPage":{"@id":"https:\/\/yourpad.pl\/en\/podkladka-pod-myszke-chinski-smok\/#primaryimage"},"image":{"@id":"https:\/\/yourpad.pl\/en\/podkladka-pod-myszke-chinski-smok\/#primaryimage"},"thumbnailUrl":"https:\/\/yourpad.pl\/wp-content\/uploads\/2024\/11\/podkladka-pod-mysz-dragon-red-m.jpg","datePublished":"2024-11-19T14:37:34+00:00","dateModified":"2025-07-23T13:52:42+00:00","description":"Chinese dragon mouse pad with personalization option. Style, precision and 4 sizes. Buy now at yourpad.pl","breadcrumb":{"@id":"https:\/\/yourpad.pl\/en\/podkladka-pod-myszke-chinski-smok\/#breadcrumb"},"inLanguage":"en-US","potentialAction":[{"@type":"ReadAction","target":["https:\/\/yourpad.pl\/en\/podkladka-pod-myszke-chinski-smok\/"]}]},{"@type":"ImageObject","inLanguage":"en-US","@id":"https:\/\/yourpad.pl\/en\/podkladka-pod-myszke-chinski-smok\/#primaryimage","url":"https:\/\/yourpad.pl\/wp-content\/uploads\/2024\/11\/podkladka-pod-mysz-dragon-red-m.jpg","contentUrl":"https:\/\/yourpad.pl\/wp-content\/uploads\/2024\/11\/podkladka-pod-mysz-dragon-red-m.jpg","width":1358,"height":1181,"caption":"Podk\u0142adka pod mysz dragon red M"},{"@type":"BreadcrumbList","@id":"https:\/\/yourpad.pl\/en\/podkladka-pod-myszke-chinski-smok\/#breadcrumb","itemListElement":[{"@type":"ListItem","position":1,"name":"Strona g\u0142\u00f3wna","item":"https:\/\/yourpad.pl\/en\/"},{"@type":"ListItem","position":2,"name":"Sklep","item":"https:\/\/yourpad.pl\/sklep\/"},{"@type":"ListItem","position":3,"name":"Chinese dragon mousepad"}]},{"@type":"WebSite","@id":"https:\/\/yourpad.pl\/en\/#website","url":"https:\/\/yourpad.pl\/en\/","name":"YourPad","description":"Zaprojektuj swoj\u0105 podk\u0142adk\u0119!","publisher":{"@id":"https:\/\/yourpad.pl\/en\/#organization"},"potentialAction":[{"@type":"SearchAction","target":{"@type":"EntryPoint","urlTemplate":"https:\/\/yourpad.pl\/en\/?s={search_term_string}"},"query-input":{"@type":"PropertyValueSpecification","valueRequired":true,"valueName":"search_term_string"}}],"inLanguage":"en-US"},{"@type":"Organization","@id":"https:\/\/yourpad.pl\/en\/#organization","name":"YourPad","url":"https:\/\/yourpad.pl\/en\/","logo":{"@type":"ImageObject","inLanguage":"en-US","@id":"https:\/\/yourpad.pl\/en\/#\/schema\/logo\/image\/","url":"https:\/\/yourpad.pl\/wp-content\/uploads\/2023\/08\/logo.svg","contentUrl":"https:\/\/yourpad.pl\/wp-content\/uploads\/2023\/08\/logo.svg","width":108,"height":57,"caption":"YourPad"},"image":{"@id":"https:\/\/yourpad.pl\/en\/#\/schema\/logo\/image\/"},"sameAs":["https:\/\/www.facebook.com\/yourpadpl","https:\/\/www.tiktok.com\/@yourpad.pl","https:\/\/www.instagram.com\/yourpad.pl\/"]}]}},"_links":{"self":[{"href":"https:\/\/yourpad.pl\/en\/wp-json\/wp\/v2\/product\/10180","targetHints":{"allow":["GET"]}}],"collection":[{"href":"https:\/\/yourpad.pl\/en\/wp-json\/wp\/v2\/product"}],"about":[{"href":"https:\/\/yourpad.pl\/en\/wp-json\/wp\/v2\/types\/product"}],"replies":[{"embeddable":true,"href":"https:\/\/yourpad.pl\/en\/wp-json\/wp\/v2\/comments?post=10180"}],"wp:featuredmedia":[{"embeddable":true,"href":"https:\/\/yourpad.pl\/en\/wp-json\/wp\/v2\/media\/8896"}],"wp:attachment":[{"href":"https:\/\/yourpad.pl\/en\/wp-json\/wp\/v2\/media?parent=10180"}],"wp:term":[{"taxonomy":"product_brand","embeddable":true,"href":"https:\/\/yourpad.pl\/en\/wp-json\/wp\/v2\/product_brand?post=10180"},{"taxonomy":"product_cat","embeddable":true,"href":"https:\/\/yourpad.pl\/en\/wp-json\/wp\/v2\/product_cat?post=10180"},{"taxonomy":"product_tag","embeddable":true,"href":"https:\/\/yourpad.pl\/en\/wp-json\/wp\/v2\/product_tag?post=10180"}],"curies":[{"name":"wp","href":"https:\/\/api.w.org\/{rel}","templated":true}]}}