{"id":10309,"date":"2024-11-22T14:29:04","date_gmt":"2024-11-22T13:29:04","guid":{"rendered":"https:\/\/yourpad.pl\/podkladka-pod-mysz-wesoly-piesek\/"},"modified":"2025-07-29T10:09:14","modified_gmt":"2025-07-29T08:09:14","slug":"podkladka-pod-mysz-wesoly-piesek","status":"publish","type":"product","link":"https:\/\/yourpad.pl\/en\/podkladka-pod-mysz-wesoly-piesek\/","title":{"rendered":"Happy Dog Mousepad"},"content":{"rendered":"<div class=\"flex-shrink-0 flex flex-col relative items-end\">\n<div>\n<div class=\"pt-0\">\n<div class=\"gizmo-bot-avatar flex h-8 w-8 items-center justify-center overflow-hidden rounded-full\">\n<div class=\"relative p-1 rounded-sm flex items-center justify-center bg-token-main-surface-primary text-token-text-primary h-8 w-8\">\u00a0<\/div>\n<\/div>\n<\/div>\n<\/div>\n<\/div>\n<div class=\"group\/conversation-turn relative flex w-full min-w-0 flex-col agent-turn\">\n<div class=\"flex-col gap-1 md:gap-3\">\n<div class=\"flex max-w-full flex-col flex-grow\">\n<div class=\"min-h-[20px] text-message flex w-full flex-col items-end gap-2 whitespace-pre-wrap break-words [.text-message+&amp;]:mt-5 overflow-x-auto\" dir=\"auto\" data-message-author-role=\"assistant\" data-message-id=\"c457efe1-1810-4932-8a59-05f7450bfb02\">\n<div class=\"flex w-full flex-col gap-1 empty:hidden first:pt-[3px]\">\n<div class=\"markdown prose w-full break-words dark:prose-invert light\">\u00a0<\/div>\n<\/div>\n<\/div>\n<\/div>\n<\/div>\n<\/div>\n<p>&nbsp;<\/p>\n","protected":false},"excerpt":{"rendered":"<p>A printed <strong>mousepad<\/strong> is a great option because you can fully customize it.<\/p>\n","protected":false},"featured_media":8904,"comment_status":"closed","ping_status":"closed","template":"","meta":{"inline_featured_image":false},"product_brand":[],"product_cat":[101,147],"product_tag":[168],"class_list":{"0":"post-10309","1":"product","2":"type-product","3":"status-publish","4":"has-post-thumbnail","6":"product_cat-natura-mouse-pads","7":"product_cat-podkladki-pod-mysz-zwierzeta-en","8":"product_tag-podkladka-pod-mysz-pikselowy-bohater-en","10":"first","11":"instock","12":"sale","13":"shipping-taxable","14":"purchasable","15":"product-type-variable","16":"has-default-attributes"},"acf":[],"yoast_head":"<!-- This site is optimized with the Yoast SEO plugin v27.0 - https:\/\/yoast.com\/product\/yoast-seo-wordpress\/ -->\n<title>Happy Dog Mousepad | Charming Design | 4 Sizes Yourpad<\/title>\n<meta name=\"description\" content=\"Happy dog mousepad graphic \u2013 perfect for the office, school, or as a gift. 4 sizes, high quality, fast shipping. Smiles guaranteed\" \/>\n<meta name=\"robots\" content=\"index, follow, max-snippet:-1, max-image-preview:large, max-video-preview:-1\" \/>\n<link rel=\"canonical\" href=\"https:\/\/yourpad.pl\/en\/podkladka-pod-mysz-wesoly-piesek\/\" \/>\n<meta property=\"og:locale\" content=\"en_US\" \/>\n<meta property=\"og:type\" content=\"article\" \/>\n<meta property=\"og:title\" content=\"Happy Dog Mousepad | Charming Design | 4 Sizes Yourpad\" \/>\n<meta property=\"og:description\" content=\"Happy dog mousepad graphic \u2013 perfect for the office, school, or as a gift. 4 sizes, high quality, fast shipping. Smiles guaranteed\" \/>\n<meta property=\"og:url\" content=\"https:\/\/yourpad.pl\/en\/podkladka-pod-mysz-wesoly-piesek\/\" \/>\n<meta property=\"og:site_name\" content=\"YourPad\" \/>\n<meta property=\"article:publisher\" content=\"https:\/\/www.facebook.com\/yourpadpl\" \/>\n<meta property=\"article:modified_time\" content=\"2025-07-29T08:09:14+00:00\" \/>\n<meta property=\"og:image\" content=\"https:\/\/yourpad.pl\/wp-content\/uploads\/2024\/11\/podkladka-pod-mysz-wesoly-piesek-m-scaled.jpg\" \/>\n\t<meta property=\"og:image:width\" content=\"2000\" \/>\n\t<meta property=\"og:image:height\" content=\"1739\" \/>\n\t<meta property=\"og:image:type\" content=\"image\/jpeg\" \/>\n<script type=\"application\/ld+json\" class=\"yoast-schema-graph\">{\"@context\":\"https:\/\/schema.org\",\"@graph\":[{\"@type\":\"WebPage\",\"@id\":\"https:\/\/yourpad.pl\/en\/podkladka-pod-mysz-wesoly-piesek\/\",\"url\":\"https:\/\/yourpad.pl\/en\/podkladka-pod-mysz-wesoly-piesek\/\",\"name\":\"Happy Dog Mousepad | Charming Design | 4 Sizes Yourpad\",\"isPartOf\":{\"@id\":\"https:\/\/yourpad.pl\/en\/#website\"},\"primaryImageOfPage\":{\"@id\":\"https:\/\/yourpad.pl\/en\/podkladka-pod-mysz-wesoly-piesek\/#primaryimage\"},\"image\":{\"@id\":\"https:\/\/yourpad.pl\/en\/podkladka-pod-mysz-wesoly-piesek\/#primaryimage\"},\"thumbnailUrl\":\"https:\/\/yourpad.pl\/wp-content\/uploads\/2024\/11\/podkladka-pod-mysz-wesoly-piesek-m-scaled.jpg\",\"datePublished\":\"2024-11-22T13:29:04+00:00\",\"dateModified\":\"2025-07-29T08:09:14+00:00\",\"description\":\"Happy dog mousepad graphic \u2013 perfect for the office, school, or as a gift. 4 sizes, high quality, fast shipping. Smiles guaranteed\",\"breadcrumb\":{\"@id\":\"https:\/\/yourpad.pl\/en\/podkladka-pod-mysz-wesoly-piesek\/#breadcrumb\"},\"inLanguage\":\"en-US\",\"potentialAction\":[{\"@type\":\"ReadAction\",\"target\":[\"https:\/\/yourpad.pl\/en\/podkladka-pod-mysz-wesoly-piesek\/\"]}]},{\"@type\":\"ImageObject\",\"inLanguage\":\"en-US\",\"@id\":\"https:\/\/yourpad.pl\/en\/podkladka-pod-mysz-wesoly-piesek\/#primaryimage\",\"url\":\"https:\/\/yourpad.pl\/wp-content\/uploads\/2024\/11\/podkladka-pod-mysz-wesoly-piesek-m-scaled.jpg\",\"contentUrl\":\"https:\/\/yourpad.pl\/wp-content\/uploads\/2024\/11\/podkladka-pod-mysz-wesoly-piesek-m-scaled.jpg\",\"width\":2000,\"height\":1739,\"caption\":\"Podk\u0142adka pod mysz weso\u0142y piesek M\"},{\"@type\":\"BreadcrumbList\",\"@id\":\"https:\/\/yourpad.pl\/en\/podkladka-pod-mysz-wesoly-piesek\/#breadcrumb\",\"itemListElement\":[{\"@type\":\"ListItem\",\"position\":1,\"name\":\"Strona g\u0142\u00f3wna\",\"item\":\"https:\/\/yourpad.pl\/en\/\"},{\"@type\":\"ListItem\",\"position\":2,\"name\":\"Sklep\",\"item\":\"https:\/\/yourpad.pl\/sklep\/\"},{\"@type\":\"ListItem\",\"position\":3,\"name\":\"Happy Dog Mousepad\"}]},{\"@type\":\"WebSite\",\"@id\":\"https:\/\/yourpad.pl\/en\/#website\",\"url\":\"https:\/\/yourpad.pl\/en\/\",\"name\":\"YourPad\",\"description\":\"Zaprojektuj swoj\u0105 podk\u0142adk\u0119!\",\"publisher\":{\"@id\":\"https:\/\/yourpad.pl\/en\/#organization\"},\"potentialAction\":[{\"@type\":\"SearchAction\",\"target\":{\"@type\":\"EntryPoint\",\"urlTemplate\":\"https:\/\/yourpad.pl\/en\/?s={search_term_string}\"},\"query-input\":{\"@type\":\"PropertyValueSpecification\",\"valueRequired\":true,\"valueName\":\"search_term_string\"}}],\"inLanguage\":\"en-US\"},{\"@type\":\"Organization\",\"@id\":\"https:\/\/yourpad.pl\/en\/#organization\",\"name\":\"YourPad\",\"url\":\"https:\/\/yourpad.pl\/en\/\",\"logo\":{\"@type\":\"ImageObject\",\"inLanguage\":\"en-US\",\"@id\":\"https:\/\/yourpad.pl\/en\/#\/schema\/logo\/image\/\",\"url\":\"https:\/\/yourpad.pl\/wp-content\/uploads\/2023\/08\/logo.svg\",\"contentUrl\":\"https:\/\/yourpad.pl\/wp-content\/uploads\/2023\/08\/logo.svg\",\"width\":108,\"height\":57,\"caption\":\"YourPad\"},\"image\":{\"@id\":\"https:\/\/yourpad.pl\/en\/#\/schema\/logo\/image\/\"},\"sameAs\":[\"https:\/\/www.facebook.com\/yourpadpl\",\"https:\/\/www.tiktok.com\/@yourpad.pl\",\"https:\/\/www.instagram.com\/yourpad.pl\/\"]}]}<\/script>\n<!-- \/ Yoast SEO plugin. -->","yoast_head_json":{"title":"Happy Dog Mousepad | Charming Design | 4 Sizes Yourpad","description":"Happy dog mousepad graphic \u2013 perfect for the office, school, or as a gift. 4 sizes, high quality, fast shipping. Smiles guaranteed","robots":{"index":"index","follow":"follow","max-snippet":"max-snippet:-1","max-image-preview":"max-image-preview:large","max-video-preview":"max-video-preview:-1"},"canonical":"https:\/\/yourpad.pl\/en\/podkladka-pod-mysz-wesoly-piesek\/","og_locale":"en_US","og_type":"article","og_title":"Happy Dog Mousepad | Charming Design | 4 Sizes Yourpad","og_description":"Happy dog mousepad graphic \u2013 perfect for the office, school, or as a gift. 4 sizes, high quality, fast shipping. Smiles guaranteed","og_url":"https:\/\/yourpad.pl\/en\/podkladka-pod-mysz-wesoly-piesek\/","og_site_name":"YourPad","article_publisher":"https:\/\/www.facebook.com\/yourpadpl","article_modified_time":"2025-07-29T08:09:14+00:00","og_image":[{"width":2000,"height":1739,"url":"https:\/\/yourpad.pl\/wp-content\/uploads\/2024\/11\/podkladka-pod-mysz-wesoly-piesek-m-scaled.jpg","type":"image\/jpeg"}],"schema":{"@context":"https:\/\/schema.org","@graph":[{"@type":"WebPage","@id":"https:\/\/yourpad.pl\/en\/podkladka-pod-mysz-wesoly-piesek\/","url":"https:\/\/yourpad.pl\/en\/podkladka-pod-mysz-wesoly-piesek\/","name":"Happy Dog Mousepad | Charming Design | 4 Sizes Yourpad","isPartOf":{"@id":"https:\/\/yourpad.pl\/en\/#website"},"primaryImageOfPage":{"@id":"https:\/\/yourpad.pl\/en\/podkladka-pod-mysz-wesoly-piesek\/#primaryimage"},"image":{"@id":"https:\/\/yourpad.pl\/en\/podkladka-pod-mysz-wesoly-piesek\/#primaryimage"},"thumbnailUrl":"https:\/\/yourpad.pl\/wp-content\/uploads\/2024\/11\/podkladka-pod-mysz-wesoly-piesek-m-scaled.jpg","datePublished":"2024-11-22T13:29:04+00:00","dateModified":"2025-07-29T08:09:14+00:00","description":"Happy dog mousepad graphic \u2013 perfect for the office, school, or as a gift. 4 sizes, high quality, fast shipping. Smiles guaranteed","breadcrumb":{"@id":"https:\/\/yourpad.pl\/en\/podkladka-pod-mysz-wesoly-piesek\/#breadcrumb"},"inLanguage":"en-US","potentialAction":[{"@type":"ReadAction","target":["https:\/\/yourpad.pl\/en\/podkladka-pod-mysz-wesoly-piesek\/"]}]},{"@type":"ImageObject","inLanguage":"en-US","@id":"https:\/\/yourpad.pl\/en\/podkladka-pod-mysz-wesoly-piesek\/#primaryimage","url":"https:\/\/yourpad.pl\/wp-content\/uploads\/2024\/11\/podkladka-pod-mysz-wesoly-piesek-m-scaled.jpg","contentUrl":"https:\/\/yourpad.pl\/wp-content\/uploads\/2024\/11\/podkladka-pod-mysz-wesoly-piesek-m-scaled.jpg","width":2000,"height":1739,"caption":"Podk\u0142adka pod mysz weso\u0142y piesek M"},{"@type":"BreadcrumbList","@id":"https:\/\/yourpad.pl\/en\/podkladka-pod-mysz-wesoly-piesek\/#breadcrumb","itemListElement":[{"@type":"ListItem","position":1,"name":"Strona g\u0142\u00f3wna","item":"https:\/\/yourpad.pl\/en\/"},{"@type":"ListItem","position":2,"name":"Sklep","item":"https:\/\/yourpad.pl\/sklep\/"},{"@type":"ListItem","position":3,"name":"Happy Dog Mousepad"}]},{"@type":"WebSite","@id":"https:\/\/yourpad.pl\/en\/#website","url":"https:\/\/yourpad.pl\/en\/","name":"YourPad","description":"Zaprojektuj swoj\u0105 podk\u0142adk\u0119!","publisher":{"@id":"https:\/\/yourpad.pl\/en\/#organization"},"potentialAction":[{"@type":"SearchAction","target":{"@type":"EntryPoint","urlTemplate":"https:\/\/yourpad.pl\/en\/?s={search_term_string}"},"query-input":{"@type":"PropertyValueSpecification","valueRequired":true,"valueName":"search_term_string"}}],"inLanguage":"en-US"},{"@type":"Organization","@id":"https:\/\/yourpad.pl\/en\/#organization","name":"YourPad","url":"https:\/\/yourpad.pl\/en\/","logo":{"@type":"ImageObject","inLanguage":"en-US","@id":"https:\/\/yourpad.pl\/en\/#\/schema\/logo\/image\/","url":"https:\/\/yourpad.pl\/wp-content\/uploads\/2023\/08\/logo.svg","contentUrl":"https:\/\/yourpad.pl\/wp-content\/uploads\/2023\/08\/logo.svg","width":108,"height":57,"caption":"YourPad"},"image":{"@id":"https:\/\/yourpad.pl\/en\/#\/schema\/logo\/image\/"},"sameAs":["https:\/\/www.facebook.com\/yourpadpl","https:\/\/www.tiktok.com\/@yourpad.pl","https:\/\/www.instagram.com\/yourpad.pl\/"]}]}},"_links":{"self":[{"href":"https:\/\/yourpad.pl\/en\/wp-json\/wp\/v2\/product\/10309","targetHints":{"allow":["GET"]}}],"collection":[{"href":"https:\/\/yourpad.pl\/en\/wp-json\/wp\/v2\/product"}],"about":[{"href":"https:\/\/yourpad.pl\/en\/wp-json\/wp\/v2\/types\/product"}],"replies":[{"embeddable":true,"href":"https:\/\/yourpad.pl\/en\/wp-json\/wp\/v2\/comments?post=10309"}],"wp:featuredmedia":[{"embeddable":true,"href":"https:\/\/yourpad.pl\/en\/wp-json\/wp\/v2\/media\/8904"}],"wp:attachment":[{"href":"https:\/\/yourpad.pl\/en\/wp-json\/wp\/v2\/media?parent=10309"}],"wp:term":[{"taxonomy":"product_brand","embeddable":true,"href":"https:\/\/yourpad.pl\/en\/wp-json\/wp\/v2\/product_brand?post=10309"},{"taxonomy":"product_cat","embeddable":true,"href":"https:\/\/yourpad.pl\/en\/wp-json\/wp\/v2\/product_cat?post=10309"},{"taxonomy":"product_tag","embeddable":true,"href":"https:\/\/yourpad.pl\/en\/wp-json\/wp\/v2\/product_tag?post=10309"}],"curies":[{"name":"wp","href":"https:\/\/api.w.org\/{rel}","templated":true}]}}