{"id":9178,"date":"2023-08-26T13:56:49","date_gmt":"2023-08-26T11:56:49","guid":{"rendered":"https:\/\/yourpad.pl\/podkladka-pod-mysz-gamingowa-yourpad-pro-m\/"},"modified":"2025-05-13T11:51:44","modified_gmt":"2025-05-13T09:51:44","slug":"mouspad-yourpad-pro-m","status":"publish","type":"product","link":"https:\/\/yourpad.pl\/en\/mouspad-yourpad-pro-m\/","title":{"rendered":"Mousepad YourPad PRO M"},"content":{"rendered":"<h2><span style=\"font-size: 16px;\">Printed computer mousepad &#8211; what is their function?<\/span><\/h2>\n<p>The main task is to increase the comfort of working at the desk as during the hours spent playing games. They are comfortable to use, pleasing to the eye, because additionally they can be printed with your own graphics. Thanks to the rubber padding they lie stably on the desk, preventing movement.<\/p>\n<h2><span style=\"font-size: 16px;\">What to pay attention to when buying a mousepad ?<\/span><\/h2>\n<p>On the size, surface and thickness of the mousepad. It is necessary to consider what surface we will need when performing mouse maneuvers during gaming or work.<\/p>\n<p>Computer MousePad &#8211; How do I know if the size of the mousepad is right for me?<\/p>\n<p>The size of the mousepad provides enough space for the mouse to move freely without moving the pad. A 46&#215;40 cm mousepad is ideal for those with limited desk space.<\/p>\n<p>If you are looking for a mousepad that is not only practical but also stylish, our Yourpad series mousepad is an excellent choice.<\/p>\n<p>We offer 4 different sizes and customization options so there is something for every gamer.<\/p>\n<h2><span style=\"font-size: 16px;\">What are the advantages of a computer mouse pad?<\/span><\/h2>\n<p>The ability to add your own imprint, but also a way to express yourself. Personalized mouse pad can include your favorite photo, a theme from a game or a company logo, making it unique and perfect for your gaming station. Such a unique mouse pad becomes not only practical, but also a unique element of your desk.<\/p>\n<p><strong>What are the advantages of using a computer mousepad?<\/strong><\/p>\n<p>Provides better precision of mouse movements, which is crucial in games that require fast reactions.<\/p>\n<p>Provides comfort and stability during long gaming sessions. Thanks to the special surface, the mouse moves smoothly and precisely, which significantly improves the gaming experience.<\/p>\n<h2><span style=\"font-size: 16px;\"><strong>Is the computer mouse pad suitable for all types of mice?<\/strong><\/span><\/h2>\n<p>Yes, the mousepad is compatible with all types of mice, both optical and laser. Regardless of the model used, such a computer mouse pad guarantees smooth and precise operation, which is essential for intensive gaming.<\/p>\n<ul>\n<li>Learn more about our gaming products.<\/li>\n<li>Read our mouse pad care tips.<\/li>\n<li>Discover our range of personalized mouse pads.<\/li>\n<\/ul>\n","protected":false},"excerpt":{"rendered":"<p style=\"text-align: right;\">The lowest price in the last 30 days before the discount is 115.55 z\u0142<\/p>\n","protected":false},"featured_media":8227,"comment_status":"closed","ping_status":"closed","template":"","meta":{"inline_featured_image":false},"product_brand":[],"product_cat":[158],"product_tag":[113,114,115,116],"class_list":{"0":"post-9178","1":"product","2":"type-product","3":"status-publish","4":"has-post-thumbnail","6":"product_cat-create-your-own-project","7":"product_tag-gamingowa-podkladka-en","8":"product_tag-personalizowana-podkladka-pod-mysz-en","9":"product_tag-podkladka-gamingowa-en","10":"product_tag-podkladka-pod-mysz-en","12":"first","13":"instock","14":"sale","15":"featured","16":"shipping-taxable","17":"purchasable","18":"product-type-simple"},"acf":[],"yoast_head":"<!-- This site is optimized with the Yoast SEO plugin v27.0 - https:\/\/yoast.com\/product\/yoast-seo-wordpress\/ -->\n<title>Computer mousepad | Yourpad<\/title>\n<meta name=\"description\" content=\"Gaming printed computer mousepad \ud83d\udc4d 46x40\u2714High quality, fast turnaround and delivery\u2714Order now and highlight your gaming image!\u2714Check it out!\" \/>\n<meta name=\"robots\" content=\"index, follow, max-snippet:-1, max-image-preview:large, max-video-preview:-1\" \/>\n<link rel=\"canonical\" href=\"https:\/\/yourpad.pl\/en\/mouspad-yourpad-pro-m\/\" \/>\n<meta property=\"og:locale\" content=\"en_US\" \/>\n<meta property=\"og:type\" content=\"article\" \/>\n<meta property=\"og:title\" content=\"Podkladka pod mysz Yourpad\" \/>\n<meta property=\"og:description\" content=\"Gaming printed computer mousepad \ud83d\udc4d 46x40\u2714High quality, fast turnaround and delivery\u2714Order now and highlight your gaming image!\u2714Check it out!\" \/>\n<meta property=\"og:url\" content=\"https:\/\/yourpad.pl\/en\/mouspad-yourpad-pro-m\/\" \/>\n<meta property=\"og:site_name\" content=\"YourPad\" \/>\n<meta property=\"article:publisher\" content=\"https:\/\/www.facebook.com\/yourpadpl\" \/>\n<meta property=\"article:modified_time\" content=\"2025-05-13T09:51:44+00:00\" \/>\n<meta property=\"og:image\" content=\"https:\/\/yourpad.pl\/wp-content\/uploads\/2023\/08\/podkladka-pod-mysz-m.jpg\" \/>\n\t<meta property=\"og:image:width\" content=\"431\" \/>\n\t<meta property=\"og:image:height\" content=\"367\" \/>\n\t<meta property=\"og:image:type\" content=\"image\/jpeg\" \/>\n<script type=\"application\/ld+json\" class=\"yoast-schema-graph\">{\"@context\":\"https:\/\/schema.org\",\"@graph\":[{\"@type\":\"WebPage\",\"@id\":\"https:\/\/yourpad.pl\/en\/mouspad-yourpad-pro-m\/\",\"url\":\"https:\/\/yourpad.pl\/en\/mouspad-yourpad-pro-m\/\",\"name\":\"Computer mousepad | Yourpad\",\"isPartOf\":{\"@id\":\"https:\/\/yourpad.pl\/en\/#website\"},\"primaryImageOfPage\":{\"@id\":\"https:\/\/yourpad.pl\/en\/mouspad-yourpad-pro-m\/#primaryimage\"},\"image\":{\"@id\":\"https:\/\/yourpad.pl\/en\/mouspad-yourpad-pro-m\/#primaryimage\"},\"thumbnailUrl\":\"https:\/\/yourpad.pl\/wp-content\/uploads\/2023\/08\/M.png\",\"datePublished\":\"2023-08-26T11:56:49+00:00\",\"dateModified\":\"2025-05-13T09:51:44+00:00\",\"description\":\"Gaming printed computer mousepad \ud83d\udc4d 46x40\u2714High quality, fast turnaround and delivery\u2714Order now and highlight your gaming image!\u2714Check it out!\",\"breadcrumb\":{\"@id\":\"https:\/\/yourpad.pl\/en\/mouspad-yourpad-pro-m\/#breadcrumb\"},\"inLanguage\":\"en-US\",\"potentialAction\":[{\"@type\":\"ReadAction\",\"target\":[\"https:\/\/yourpad.pl\/en\/mouspad-yourpad-pro-m\/\"]}]},{\"@type\":\"ImageObject\",\"inLanguage\":\"en-US\",\"@id\":\"https:\/\/yourpad.pl\/en\/mouspad-yourpad-pro-m\/#primaryimage\",\"url\":\"https:\/\/yourpad.pl\/wp-content\/uploads\/2023\/08\/M.png\",\"contentUrl\":\"https:\/\/yourpad.pl\/wp-content\/uploads\/2023\/08\/M.png\",\"width\":154,\"height\":186,\"caption\":\"podk\u0142adka-pod-mysz\"},{\"@type\":\"BreadcrumbList\",\"@id\":\"https:\/\/yourpad.pl\/en\/mouspad-yourpad-pro-m\/#breadcrumb\",\"itemListElement\":[{\"@type\":\"ListItem\",\"position\":1,\"name\":\"Strona g\u0142\u00f3wna\",\"item\":\"https:\/\/yourpad.pl\/en\/\"},{\"@type\":\"ListItem\",\"position\":2,\"name\":\"Sklep\",\"item\":\"https:\/\/yourpad.pl\/sklep\/\"},{\"@type\":\"ListItem\",\"position\":3,\"name\":\"Mousepad YourPad PRO M\"}]},{\"@type\":\"WebSite\",\"@id\":\"https:\/\/yourpad.pl\/en\/#website\",\"url\":\"https:\/\/yourpad.pl\/en\/\",\"name\":\"YourPad\",\"description\":\"Zaprojektuj swoj\u0105 podk\u0142adk\u0119!\",\"publisher\":{\"@id\":\"https:\/\/yourpad.pl\/en\/#organization\"},\"potentialAction\":[{\"@type\":\"SearchAction\",\"target\":{\"@type\":\"EntryPoint\",\"urlTemplate\":\"https:\/\/yourpad.pl\/en\/?s={search_term_string}\"},\"query-input\":{\"@type\":\"PropertyValueSpecification\",\"valueRequired\":true,\"valueName\":\"search_term_string\"}}],\"inLanguage\":\"en-US\"},{\"@type\":\"Organization\",\"@id\":\"https:\/\/yourpad.pl\/en\/#organization\",\"name\":\"YourPad\",\"url\":\"https:\/\/yourpad.pl\/en\/\",\"logo\":{\"@type\":\"ImageObject\",\"inLanguage\":\"en-US\",\"@id\":\"https:\/\/yourpad.pl\/en\/#\/schema\/logo\/image\/\",\"url\":\"https:\/\/yourpad.pl\/wp-content\/uploads\/2023\/08\/logo.svg\",\"contentUrl\":\"https:\/\/yourpad.pl\/wp-content\/uploads\/2023\/08\/logo.svg\",\"width\":108,\"height\":57,\"caption\":\"YourPad\"},\"image\":{\"@id\":\"https:\/\/yourpad.pl\/en\/#\/schema\/logo\/image\/\"},\"sameAs\":[\"https:\/\/www.facebook.com\/yourpadpl\",\"https:\/\/www.tiktok.com\/@yourpad.pl\",\"https:\/\/www.instagram.com\/yourpad.pl\/\"]}]}<\/script>\n<!-- \/ Yoast SEO plugin. -->","yoast_head_json":{"title":"Computer mousepad | Yourpad","description":"Gaming printed computer mousepad \ud83d\udc4d 46x40\u2714High quality, fast turnaround and delivery\u2714Order now and highlight your gaming image!\u2714Check it out!","robots":{"index":"index","follow":"follow","max-snippet":"max-snippet:-1","max-image-preview":"max-image-preview:large","max-video-preview":"max-video-preview:-1"},"canonical":"https:\/\/yourpad.pl\/en\/mouspad-yourpad-pro-m\/","og_locale":"en_US","og_type":"article","og_title":"Podkladka pod mysz Yourpad","og_description":"Gaming printed computer mousepad \ud83d\udc4d 46x40\u2714High quality, fast turnaround and delivery\u2714Order now and highlight your gaming image!\u2714Check it out!","og_url":"https:\/\/yourpad.pl\/en\/mouspad-yourpad-pro-m\/","og_site_name":"YourPad","article_publisher":"https:\/\/www.facebook.com\/yourpadpl","article_modified_time":"2025-05-13T09:51:44+00:00","og_image":[{"width":431,"height":367,"url":"https:\/\/yourpad.pl\/wp-content\/uploads\/2023\/08\/podkladka-pod-mysz-m.jpg","type":"image\/jpeg"}],"schema":{"@context":"https:\/\/schema.org","@graph":[{"@type":"WebPage","@id":"https:\/\/yourpad.pl\/en\/mouspad-yourpad-pro-m\/","url":"https:\/\/yourpad.pl\/en\/mouspad-yourpad-pro-m\/","name":"Computer mousepad | Yourpad","isPartOf":{"@id":"https:\/\/yourpad.pl\/en\/#website"},"primaryImageOfPage":{"@id":"https:\/\/yourpad.pl\/en\/mouspad-yourpad-pro-m\/#primaryimage"},"image":{"@id":"https:\/\/yourpad.pl\/en\/mouspad-yourpad-pro-m\/#primaryimage"},"thumbnailUrl":"https:\/\/yourpad.pl\/wp-content\/uploads\/2023\/08\/M.png","datePublished":"2023-08-26T11:56:49+00:00","dateModified":"2025-05-13T09:51:44+00:00","description":"Gaming printed computer mousepad \ud83d\udc4d 46x40\u2714High quality, fast turnaround and delivery\u2714Order now and highlight your gaming image!\u2714Check it out!","breadcrumb":{"@id":"https:\/\/yourpad.pl\/en\/mouspad-yourpad-pro-m\/#breadcrumb"},"inLanguage":"en-US","potentialAction":[{"@type":"ReadAction","target":["https:\/\/yourpad.pl\/en\/mouspad-yourpad-pro-m\/"]}]},{"@type":"ImageObject","inLanguage":"en-US","@id":"https:\/\/yourpad.pl\/en\/mouspad-yourpad-pro-m\/#primaryimage","url":"https:\/\/yourpad.pl\/wp-content\/uploads\/2023\/08\/M.png","contentUrl":"https:\/\/yourpad.pl\/wp-content\/uploads\/2023\/08\/M.png","width":154,"height":186,"caption":"podk\u0142adka-pod-mysz"},{"@type":"BreadcrumbList","@id":"https:\/\/yourpad.pl\/en\/mouspad-yourpad-pro-m\/#breadcrumb","itemListElement":[{"@type":"ListItem","position":1,"name":"Strona g\u0142\u00f3wna","item":"https:\/\/yourpad.pl\/en\/"},{"@type":"ListItem","position":2,"name":"Sklep","item":"https:\/\/yourpad.pl\/sklep\/"},{"@type":"ListItem","position":3,"name":"Mousepad YourPad PRO M"}]},{"@type":"WebSite","@id":"https:\/\/yourpad.pl\/en\/#website","url":"https:\/\/yourpad.pl\/en\/","name":"YourPad","description":"Zaprojektuj swoj\u0105 podk\u0142adk\u0119!","publisher":{"@id":"https:\/\/yourpad.pl\/en\/#organization"},"potentialAction":[{"@type":"SearchAction","target":{"@type":"EntryPoint","urlTemplate":"https:\/\/yourpad.pl\/en\/?s={search_term_string}"},"query-input":{"@type":"PropertyValueSpecification","valueRequired":true,"valueName":"search_term_string"}}],"inLanguage":"en-US"},{"@type":"Organization","@id":"https:\/\/yourpad.pl\/en\/#organization","name":"YourPad","url":"https:\/\/yourpad.pl\/en\/","logo":{"@type":"ImageObject","inLanguage":"en-US","@id":"https:\/\/yourpad.pl\/en\/#\/schema\/logo\/image\/","url":"https:\/\/yourpad.pl\/wp-content\/uploads\/2023\/08\/logo.svg","contentUrl":"https:\/\/yourpad.pl\/wp-content\/uploads\/2023\/08\/logo.svg","width":108,"height":57,"caption":"YourPad"},"image":{"@id":"https:\/\/yourpad.pl\/en\/#\/schema\/logo\/image\/"},"sameAs":["https:\/\/www.facebook.com\/yourpadpl","https:\/\/www.tiktok.com\/@yourpad.pl","https:\/\/www.instagram.com\/yourpad.pl\/"]}]}},"_links":{"self":[{"href":"https:\/\/yourpad.pl\/en\/wp-json\/wp\/v2\/product\/9178","targetHints":{"allow":["GET"]}}],"collection":[{"href":"https:\/\/yourpad.pl\/en\/wp-json\/wp\/v2\/product"}],"about":[{"href":"https:\/\/yourpad.pl\/en\/wp-json\/wp\/v2\/types\/product"}],"replies":[{"embeddable":true,"href":"https:\/\/yourpad.pl\/en\/wp-json\/wp\/v2\/comments?post=9178"}],"wp:featuredmedia":[{"embeddable":true,"href":"https:\/\/yourpad.pl\/en\/wp-json\/wp\/v2\/media\/8227"}],"wp:attachment":[{"href":"https:\/\/yourpad.pl\/en\/wp-json\/wp\/v2\/media?parent=9178"}],"wp:term":[{"taxonomy":"product_brand","embeddable":true,"href":"https:\/\/yourpad.pl\/en\/wp-json\/wp\/v2\/product_brand?post=9178"},{"taxonomy":"product_cat","embeddable":true,"href":"https:\/\/yourpad.pl\/en\/wp-json\/wp\/v2\/product_cat?post=9178"},{"taxonomy":"product_tag","embeddable":true,"href":"https:\/\/yourpad.pl\/en\/wp-json\/wp\/v2\/product_tag?post=9178"}],"curies":[{"name":"wp","href":"https:\/\/api.w.org\/{rel}","templated":true}]}}