{"id":9179,"date":"2023-08-26T13:57:07","date_gmt":"2023-08-26T11:57:07","guid":{"rendered":"https:\/\/yourpad.pl\/duza-podkladka-pod-mysz-z-yourpad-pro-l\/"},"modified":"2025-06-24T13:38:38","modified_gmt":"2025-06-24T11:38:38","slug":"mouspad-yourpad-pro-l","status":"publish","type":"product","link":"https:\/\/yourpad.pl\/en\/mouspad-yourpad-pro-l\/","title":{"rendered":"Mousepad YourPad PRO L"},"content":{"rendered":"<h2><span style=\"font-size: 16px;\">Why is a large mousepad important?<\/span><\/h2>\n<p>The 30&#215;78 cm large mousepad is ideal for gamers. Its spacious surface offers plenty of room for the mouse and keyboard, which is crucial for fast and demanding games.<\/p>\n<h2><span style=\"font-size: 16px;\">What is a mousepad and why is it important?<\/span><\/h2>\n<p>A good large desk pad is one that meets the gamer&#8217;s expectations in terms of quality, comfort and precision. A protective desk mat is crucial for gaming comfort,. A large desk pad for a gamer affects the smoothness of the mouse movements, and thus the accuracy of aiming and overall efficiency in the game. Protective mats from Yourpad, provide additional protection for the tabletop surface.<\/p>\n<h2><span style=\"font-size: 16px;\">What kind of mousepad affects the comfort and precision of the game?<\/span><\/h2>\n<p>A comfortable large mousepad is important for gaming comfort, as it allows you to play for long periods of time without feeling uncomfortable. A good mousepad should be made of materials that do not cause skin irritation, while providing adequate grip for the mouse.<\/p>\n<p>The influence of a gaming mousepad on gaming precision is related to its texture and thickness. Moving the mouse on the right mousepad allows for smooth and precise movements, which is crucial for success in games that require speed and precision, such as shooters and sports games.<\/p>\n<h2><span style=\"font-size: 16px;\">Material mousepads why is it worth it?<\/span><\/h2>\n<p>A fabric mousepad is a popular choice among gamers for its softness, comfort and grip. The fabric material they are made of ensures smooth movement of the mouse, and the flexible material allows for easy storage and transportation.<\/p>\n<h2><span style=\"font-size: 16px;\">Is such a mousepad also functional as a keyboard pad?<\/span><\/h2>\n<p>Definitely yes. Our large mouse and keyboard pad is designed to easily accommodate both, making your gaming station more ergonomic and organized.<\/p>\n<h2><span style=\"font-size: 16px;\">What criteria are important when choosing a mouse pad for a gamer?<\/span><\/h2>\n<p>When choosing a mousepad for a gamer, there are several aspects to consider, such as compatibility with your mouse, preferred material and texture, and available desk space. You can also personalize your mousepad by adding your graphic or photo.<\/p>\n<h2><span style=\"font-size: 16px;\">Features of a good quality full desk mousepad?<\/span><\/h2>\n<p>The ideal mousepad should be durable, comfortable to use, and work well with a gaming mouse. Important product features to look out for are:<\/p>\n<ul>\n<li>The surface of the mousepad &#8211; should be smooth, but at the same time provide enough grip for the mouse.<\/li>\n<li>The bottom of the large mousepad &#8211; should be non-slip so that the mousepad does not move during the game.<\/li>\n<li>Durability &#8211; the mousepad should be made of materials that are abrasion and stain resistant.<\/li>\n<li>Dimensions &#8211; the mousepad should fit the size of the desk and the player&#8217;s preferences.<\/li>\n<\/ul>\n<h2><span style=\"font-size: 16px;\">What size of large mousepad is most suitable?<\/span><\/h2>\n<p>Choosing the size of a large mousepad depends on your individual needs. For gamers and people who need more space for a mouse and keyboard, sizes such as 30&#215;78 cm will be most suitable.<\/p>\n<h2><span style=\"font-size: 16px;\">What are the benefits of using a mouse pad?<\/span><\/h2>\n<p>Using a mousepad increases the precision and stability of mouse movements, which is essential for professional applications and gaming. In addition, the mousepad protects the surface of the desk from damage.<\/p>\n<h2><span style=\"font-size: 16px;\">What can be used as an alternative to a mousepad?<\/span><\/h2>\n<p>Other flat and smooth surfaces can serve as an alternative, but they usually do not offer the same precision and comfort as a dedicated mouse pad.<\/p>\n<h2><span style=\"font-size: 16px;\">Gaming mousepad vs. mouse sensor: which DPI to choose?<\/span><\/h2>\n<p>Choosing the right gaming mousepad should also take into account the specifications of the gaming mouse, such as the mouse sensor and the DPI of the mouse. Gaming mice with high DPI require a smooth mousepad surface that will allow precise tracking of mouse movements. Mice with lower DPI, on the other hand, may work better with mousepads with more grip.<\/p>\n<p>It is worth paying attention to the compatibility of the mousepad with the mouse&#8217;s sensor and to adjust the mouse&#8217;s DPI according to the player&#8217;s individual preferences and the type of games he intends to play.<\/p>\n<h2><span style=\"font-size: 16px;\">Why choose large mousepads with your graphics?<\/span><\/h2>\n<p>Investing in a mousepad with your graphics not only increases the comfort and precision of your mouse, but also allows you to express your individual style, making your computer workstation unique. The size of the mousepad allows you to protect your tabletop wherever you have a workspace.<\/p>\n<h2><span style=\"font-size: 16px;\">Large mousepad size vs. standard mousepad size, you choose your mousepad.<\/span><\/h2>\n<p>When comparing a large mousepad with a standard mousepad, it is worth noting the advantages of the larger size. An XXL size mousepad allows you to move the mouse more freely, which can translate into better precision and comfort when playing. For gamers who use low DPI, a larger mousepad surface may be necessary to effectively navigate the virtual world. If you&#8217;re looking for a larger mousepad than 30&#215;70 cm, then check out the XL section of the online store for large size mousepads.<\/p>\n","protected":false},"excerpt":{"rendered":"<p style=\"text-align: right;\">The lowest price in the last 30 days before the discount is 134.99 z\u0142<\/p>\n","protected":false},"featured_media":8229,"comment_status":"closed","ping_status":"closed","template":"","meta":{"inline_featured_image":false},"product_brand":[],"product_cat":[158],"product_tag":[],"class_list":{"0":"post-9179","1":"product","2":"type-product","3":"status-publish","4":"has-post-thumbnail","6":"product_cat-create-your-own-project","8":"first","9":"instock","10":"sale","11":"featured","12":"shipping-taxable","13":"purchasable","14":"product-type-simple"},"acf":[],"yoast_head":"<!-- This site is optimized with the Yoast SEO plugin v27.0 - https:\/\/yoast.com\/product\/yoast-seo-wordpress\/ -->\n<title>Mousepad large | Ideal for gamer \ud83d\udc4d<\/title>\n<meta name=\"description\" content=\"Large 78x30cm mousepad as a gift for \ud83d\udc4d 107.99 \u2714\u2714Your imprint \u2714Various sizes \u2714Fast delivery \u2714Go in and find what you&#039;re looking for!\" \/>\n<meta name=\"robots\" content=\"index, follow, max-snippet:-1, max-image-preview:large, max-video-preview:-1\" \/>\n<link rel=\"canonical\" href=\"https:\/\/yourpad.pl\/en\/mouspad-yourpad-pro-l\/\" \/>\n<meta property=\"og:locale\" content=\"en_US\" \/>\n<meta property=\"og:type\" content=\"article\" \/>\n<meta property=\"og:title\" content=\"Gamingowa podk\u0142adka pod mysz\" \/>\n<meta property=\"og:description\" content=\"YourPad\" \/>\n<meta property=\"og:url\" content=\"https:\/\/yourpad.pl\/en\/mouspad-yourpad-pro-l\/\" \/>\n<meta property=\"og:site_name\" content=\"YourPad\" \/>\n<meta property=\"article:publisher\" content=\"https:\/\/www.facebook.com\/yourpadpl\" \/>\n<meta property=\"article:modified_time\" content=\"2025-06-24T11:38:38+00:00\" \/>\n<meta property=\"og:image\" content=\"https:\/\/yourpad.pl\/wp-content\/uploads\/2023\/08\/podkladka-pod-mysz-l.jpg\" \/>\n\t<meta property=\"og:image:width\" content=\"431\" \/>\n\t<meta property=\"og:image:height\" content=\"367\" \/>\n\t<meta property=\"og:image:type\" content=\"image\/jpeg\" \/>\n<script type=\"application\/ld+json\" class=\"yoast-schema-graph\">{\"@context\":\"https:\/\/schema.org\",\"@graph\":[{\"@type\":\"WebPage\",\"@id\":\"https:\/\/yourpad.pl\/en\/mouspad-yourpad-pro-l\/\",\"url\":\"https:\/\/yourpad.pl\/en\/mouspad-yourpad-pro-l\/\",\"name\":\"Mousepad large | Ideal for gamer \ud83d\udc4d\",\"isPartOf\":{\"@id\":\"https:\/\/yourpad.pl\/en\/#website\"},\"primaryImageOfPage\":{\"@id\":\"https:\/\/yourpad.pl\/en\/mouspad-yourpad-pro-l\/#primaryimage\"},\"image\":{\"@id\":\"https:\/\/yourpad.pl\/en\/mouspad-yourpad-pro-l\/#primaryimage\"},\"thumbnailUrl\":\"https:\/\/yourpad.pl\/wp-content\/uploads\/2023\/08\/L.png\",\"datePublished\":\"2023-08-26T11:57:07+00:00\",\"dateModified\":\"2025-06-24T11:38:38+00:00\",\"description\":\"Large 78x30cm mousepad as a gift for \ud83d\udc4d 107.99 \u2714\u2714Your imprint \u2714Various sizes \u2714Fast delivery \u2714Go in and find what you're looking for!\",\"breadcrumb\":{\"@id\":\"https:\/\/yourpad.pl\/en\/mouspad-yourpad-pro-l\/#breadcrumb\"},\"inLanguage\":\"en-US\",\"potentialAction\":[{\"@type\":\"ReadAction\",\"target\":[\"https:\/\/yourpad.pl\/en\/mouspad-yourpad-pro-l\/\"]}]},{\"@type\":\"ImageObject\",\"inLanguage\":\"en-US\",\"@id\":\"https:\/\/yourpad.pl\/en\/mouspad-yourpad-pro-l\/#primaryimage\",\"url\":\"https:\/\/yourpad.pl\/wp-content\/uploads\/2023\/08\/L.png\",\"contentUrl\":\"https:\/\/yourpad.pl\/wp-content\/uploads\/2023\/08\/L.png\",\"width\":197,\"height\":186,\"caption\":\"Du\u017ca podk\u0142adka pod mysz\"},{\"@type\":\"BreadcrumbList\",\"@id\":\"https:\/\/yourpad.pl\/en\/mouspad-yourpad-pro-l\/#breadcrumb\",\"itemListElement\":[{\"@type\":\"ListItem\",\"position\":1,\"name\":\"Strona g\u0142\u00f3wna\",\"item\":\"https:\/\/yourpad.pl\/en\/\"},{\"@type\":\"ListItem\",\"position\":2,\"name\":\"Sklep\",\"item\":\"https:\/\/yourpad.pl\/sklep\/\"},{\"@type\":\"ListItem\",\"position\":3,\"name\":\"Mousepad YourPad PRO L\"}]},{\"@type\":\"WebSite\",\"@id\":\"https:\/\/yourpad.pl\/en\/#website\",\"url\":\"https:\/\/yourpad.pl\/en\/\",\"name\":\"YourPad\",\"description\":\"Zaprojektuj swoj\u0105 podk\u0142adk\u0119!\",\"publisher\":{\"@id\":\"https:\/\/yourpad.pl\/en\/#organization\"},\"potentialAction\":[{\"@type\":\"SearchAction\",\"target\":{\"@type\":\"EntryPoint\",\"urlTemplate\":\"https:\/\/yourpad.pl\/en\/?s={search_term_string}\"},\"query-input\":{\"@type\":\"PropertyValueSpecification\",\"valueRequired\":true,\"valueName\":\"search_term_string\"}}],\"inLanguage\":\"en-US\"},{\"@type\":\"Organization\",\"@id\":\"https:\/\/yourpad.pl\/en\/#organization\",\"name\":\"YourPad\",\"url\":\"https:\/\/yourpad.pl\/en\/\",\"logo\":{\"@type\":\"ImageObject\",\"inLanguage\":\"en-US\",\"@id\":\"https:\/\/yourpad.pl\/en\/#\/schema\/logo\/image\/\",\"url\":\"https:\/\/yourpad.pl\/wp-content\/uploads\/2023\/08\/logo.svg\",\"contentUrl\":\"https:\/\/yourpad.pl\/wp-content\/uploads\/2023\/08\/logo.svg\",\"width\":108,\"height\":57,\"caption\":\"YourPad\"},\"image\":{\"@id\":\"https:\/\/yourpad.pl\/en\/#\/schema\/logo\/image\/\"},\"sameAs\":[\"https:\/\/www.facebook.com\/yourpadpl\",\"https:\/\/www.tiktok.com\/@yourpad.pl\",\"https:\/\/www.instagram.com\/yourpad.pl\/\"]}]}<\/script>\n<!-- \/ Yoast SEO plugin. -->","yoast_head_json":{"title":"Mousepad large | Ideal for gamer \ud83d\udc4d","description":"Large 78x30cm mousepad as a gift for \ud83d\udc4d 107.99 \u2714\u2714Your imprint \u2714Various sizes \u2714Fast delivery \u2714Go in and find what you're looking for!","robots":{"index":"index","follow":"follow","max-snippet":"max-snippet:-1","max-image-preview":"max-image-preview:large","max-video-preview":"max-video-preview:-1"},"canonical":"https:\/\/yourpad.pl\/en\/mouspad-yourpad-pro-l\/","og_locale":"en_US","og_type":"article","og_title":"Gamingowa podk\u0142adka pod mysz","og_description":"YourPad","og_url":"https:\/\/yourpad.pl\/en\/mouspad-yourpad-pro-l\/","og_site_name":"YourPad","article_publisher":"https:\/\/www.facebook.com\/yourpadpl","article_modified_time":"2025-06-24T11:38:38+00:00","og_image":[{"width":431,"height":367,"url":"https:\/\/yourpad.pl\/wp-content\/uploads\/2023\/08\/podkladka-pod-mysz-l.jpg","type":"image\/jpeg"}],"schema":{"@context":"https:\/\/schema.org","@graph":[{"@type":"WebPage","@id":"https:\/\/yourpad.pl\/en\/mouspad-yourpad-pro-l\/","url":"https:\/\/yourpad.pl\/en\/mouspad-yourpad-pro-l\/","name":"Mousepad large | Ideal for gamer \ud83d\udc4d","isPartOf":{"@id":"https:\/\/yourpad.pl\/en\/#website"},"primaryImageOfPage":{"@id":"https:\/\/yourpad.pl\/en\/mouspad-yourpad-pro-l\/#primaryimage"},"image":{"@id":"https:\/\/yourpad.pl\/en\/mouspad-yourpad-pro-l\/#primaryimage"},"thumbnailUrl":"https:\/\/yourpad.pl\/wp-content\/uploads\/2023\/08\/L.png","datePublished":"2023-08-26T11:57:07+00:00","dateModified":"2025-06-24T11:38:38+00:00","description":"Large 78x30cm mousepad as a gift for \ud83d\udc4d 107.99 \u2714\u2714Your imprint \u2714Various sizes \u2714Fast delivery \u2714Go in and find what you're looking for!","breadcrumb":{"@id":"https:\/\/yourpad.pl\/en\/mouspad-yourpad-pro-l\/#breadcrumb"},"inLanguage":"en-US","potentialAction":[{"@type":"ReadAction","target":["https:\/\/yourpad.pl\/en\/mouspad-yourpad-pro-l\/"]}]},{"@type":"ImageObject","inLanguage":"en-US","@id":"https:\/\/yourpad.pl\/en\/mouspad-yourpad-pro-l\/#primaryimage","url":"https:\/\/yourpad.pl\/wp-content\/uploads\/2023\/08\/L.png","contentUrl":"https:\/\/yourpad.pl\/wp-content\/uploads\/2023\/08\/L.png","width":197,"height":186,"caption":"Du\u017ca podk\u0142adka pod mysz"},{"@type":"BreadcrumbList","@id":"https:\/\/yourpad.pl\/en\/mouspad-yourpad-pro-l\/#breadcrumb","itemListElement":[{"@type":"ListItem","position":1,"name":"Strona g\u0142\u00f3wna","item":"https:\/\/yourpad.pl\/en\/"},{"@type":"ListItem","position":2,"name":"Sklep","item":"https:\/\/yourpad.pl\/sklep\/"},{"@type":"ListItem","position":3,"name":"Mousepad YourPad PRO L"}]},{"@type":"WebSite","@id":"https:\/\/yourpad.pl\/en\/#website","url":"https:\/\/yourpad.pl\/en\/","name":"YourPad","description":"Zaprojektuj swoj\u0105 podk\u0142adk\u0119!","publisher":{"@id":"https:\/\/yourpad.pl\/en\/#organization"},"potentialAction":[{"@type":"SearchAction","target":{"@type":"EntryPoint","urlTemplate":"https:\/\/yourpad.pl\/en\/?s={search_term_string}"},"query-input":{"@type":"PropertyValueSpecification","valueRequired":true,"valueName":"search_term_string"}}],"inLanguage":"en-US"},{"@type":"Organization","@id":"https:\/\/yourpad.pl\/en\/#organization","name":"YourPad","url":"https:\/\/yourpad.pl\/en\/","logo":{"@type":"ImageObject","inLanguage":"en-US","@id":"https:\/\/yourpad.pl\/en\/#\/schema\/logo\/image\/","url":"https:\/\/yourpad.pl\/wp-content\/uploads\/2023\/08\/logo.svg","contentUrl":"https:\/\/yourpad.pl\/wp-content\/uploads\/2023\/08\/logo.svg","width":108,"height":57,"caption":"YourPad"},"image":{"@id":"https:\/\/yourpad.pl\/en\/#\/schema\/logo\/image\/"},"sameAs":["https:\/\/www.facebook.com\/yourpadpl","https:\/\/www.tiktok.com\/@yourpad.pl","https:\/\/www.instagram.com\/yourpad.pl\/"]}]}},"_links":{"self":[{"href":"https:\/\/yourpad.pl\/en\/wp-json\/wp\/v2\/product\/9179","targetHints":{"allow":["GET"]}}],"collection":[{"href":"https:\/\/yourpad.pl\/en\/wp-json\/wp\/v2\/product"}],"about":[{"href":"https:\/\/yourpad.pl\/en\/wp-json\/wp\/v2\/types\/product"}],"replies":[{"embeddable":true,"href":"https:\/\/yourpad.pl\/en\/wp-json\/wp\/v2\/comments?post=9179"}],"wp:featuredmedia":[{"embeddable":true,"href":"https:\/\/yourpad.pl\/en\/wp-json\/wp\/v2\/media\/8229"}],"wp:attachment":[{"href":"https:\/\/yourpad.pl\/en\/wp-json\/wp\/v2\/media?parent=9179"}],"wp:term":[{"taxonomy":"product_brand","embeddable":true,"href":"https:\/\/yourpad.pl\/en\/wp-json\/wp\/v2\/product_brand?post=9179"},{"taxonomy":"product_cat","embeddable":true,"href":"https:\/\/yourpad.pl\/en\/wp-json\/wp\/v2\/product_cat?post=9179"},{"taxonomy":"product_tag","embeddable":true,"href":"https:\/\/yourpad.pl\/en\/wp-json\/wp\/v2\/product_tag?post=9179"}],"curies":[{"name":"wp","href":"https:\/\/api.w.org\/{rel}","templated":true}]}}