{"id":9288,"date":"2025-01-21T15:36:23","date_gmt":"2025-01-21T14:36:23","guid":{"rendered":"https:\/\/yourpad.pl\/podkladka-pod-mysz-retro-samochod\/"},"modified":"2025-02-24T14:16:57","modified_gmt":"2025-02-24T13:16:57","slug":"podkladka-pod-mysz-retro-samochod","status":"publish","type":"product","link":"https:\/\/yourpad.pl\/en\/podkladka-pod-mysz-retro-samochod\/","title":{"rendered":"Retro Drive Mousepad"},"content":{"rendered":"<div class=\"flex-shrink-0 flex flex-col relative items-end\">\n<div>\n<div class=\"pt-0\">\n<div class=\"gizmo-bot-avatar flex h-8 w-8 items-center justify-center overflow-hidden rounded-full\">\n<div class=\"relative p-1 rounded-sm flex items-center justify-center bg-token-main-surface-primary text-token-text-primary h-8 w-8\">\u00a0<\/div>\n<\/div>\n<\/div>\n<\/div>\n<\/div>\n<div class=\"group\/conversation-turn relative flex w-full min-w-0 flex-col agent-turn\">\n<div class=\"flex-col gap-1 md:gap-3\">\n<div class=\"flex max-w-full flex-col flex-grow\">\n<div class=\"min-h-[20px] text-message flex w-full flex-col items-end gap-2 whitespace-pre-wrap break-words [.text-message+&amp;]:mt-5 overflow-x-auto\" dir=\"auto\" data-message-author-role=\"assistant\" data-message-id=\"c457efe1-1810-4932-8a59-05f7450bfb02\">\n<div class=\"flex w-full flex-col gap-1 empty:hidden first:pt-[3px]\">\n<div class=\"markdown prose w-full break-words dark:prose-invert light\">\n<p>Your computer deserves the very best accessories. A custom mouse pad is the perfect accessory that combines functionality with aesthetics, allowing you to express your unique style. What is the best mouse pad? We can help you find the answer by customising your mouse pad to suit your needs.<\/p>\n<p>Looking for the perfect addition to your desk?<\/p>\n<p>Custom mouse pads combine functionality and aesthetics to create a unique product tailored to your needs.<\/p>\n<p>Is it worth investing in a mouse pad?<\/p>\n<p>Absolutely, especially when you can personalise it to suit your work or play style.<\/p>\n<p>A printed mousepad is the perfect solution that you can fully personalise. How do you make your own mouse pad? With our range it&#8217;s easy &#8211; you can create a personalised mouse pad that reflects your style and passions.<\/p>\n<p>Our personalised mousepads are guaranteed to be high quality and unique in design. Whether you are a gamer or an office worker, our products will live up to your expectations. What does a good mouse pad offer? It provides the comfort and precision that are essential for both work and play.<\/p>\n<p>The best gaming Mousepad will ensure smooth and precise movements in any gaming session. Which Mousepad should I choose for gaming? Our products offer the right surface texture to enhance precision and comfort during gaming.<\/p>\n<p>A cheap custom mousepad offers high quality at an affordable price.<\/p>\n<p>Where can you buy a good mousepad at an affordable price? We have products for everyone who appreciates individuality and quality at an attractive price.<\/p>\n<p>A mousepad with your own photo is an option for those who want to have their favourite photo always on their desk.<\/p>\n<p><strong>Can I order a mouse pad with my own photo?<\/strong> Yes, our personalised mousepads offer a full colour sublimation print that will add definition and make every glance at your desk a smile.<\/p>\n<p>A logo mousepad is a stylish office accessory. It will help promote your brand. How do you order a mousepad with your logo? Order today and enjoy a unique Mousepad to match!<\/p>\n<p>Our products are the perfect choice for anyone who appreciates individuality and quality. Don&#8217;t wait, make your computer workstation even more special with our range of personalised mousepads.<\/p>\n<p>Order today and enjoy a unique mousepad that meets all your expectations!<\/p>\n<p>Our products are the perfect choice for anyone who appreciates individuality and quality. Don&#8217;t wait, make your computer workstation even more special with our range of personalised mousepads.<\/p>\n<\/div>\n<\/div>\n<\/div>\n<\/div>\n<\/div>\n<\/div>\n","protected":false},"excerpt":{"rendered":"<p><strong>Mata pod myszk\u0119 z nadrukiem<\/strong> to doskona\u0142e rozwi\u0105zanie, kt\u00f3re mo\u017cesz w pe\u0142ni spersonalizowa\u0107.<\/p>\n","protected":false},"featured_media":9088,"comment_status":"closed","ping_status":"closed","template":"","meta":{"inline_featured_image":false},"product_brand":[],"product_cat":[148,149],"product_tag":[],"class_list":{"0":"post-9288","1":"product","2":"type-product","3":"status-publish","4":"has-post-thumbnail","6":"product_cat-podkladki-pod-mysz-retro-en","7":"product_cat-podkladki-pod-mysz-sport-en","9":"first","10":"instock","11":"sale","12":"shipping-taxable","13":"purchasable","14":"product-type-variable","15":"has-default-attributes"},"acf":[],"yoast_head":"<!-- This site is optimized with the Yoast SEO plugin v27.0 - https:\/\/yoast.com\/product\/yoast-seo-wordpress\/ -->\n<title>Retro Drive Mousepad - YourPad<\/title>\n<meta name=\"description\" content=\"Podk\u0142adka pod mysz Retro Samoch\u00f3d. Zaokr\u0105glone i obszyte brzegi podk\u0142adki. Kompatybilne z laserowym i optycznym sensorem. \u0141ap promocje do-30% ju\u017c dzi\u015b\" \/>\n<meta name=\"robots\" content=\"index, follow, max-snippet:-1, max-image-preview:large, max-video-preview:-1\" \/>\n<link rel=\"canonical\" href=\"https:\/\/yourpad.pl\/en\/podkladka-pod-mysz-retro-samochod\/\" \/>\n<meta property=\"og:locale\" content=\"en_US\" \/>\n<meta property=\"og:type\" content=\"article\" \/>\n<meta property=\"og:title\" content=\"Retro Drive Mousepad - YourPad\" \/>\n<meta property=\"og:description\" content=\"Podk\u0142adka pod mysz Retro Samoch\u00f3d. Zaokr\u0105glone i obszyte brzegi podk\u0142adki. Kompatybilne z laserowym i optycznym sensorem. \u0141ap promocje do-30% ju\u017c dzi\u015b\" \/>\n<meta property=\"og:url\" content=\"https:\/\/yourpad.pl\/en\/podkladka-pod-mysz-retro-samochod\/\" \/>\n<meta property=\"og:site_name\" content=\"YourPad\" \/>\n<meta property=\"article:publisher\" content=\"https:\/\/www.facebook.com\/yourpadpl\" \/>\n<meta property=\"article:modified_time\" content=\"2025-02-24T13:16:57+00:00\" \/>\n<meta property=\"og:image\" content=\"https:\/\/yourpad.pl\/wp-content\/uploads\/2025\/01\/podkladka-pod-mysz-retro-samochod-m-scaled.jpg\" \/>\n\t<meta property=\"og:image:width\" content=\"2000\" \/>\n\t<meta property=\"og:image:height\" content=\"1739\" \/>\n\t<meta property=\"og:image:type\" content=\"image\/jpeg\" \/>\n<script type=\"application\/ld+json\" class=\"yoast-schema-graph\">{\"@context\":\"https:\/\/schema.org\",\"@graph\":[{\"@type\":\"WebPage\",\"@id\":\"https:\/\/yourpad.pl\/en\/podkladka-pod-mysz-retro-samochod\/\",\"url\":\"https:\/\/yourpad.pl\/en\/podkladka-pod-mysz-retro-samochod\/\",\"name\":\"Retro Drive Mousepad - YourPad\",\"isPartOf\":{\"@id\":\"https:\/\/yourpad.pl\/en\/#website\"},\"primaryImageOfPage\":{\"@id\":\"https:\/\/yourpad.pl\/en\/podkladka-pod-mysz-retro-samochod\/#primaryimage\"},\"image\":{\"@id\":\"https:\/\/yourpad.pl\/en\/podkladka-pod-mysz-retro-samochod\/#primaryimage\"},\"thumbnailUrl\":\"https:\/\/yourpad.pl\/wp-content\/uploads\/2025\/01\/podkladka-pod-mysz-retro-samochod-m-scaled.jpg\",\"datePublished\":\"2025-01-21T14:36:23+00:00\",\"dateModified\":\"2025-02-24T13:16:57+00:00\",\"description\":\"Podk\u0142adka pod mysz Retro Samoch\u00f3d. Zaokr\u0105glone i obszyte brzegi podk\u0142adki. Kompatybilne z laserowym i optycznym sensorem. \u0141ap promocje do-30% ju\u017c dzi\u015b\",\"breadcrumb\":{\"@id\":\"https:\/\/yourpad.pl\/en\/podkladka-pod-mysz-retro-samochod\/#breadcrumb\"},\"inLanguage\":\"en-US\",\"potentialAction\":[{\"@type\":\"ReadAction\",\"target\":[\"https:\/\/yourpad.pl\/en\/podkladka-pod-mysz-retro-samochod\/\"]}]},{\"@type\":\"ImageObject\",\"inLanguage\":\"en-US\",\"@id\":\"https:\/\/yourpad.pl\/en\/podkladka-pod-mysz-retro-samochod\/#primaryimage\",\"url\":\"https:\/\/yourpad.pl\/wp-content\/uploads\/2025\/01\/podkladka-pod-mysz-retro-samochod-m-scaled.jpg\",\"contentUrl\":\"https:\/\/yourpad.pl\/wp-content\/uploads\/2025\/01\/podkladka-pod-mysz-retro-samochod-m-scaled.jpg\",\"width\":2000,\"height\":1739,\"caption\":\"Podk\u0142adka pod mysz Retro samoch\u00f3d M\"},{\"@type\":\"BreadcrumbList\",\"@id\":\"https:\/\/yourpad.pl\/en\/podkladka-pod-mysz-retro-samochod\/#breadcrumb\",\"itemListElement\":[{\"@type\":\"ListItem\",\"position\":1,\"name\":\"Strona g\u0142\u00f3wna\",\"item\":\"https:\/\/yourpad.pl\/en\/\"},{\"@type\":\"ListItem\",\"position\":2,\"name\":\"Sklep\",\"item\":\"https:\/\/yourpad.pl\/sklep\/\"},{\"@type\":\"ListItem\",\"position\":3,\"name\":\"Retro Drive Mousepad\"}]},{\"@type\":\"WebSite\",\"@id\":\"https:\/\/yourpad.pl\/en\/#website\",\"url\":\"https:\/\/yourpad.pl\/en\/\",\"name\":\"YourPad\",\"description\":\"Zaprojektuj swoj\u0105 podk\u0142adk\u0119!\",\"publisher\":{\"@id\":\"https:\/\/yourpad.pl\/en\/#organization\"},\"potentialAction\":[{\"@type\":\"SearchAction\",\"target\":{\"@type\":\"EntryPoint\",\"urlTemplate\":\"https:\/\/yourpad.pl\/en\/?s={search_term_string}\"},\"query-input\":{\"@type\":\"PropertyValueSpecification\",\"valueRequired\":true,\"valueName\":\"search_term_string\"}}],\"inLanguage\":\"en-US\"},{\"@type\":\"Organization\",\"@id\":\"https:\/\/yourpad.pl\/en\/#organization\",\"name\":\"YourPad\",\"url\":\"https:\/\/yourpad.pl\/en\/\",\"logo\":{\"@type\":\"ImageObject\",\"inLanguage\":\"en-US\",\"@id\":\"https:\/\/yourpad.pl\/en\/#\/schema\/logo\/image\/\",\"url\":\"https:\/\/yourpad.pl\/wp-content\/uploads\/2023\/08\/logo.svg\",\"contentUrl\":\"https:\/\/yourpad.pl\/wp-content\/uploads\/2023\/08\/logo.svg\",\"width\":108,\"height\":57,\"caption\":\"YourPad\"},\"image\":{\"@id\":\"https:\/\/yourpad.pl\/en\/#\/schema\/logo\/image\/\"},\"sameAs\":[\"https:\/\/www.facebook.com\/yourpadpl\",\"https:\/\/www.tiktok.com\/@yourpad.pl\",\"https:\/\/www.instagram.com\/yourpad.pl\/\"]}]}<\/script>\n<!-- \/ Yoast SEO plugin. -->","yoast_head_json":{"title":"Retro Drive Mousepad - YourPad","description":"Podk\u0142adka pod mysz Retro Samoch\u00f3d. Zaokr\u0105glone i obszyte brzegi podk\u0142adki. Kompatybilne z laserowym i optycznym sensorem. \u0141ap promocje do-30% ju\u017c dzi\u015b","robots":{"index":"index","follow":"follow","max-snippet":"max-snippet:-1","max-image-preview":"max-image-preview:large","max-video-preview":"max-video-preview:-1"},"canonical":"https:\/\/yourpad.pl\/en\/podkladka-pod-mysz-retro-samochod\/","og_locale":"en_US","og_type":"article","og_title":"Retro Drive Mousepad - YourPad","og_description":"Podk\u0142adka pod mysz Retro Samoch\u00f3d. Zaokr\u0105glone i obszyte brzegi podk\u0142adki. Kompatybilne z laserowym i optycznym sensorem. \u0141ap promocje do-30% ju\u017c dzi\u015b","og_url":"https:\/\/yourpad.pl\/en\/podkladka-pod-mysz-retro-samochod\/","og_site_name":"YourPad","article_publisher":"https:\/\/www.facebook.com\/yourpadpl","article_modified_time":"2025-02-24T13:16:57+00:00","og_image":[{"width":2000,"height":1739,"url":"https:\/\/yourpad.pl\/wp-content\/uploads\/2025\/01\/podkladka-pod-mysz-retro-samochod-m-scaled.jpg","type":"image\/jpeg"}],"schema":{"@context":"https:\/\/schema.org","@graph":[{"@type":"WebPage","@id":"https:\/\/yourpad.pl\/en\/podkladka-pod-mysz-retro-samochod\/","url":"https:\/\/yourpad.pl\/en\/podkladka-pod-mysz-retro-samochod\/","name":"Retro Drive Mousepad - YourPad","isPartOf":{"@id":"https:\/\/yourpad.pl\/en\/#website"},"primaryImageOfPage":{"@id":"https:\/\/yourpad.pl\/en\/podkladka-pod-mysz-retro-samochod\/#primaryimage"},"image":{"@id":"https:\/\/yourpad.pl\/en\/podkladka-pod-mysz-retro-samochod\/#primaryimage"},"thumbnailUrl":"https:\/\/yourpad.pl\/wp-content\/uploads\/2025\/01\/podkladka-pod-mysz-retro-samochod-m-scaled.jpg","datePublished":"2025-01-21T14:36:23+00:00","dateModified":"2025-02-24T13:16:57+00:00","description":"Podk\u0142adka pod mysz Retro Samoch\u00f3d. Zaokr\u0105glone i obszyte brzegi podk\u0142adki. Kompatybilne z laserowym i optycznym sensorem. \u0141ap promocje do-30% ju\u017c dzi\u015b","breadcrumb":{"@id":"https:\/\/yourpad.pl\/en\/podkladka-pod-mysz-retro-samochod\/#breadcrumb"},"inLanguage":"en-US","potentialAction":[{"@type":"ReadAction","target":["https:\/\/yourpad.pl\/en\/podkladka-pod-mysz-retro-samochod\/"]}]},{"@type":"ImageObject","inLanguage":"en-US","@id":"https:\/\/yourpad.pl\/en\/podkladka-pod-mysz-retro-samochod\/#primaryimage","url":"https:\/\/yourpad.pl\/wp-content\/uploads\/2025\/01\/podkladka-pod-mysz-retro-samochod-m-scaled.jpg","contentUrl":"https:\/\/yourpad.pl\/wp-content\/uploads\/2025\/01\/podkladka-pod-mysz-retro-samochod-m-scaled.jpg","width":2000,"height":1739,"caption":"Podk\u0142adka pod mysz Retro samoch\u00f3d M"},{"@type":"BreadcrumbList","@id":"https:\/\/yourpad.pl\/en\/podkladka-pod-mysz-retro-samochod\/#breadcrumb","itemListElement":[{"@type":"ListItem","position":1,"name":"Strona g\u0142\u00f3wna","item":"https:\/\/yourpad.pl\/en\/"},{"@type":"ListItem","position":2,"name":"Sklep","item":"https:\/\/yourpad.pl\/sklep\/"},{"@type":"ListItem","position":3,"name":"Retro Drive Mousepad"}]},{"@type":"WebSite","@id":"https:\/\/yourpad.pl\/en\/#website","url":"https:\/\/yourpad.pl\/en\/","name":"YourPad","description":"Zaprojektuj swoj\u0105 podk\u0142adk\u0119!","publisher":{"@id":"https:\/\/yourpad.pl\/en\/#organization"},"potentialAction":[{"@type":"SearchAction","target":{"@type":"EntryPoint","urlTemplate":"https:\/\/yourpad.pl\/en\/?s={search_term_string}"},"query-input":{"@type":"PropertyValueSpecification","valueRequired":true,"valueName":"search_term_string"}}],"inLanguage":"en-US"},{"@type":"Organization","@id":"https:\/\/yourpad.pl\/en\/#organization","name":"YourPad","url":"https:\/\/yourpad.pl\/en\/","logo":{"@type":"ImageObject","inLanguage":"en-US","@id":"https:\/\/yourpad.pl\/en\/#\/schema\/logo\/image\/","url":"https:\/\/yourpad.pl\/wp-content\/uploads\/2023\/08\/logo.svg","contentUrl":"https:\/\/yourpad.pl\/wp-content\/uploads\/2023\/08\/logo.svg","width":108,"height":57,"caption":"YourPad"},"image":{"@id":"https:\/\/yourpad.pl\/en\/#\/schema\/logo\/image\/"},"sameAs":["https:\/\/www.facebook.com\/yourpadpl","https:\/\/www.tiktok.com\/@yourpad.pl","https:\/\/www.instagram.com\/yourpad.pl\/"]}]}},"_links":{"self":[{"href":"https:\/\/yourpad.pl\/en\/wp-json\/wp\/v2\/product\/9288","targetHints":{"allow":["GET"]}}],"collection":[{"href":"https:\/\/yourpad.pl\/en\/wp-json\/wp\/v2\/product"}],"about":[{"href":"https:\/\/yourpad.pl\/en\/wp-json\/wp\/v2\/types\/product"}],"replies":[{"embeddable":true,"href":"https:\/\/yourpad.pl\/en\/wp-json\/wp\/v2\/comments?post=9288"}],"wp:featuredmedia":[{"embeddable":true,"href":"https:\/\/yourpad.pl\/en\/wp-json\/wp\/v2\/media\/9088"}],"wp:attachment":[{"href":"https:\/\/yourpad.pl\/en\/wp-json\/wp\/v2\/media?parent=9288"}],"wp:term":[{"taxonomy":"product_brand","embeddable":true,"href":"https:\/\/yourpad.pl\/en\/wp-json\/wp\/v2\/product_brand?post=9288"},{"taxonomy":"product_cat","embeddable":true,"href":"https:\/\/yourpad.pl\/en\/wp-json\/wp\/v2\/product_cat?post=9288"},{"taxonomy":"product_tag","embeddable":true,"href":"https:\/\/yourpad.pl\/en\/wp-json\/wp\/v2\/product_tag?post=9288"}],"curies":[{"name":"wp","href":"https:\/\/api.w.org\/{rel}","templated":true}]}}