{"id":9390,"date":"2025-01-21T12:27:05","date_gmt":"2025-01-21T11:27:05","guid":{"rendered":"https:\/\/yourpad.pl\/podkladka-pod-mysz-zachod-slonca\/"},"modified":"2025-03-03T11:45:43","modified_gmt":"2025-03-03T10:45:43","slug":"podkladka-pod-mysz-zachod-slonca","status":"publish","type":"product","link":"https:\/\/yourpad.pl\/en\/podkladka-pod-mysz-zachod-slonca\/","title":{"rendered":"Retro Sunset Mousepad"},"content":{"rendered":"<div class=\"flex-shrink-0 flex flex-col relative items-end\">\n<div>\n<div class=\"pt-0\">\n<div class=\"gizmo-bot-avatar flex h-8 w-8 items-center justify-center overflow-hidden rounded-full\">\n<div class=\"relative p-1 rounded-sm flex items-center justify-center bg-token-main-surface-primary text-token-text-primary h-8 w-8\">\u00a0<\/div>\n<\/div>\n<\/div>\n<\/div>\n<\/div>\n<div class=\"group\/conversation-turn relative flex w-full min-w-0 flex-col agent-turn\">\n<div class=\"flex-col gap-1 md:gap-3\">\n<div class=\"flex max-w-full flex-col flex-grow\">\n<div class=\"min-h-[20px] text-message flex w-full flex-col items-end gap-2 whitespace-pre-wrap break-words [.text-message+&amp;]:mt-5 overflow-x-auto\" dir=\"auto\" data-message-author-role=\"assistant\" data-message-id=\"c457efe1-1810-4932-8a59-05f7450bfb02\">\n<div class=\"flex w-full flex-col gap-1 empty:hidden first:pt-[3px]\">\n<div class=\"markdown prose w-full break-words dark:prose-invert light\">\n<p><em>Your computer deserves the finest accessories?<\/em><\/p>\n<p>A custom mousepad is the perfect accessory that combines functionality with aesthetics, allowing you to express your unique style.<\/p>\n<p><strong>What is the best mousepad? <\/strong><\/p>\n<p>Let us help you find the answer by customizing your mousepad to fit your needs.<\/p>\n<p><strong>Looking for the perfect addition to your desk?<\/strong><\/p>\n<p>Custom mousepads combine functionality and aesthetics to create a unique product tailored to your needs.<\/p>\n<p><strong>Is a mousepad worth the investment?<\/strong><\/p>\n<p>Absolutely, especially when you can customize it to match your work or play style.<\/p>\n<p>A printed mousepad is a great solution that you can fully customize.<\/p>\n<p><strong>How do I make my own mousepad? <\/strong><\/p>\n<p>With us, it&#8217;s easy &#8211; you can create a personalized mousepad that reflects your style and passions.<\/p>\n<p>Our custom mousepads are guaranteed to be of the highest quality workmanship and unique design. Whether you are a gamer or an office worker, our products will meet your expectations. What does a good mousepad offer? It provides comfort and precision, which is critical for both work and play.<\/p>\n<p>The best gaming mousepad will ensure smooth and precise movements in any gaming session.<\/p>\n<p><strong>What kind of mousepad should I choose for gaming?<\/strong><\/p>\n<p>Our products offer the right surface texture to enhance precision and comfort during gaming.<\/p>\n<p>A mousepad with your own photo is an option for those who want to have their favourite photo always on their desk.<\/p>\n<p><strong>Is it possible to order a mousepad with my own photo? <\/strong><\/p>\n<p>Yes, our custom photo mousepads offer full colour sublimation printing that will add definition and make every glance at your desk a smile.<\/p>\n<p>A logo mouse pad is a stylish office accessory that will help promote your brand.<\/p>\n<p><strong>How do I order a logo mousepad?<\/strong><\/p>\n<p>Order today and enjoy a unique mousepad that will meet all your expectations!<\/p>\n<p>Our products are an excellent choice for anyone who appreciates individuality and quality.<br \/>\nDon&#8217;t wait, make your computer workstation even more special with our range of personalised mousepads.<\/p>\n<\/div>\n<\/div>\n<\/div>\n<\/div>\n<\/div>\n<\/div>\n","protected":false},"excerpt":{"rendered":"<p>A printed <strong>mousepad<\/strong> is the perfect solution that you can fully personalise.<\/p>\n","protected":false},"featured_media":9063,"comment_status":"closed","ping_status":"closed","template":"","meta":{"inline_featured_image":false},"product_brand":[],"product_cat":[101,148],"product_tag":[],"class_list":{"0":"post-9390","1":"product","2":"type-product","3":"status-publish","4":"has-post-thumbnail","6":"product_cat-natura-mouse-pads","7":"product_cat-podkladki-pod-mysz-retro-en","9":"first","10":"instock","11":"sale","12":"shipping-taxable","13":"purchasable","14":"product-type-variable","15":"has-default-attributes"},"acf":[],"yoast_head":"<!-- This site is optimized with the Yoast SEO plugin v27.0 - https:\/\/yoast.com\/product\/yoast-seo-wordpress\/ -->\n<title>Retro Sunset Mousepad - Neon design in 4 sizes | YourPad.pl<\/title>\n<meta name=\"description\" content=\"The Retro Sunset MousePad is a combination of functionality and retro design. 4 sizes: 30x25 cm, 46x40 cm, 78x30 cm, 90x40 cm. Check out the offer !\" \/>\n<meta name=\"robots\" content=\"index, follow, max-snippet:-1, max-image-preview:large, max-video-preview:-1\" \/>\n<link rel=\"canonical\" href=\"https:\/\/yourpad.pl\/en\/podkladka-pod-mysz-zachod-slonca\/\" \/>\n<meta property=\"og:locale\" content=\"en_US\" \/>\n<meta property=\"og:type\" content=\"article\" \/>\n<meta property=\"og:title\" content=\"Retro Sunset Mousepad - Neon design in 4 sizes | YourPad.pl\" \/>\n<meta property=\"og:description\" content=\"The Retro Sunset MousePad is a combination of functionality and retro design. 4 sizes: 30x25 cm, 46x40 cm, 78x30 cm, 90x40 cm. Check out the offer !\" \/>\n<meta property=\"og:url\" content=\"https:\/\/yourpad.pl\/en\/podkladka-pod-mysz-zachod-slonca\/\" \/>\n<meta property=\"og:site_name\" content=\"YourPad\" \/>\n<meta property=\"article:publisher\" content=\"https:\/\/www.facebook.com\/yourpadpl\" \/>\n<meta property=\"article:modified_time\" content=\"2025-03-03T10:45:43+00:00\" \/>\n<meta property=\"og:image\" content=\"https:\/\/yourpad.pl\/wp-content\/uploads\/2025\/01\/podkladka-pod-mysz-zachod-slonca-vector-m-scaled.jpg\" \/>\n\t<meta property=\"og:image:width\" content=\"2000\" \/>\n\t<meta property=\"og:image:height\" content=\"1739\" \/>\n\t<meta property=\"og:image:type\" content=\"image\/jpeg\" \/>\n<script type=\"application\/ld+json\" class=\"yoast-schema-graph\">{\"@context\":\"https:\/\/schema.org\",\"@graph\":[{\"@type\":\"WebPage\",\"@id\":\"https:\/\/yourpad.pl\/en\/podkladka-pod-mysz-zachod-slonca\/\",\"url\":\"https:\/\/yourpad.pl\/en\/podkladka-pod-mysz-zachod-slonca\/\",\"name\":\"Retro Sunset Mousepad - Neon design in 4 sizes | YourPad.pl\",\"isPartOf\":{\"@id\":\"https:\/\/yourpad.pl\/en\/#website\"},\"primaryImageOfPage\":{\"@id\":\"https:\/\/yourpad.pl\/en\/podkladka-pod-mysz-zachod-slonca\/#primaryimage\"},\"image\":{\"@id\":\"https:\/\/yourpad.pl\/en\/podkladka-pod-mysz-zachod-slonca\/#primaryimage\"},\"thumbnailUrl\":\"https:\/\/yourpad.pl\/wp-content\/uploads\/2025\/01\/podkladka-pod-mysz-zachod-slonca-vector-m-scaled.jpg\",\"datePublished\":\"2025-01-21T11:27:05+00:00\",\"dateModified\":\"2025-03-03T10:45:43+00:00\",\"description\":\"The Retro Sunset MousePad is a combination of functionality and retro design. 4 sizes: 30x25 cm, 46x40 cm, 78x30 cm, 90x40 cm. Check out the offer !\",\"breadcrumb\":{\"@id\":\"https:\/\/yourpad.pl\/en\/podkladka-pod-mysz-zachod-slonca\/#breadcrumb\"},\"inLanguage\":\"en-US\",\"potentialAction\":[{\"@type\":\"ReadAction\",\"target\":[\"https:\/\/yourpad.pl\/en\/podkladka-pod-mysz-zachod-slonca\/\"]}]},{\"@type\":\"ImageObject\",\"inLanguage\":\"en-US\",\"@id\":\"https:\/\/yourpad.pl\/en\/podkladka-pod-mysz-zachod-slonca\/#primaryimage\",\"url\":\"https:\/\/yourpad.pl\/wp-content\/uploads\/2025\/01\/podkladka-pod-mysz-zachod-slonca-vector-m-scaled.jpg\",\"contentUrl\":\"https:\/\/yourpad.pl\/wp-content\/uploads\/2025\/01\/podkladka-pod-mysz-zachod-slonca-vector-m-scaled.jpg\",\"width\":2000,\"height\":1739,\"caption\":\"Podk\u0142adka pod mysz zach\u00f3d s\u0142o\u0144ca vector M\"},{\"@type\":\"BreadcrumbList\",\"@id\":\"https:\/\/yourpad.pl\/en\/podkladka-pod-mysz-zachod-slonca\/#breadcrumb\",\"itemListElement\":[{\"@type\":\"ListItem\",\"position\":1,\"name\":\"Strona g\u0142\u00f3wna\",\"item\":\"https:\/\/yourpad.pl\/en\/\"},{\"@type\":\"ListItem\",\"position\":2,\"name\":\"Sklep\",\"item\":\"https:\/\/yourpad.pl\/sklep\/\"},{\"@type\":\"ListItem\",\"position\":3,\"name\":\"Retro Sunset Mousepad\"}]},{\"@type\":\"WebSite\",\"@id\":\"https:\/\/yourpad.pl\/en\/#website\",\"url\":\"https:\/\/yourpad.pl\/en\/\",\"name\":\"YourPad\",\"description\":\"Zaprojektuj swoj\u0105 podk\u0142adk\u0119!\",\"publisher\":{\"@id\":\"https:\/\/yourpad.pl\/en\/#organization\"},\"potentialAction\":[{\"@type\":\"SearchAction\",\"target\":{\"@type\":\"EntryPoint\",\"urlTemplate\":\"https:\/\/yourpad.pl\/en\/?s={search_term_string}\"},\"query-input\":{\"@type\":\"PropertyValueSpecification\",\"valueRequired\":true,\"valueName\":\"search_term_string\"}}],\"inLanguage\":\"en-US\"},{\"@type\":\"Organization\",\"@id\":\"https:\/\/yourpad.pl\/en\/#organization\",\"name\":\"YourPad\",\"url\":\"https:\/\/yourpad.pl\/en\/\",\"logo\":{\"@type\":\"ImageObject\",\"inLanguage\":\"en-US\",\"@id\":\"https:\/\/yourpad.pl\/en\/#\/schema\/logo\/image\/\",\"url\":\"https:\/\/yourpad.pl\/wp-content\/uploads\/2023\/08\/logo.svg\",\"contentUrl\":\"https:\/\/yourpad.pl\/wp-content\/uploads\/2023\/08\/logo.svg\",\"width\":108,\"height\":57,\"caption\":\"YourPad\"},\"image\":{\"@id\":\"https:\/\/yourpad.pl\/en\/#\/schema\/logo\/image\/\"},\"sameAs\":[\"https:\/\/www.facebook.com\/yourpadpl\",\"https:\/\/www.tiktok.com\/@yourpad.pl\",\"https:\/\/www.instagram.com\/yourpad.pl\/\"]}]}<\/script>\n<!-- \/ Yoast SEO plugin. -->","yoast_head_json":{"title":"Retro Sunset Mousepad - Neon design in 4 sizes | YourPad.pl","description":"The Retro Sunset MousePad is a combination of functionality and retro design. 4 sizes: 30x25 cm, 46x40 cm, 78x30 cm, 90x40 cm. Check out the offer !","robots":{"index":"index","follow":"follow","max-snippet":"max-snippet:-1","max-image-preview":"max-image-preview:large","max-video-preview":"max-video-preview:-1"},"canonical":"https:\/\/yourpad.pl\/en\/podkladka-pod-mysz-zachod-slonca\/","og_locale":"en_US","og_type":"article","og_title":"Retro Sunset Mousepad - Neon design in 4 sizes | YourPad.pl","og_description":"The Retro Sunset MousePad is a combination of functionality and retro design. 4 sizes: 30x25 cm, 46x40 cm, 78x30 cm, 90x40 cm. Check out the offer !","og_url":"https:\/\/yourpad.pl\/en\/podkladka-pod-mysz-zachod-slonca\/","og_site_name":"YourPad","article_publisher":"https:\/\/www.facebook.com\/yourpadpl","article_modified_time":"2025-03-03T10:45:43+00:00","og_image":[{"width":2000,"height":1739,"url":"https:\/\/yourpad.pl\/wp-content\/uploads\/2025\/01\/podkladka-pod-mysz-zachod-slonca-vector-m-scaled.jpg","type":"image\/jpeg"}],"schema":{"@context":"https:\/\/schema.org","@graph":[{"@type":"WebPage","@id":"https:\/\/yourpad.pl\/en\/podkladka-pod-mysz-zachod-slonca\/","url":"https:\/\/yourpad.pl\/en\/podkladka-pod-mysz-zachod-slonca\/","name":"Retro Sunset Mousepad - Neon design in 4 sizes | YourPad.pl","isPartOf":{"@id":"https:\/\/yourpad.pl\/en\/#website"},"primaryImageOfPage":{"@id":"https:\/\/yourpad.pl\/en\/podkladka-pod-mysz-zachod-slonca\/#primaryimage"},"image":{"@id":"https:\/\/yourpad.pl\/en\/podkladka-pod-mysz-zachod-slonca\/#primaryimage"},"thumbnailUrl":"https:\/\/yourpad.pl\/wp-content\/uploads\/2025\/01\/podkladka-pod-mysz-zachod-slonca-vector-m-scaled.jpg","datePublished":"2025-01-21T11:27:05+00:00","dateModified":"2025-03-03T10:45:43+00:00","description":"The Retro Sunset MousePad is a combination of functionality and retro design. 4 sizes: 30x25 cm, 46x40 cm, 78x30 cm, 90x40 cm. Check out the offer !","breadcrumb":{"@id":"https:\/\/yourpad.pl\/en\/podkladka-pod-mysz-zachod-slonca\/#breadcrumb"},"inLanguage":"en-US","potentialAction":[{"@type":"ReadAction","target":["https:\/\/yourpad.pl\/en\/podkladka-pod-mysz-zachod-slonca\/"]}]},{"@type":"ImageObject","inLanguage":"en-US","@id":"https:\/\/yourpad.pl\/en\/podkladka-pod-mysz-zachod-slonca\/#primaryimage","url":"https:\/\/yourpad.pl\/wp-content\/uploads\/2025\/01\/podkladka-pod-mysz-zachod-slonca-vector-m-scaled.jpg","contentUrl":"https:\/\/yourpad.pl\/wp-content\/uploads\/2025\/01\/podkladka-pod-mysz-zachod-slonca-vector-m-scaled.jpg","width":2000,"height":1739,"caption":"Podk\u0142adka pod mysz zach\u00f3d s\u0142o\u0144ca vector M"},{"@type":"BreadcrumbList","@id":"https:\/\/yourpad.pl\/en\/podkladka-pod-mysz-zachod-slonca\/#breadcrumb","itemListElement":[{"@type":"ListItem","position":1,"name":"Strona g\u0142\u00f3wna","item":"https:\/\/yourpad.pl\/en\/"},{"@type":"ListItem","position":2,"name":"Sklep","item":"https:\/\/yourpad.pl\/sklep\/"},{"@type":"ListItem","position":3,"name":"Retro Sunset Mousepad"}]},{"@type":"WebSite","@id":"https:\/\/yourpad.pl\/en\/#website","url":"https:\/\/yourpad.pl\/en\/","name":"YourPad","description":"Zaprojektuj swoj\u0105 podk\u0142adk\u0119!","publisher":{"@id":"https:\/\/yourpad.pl\/en\/#organization"},"potentialAction":[{"@type":"SearchAction","target":{"@type":"EntryPoint","urlTemplate":"https:\/\/yourpad.pl\/en\/?s={search_term_string}"},"query-input":{"@type":"PropertyValueSpecification","valueRequired":true,"valueName":"search_term_string"}}],"inLanguage":"en-US"},{"@type":"Organization","@id":"https:\/\/yourpad.pl\/en\/#organization","name":"YourPad","url":"https:\/\/yourpad.pl\/en\/","logo":{"@type":"ImageObject","inLanguage":"en-US","@id":"https:\/\/yourpad.pl\/en\/#\/schema\/logo\/image\/","url":"https:\/\/yourpad.pl\/wp-content\/uploads\/2023\/08\/logo.svg","contentUrl":"https:\/\/yourpad.pl\/wp-content\/uploads\/2023\/08\/logo.svg","width":108,"height":57,"caption":"YourPad"},"image":{"@id":"https:\/\/yourpad.pl\/en\/#\/schema\/logo\/image\/"},"sameAs":["https:\/\/www.facebook.com\/yourpadpl","https:\/\/www.tiktok.com\/@yourpad.pl","https:\/\/www.instagram.com\/yourpad.pl\/"]}]}},"_links":{"self":[{"href":"https:\/\/yourpad.pl\/en\/wp-json\/wp\/v2\/product\/9390","targetHints":{"allow":["GET"]}}],"collection":[{"href":"https:\/\/yourpad.pl\/en\/wp-json\/wp\/v2\/product"}],"about":[{"href":"https:\/\/yourpad.pl\/en\/wp-json\/wp\/v2\/types\/product"}],"replies":[{"embeddable":true,"href":"https:\/\/yourpad.pl\/en\/wp-json\/wp\/v2\/comments?post=9390"}],"wp:featuredmedia":[{"embeddable":true,"href":"https:\/\/yourpad.pl\/en\/wp-json\/wp\/v2\/media\/9063"}],"wp:attachment":[{"href":"https:\/\/yourpad.pl\/en\/wp-json\/wp\/v2\/media?parent=9390"}],"wp:term":[{"taxonomy":"product_brand","embeddable":true,"href":"https:\/\/yourpad.pl\/en\/wp-json\/wp\/v2\/product_brand?post=9390"},{"taxonomy":"product_cat","embeddable":true,"href":"https:\/\/yourpad.pl\/en\/wp-json\/wp\/v2\/product_cat?post=9390"},{"taxonomy":"product_tag","embeddable":true,"href":"https:\/\/yourpad.pl\/en\/wp-json\/wp\/v2\/product_tag?post=9390"}],"curies":[{"name":"wp","href":"https:\/\/api.w.org\/{rel}","templated":true}]}}