{"id":9460,"date":"2025-01-17T15:42:41","date_gmt":"2025-01-17T14:42:41","guid":{"rendered":"https:\/\/yourpad.pl\/podkladka-pod-mysz-wrak-statku\/"},"modified":"2025-02-28T15:28:00","modified_gmt":"2025-02-28T14:28:00","slug":"podkladka-pod-mysz-wrak-statku","status":"publish","type":"product","link":"https:\/\/yourpad.pl\/en\/podkladka-pod-mysz-wrak-statku\/","title":{"rendered":"Shipwreck Mousepad"},"content":{"rendered":"","protected":false},"excerpt":{"rendered":"<p>A printed<strong> mousepad<\/strong> is the perfect solution that you can fully personalize.<\/p>\n","protected":false},"featured_media":9027,"comment_status":"closed","ping_status":"closed","template":"","meta":{"inline_featured_image":false},"product_brand":[],"product_cat":[101],"product_tag":[],"class_list":{"0":"post-9460","1":"product","2":"type-product","3":"status-publish","4":"has-post-thumbnail","6":"product_cat-natura-mouse-pads","8":"first","9":"instock","10":"sale","11":"shipping-taxable","12":"purchasable","13":"product-type-variable","14":"has-default-attributes"},"acf":[],"yoast_head":"<!-- This site is optimized with the Yoast SEO plugin v27.0 - https:\/\/yoast.com\/product\/yoast-seo-wordpress\/ -->\n<title>Shipwreck mousepad - Maritime climate in 4 sizes | YourPad.pl<\/title>\n<meta name=\"description\" content=\"The Shipwreck mousepad is the perfect choice for lovers of sea adventures. Available in 4 sizes. Check out the offer and feel the magic.\" \/>\n<meta name=\"robots\" content=\"index, follow, max-snippet:-1, max-image-preview:large, max-video-preview:-1\" \/>\n<link rel=\"canonical\" href=\"https:\/\/yourpad.pl\/en\/podkladka-pod-mysz-wrak-statku\/\" \/>\n<meta property=\"og:locale\" content=\"en_US\" \/>\n<meta property=\"og:type\" content=\"article\" \/>\n<meta property=\"og:title\" content=\"Shipwreck mousepad - Maritime climate in 4 sizes | YourPad.pl\" \/>\n<meta property=\"og:description\" content=\"The Shipwreck mousepad is the perfect choice for lovers of sea adventures. Available in 4 sizes. Check out the offer and feel the magic.\" \/>\n<meta property=\"og:url\" content=\"https:\/\/yourpad.pl\/en\/podkladka-pod-mysz-wrak-statku\/\" \/>\n<meta property=\"og:site_name\" content=\"YourPad\" \/>\n<meta property=\"article:publisher\" content=\"https:\/\/www.facebook.com\/yourpadpl\" \/>\n<meta property=\"article:modified_time\" content=\"2025-02-28T14:28:00+00:00\" \/>\n<meta property=\"og:image\" content=\"https:\/\/yourpad.pl\/wp-content\/uploads\/2025\/01\/podkladka-pod-mysz-wrak-statku-glebi-m-scaled.jpg\" \/>\n\t<meta property=\"og:image:width\" content=\"2000\" \/>\n\t<meta property=\"og:image:height\" content=\"1739\" \/>\n\t<meta property=\"og:image:type\" content=\"image\/jpeg\" \/>\n<script type=\"application\/ld+json\" class=\"yoast-schema-graph\">{\"@context\":\"https:\/\/schema.org\",\"@graph\":[{\"@type\":\"WebPage\",\"@id\":\"https:\/\/yourpad.pl\/en\/podkladka-pod-mysz-wrak-statku\/\",\"url\":\"https:\/\/yourpad.pl\/en\/podkladka-pod-mysz-wrak-statku\/\",\"name\":\"Shipwreck mousepad - Maritime climate in 4 sizes | YourPad.pl\",\"isPartOf\":{\"@id\":\"https:\/\/yourpad.pl\/en\/#website\"},\"primaryImageOfPage\":{\"@id\":\"https:\/\/yourpad.pl\/en\/podkladka-pod-mysz-wrak-statku\/#primaryimage\"},\"image\":{\"@id\":\"https:\/\/yourpad.pl\/en\/podkladka-pod-mysz-wrak-statku\/#primaryimage\"},\"thumbnailUrl\":\"https:\/\/yourpad.pl\/wp-content\/uploads\/2025\/01\/podkladka-pod-mysz-wrak-statku-glebi-m-scaled.jpg\",\"datePublished\":\"2025-01-17T14:42:41+00:00\",\"dateModified\":\"2025-02-28T14:28:00+00:00\",\"description\":\"The Shipwreck mousepad is the perfect choice for lovers of sea adventures. Available in 4 sizes. Check out the offer and feel the magic.\",\"breadcrumb\":{\"@id\":\"https:\/\/yourpad.pl\/en\/podkladka-pod-mysz-wrak-statku\/#breadcrumb\"},\"inLanguage\":\"en-US\",\"potentialAction\":[{\"@type\":\"ReadAction\",\"target\":[\"https:\/\/yourpad.pl\/en\/podkladka-pod-mysz-wrak-statku\/\"]}]},{\"@type\":\"ImageObject\",\"inLanguage\":\"en-US\",\"@id\":\"https:\/\/yourpad.pl\/en\/podkladka-pod-mysz-wrak-statku\/#primaryimage\",\"url\":\"https:\/\/yourpad.pl\/wp-content\/uploads\/2025\/01\/podkladka-pod-mysz-wrak-statku-glebi-m-scaled.jpg\",\"contentUrl\":\"https:\/\/yourpad.pl\/wp-content\/uploads\/2025\/01\/podkladka-pod-mysz-wrak-statku-glebi-m-scaled.jpg\",\"width\":2000,\"height\":1739,\"caption\":\"Podk\u0142adka pod mysz wrak statku g\u0142\u0119bi M\"},{\"@type\":\"BreadcrumbList\",\"@id\":\"https:\/\/yourpad.pl\/en\/podkladka-pod-mysz-wrak-statku\/#breadcrumb\",\"itemListElement\":[{\"@type\":\"ListItem\",\"position\":1,\"name\":\"Strona g\u0142\u00f3wna\",\"item\":\"https:\/\/yourpad.pl\/en\/\"},{\"@type\":\"ListItem\",\"position\":2,\"name\":\"Sklep\",\"item\":\"https:\/\/yourpad.pl\/sklep\/\"},{\"@type\":\"ListItem\",\"position\":3,\"name\":\"Shipwreck Mousepad\"}]},{\"@type\":\"WebSite\",\"@id\":\"https:\/\/yourpad.pl\/en\/#website\",\"url\":\"https:\/\/yourpad.pl\/en\/\",\"name\":\"YourPad\",\"description\":\"Zaprojektuj swoj\u0105 podk\u0142adk\u0119!\",\"publisher\":{\"@id\":\"https:\/\/yourpad.pl\/en\/#organization\"},\"potentialAction\":[{\"@type\":\"SearchAction\",\"target\":{\"@type\":\"EntryPoint\",\"urlTemplate\":\"https:\/\/yourpad.pl\/en\/?s={search_term_string}\"},\"query-input\":{\"@type\":\"PropertyValueSpecification\",\"valueRequired\":true,\"valueName\":\"search_term_string\"}}],\"inLanguage\":\"en-US\"},{\"@type\":\"Organization\",\"@id\":\"https:\/\/yourpad.pl\/en\/#organization\",\"name\":\"YourPad\",\"url\":\"https:\/\/yourpad.pl\/en\/\",\"logo\":{\"@type\":\"ImageObject\",\"inLanguage\":\"en-US\",\"@id\":\"https:\/\/yourpad.pl\/en\/#\/schema\/logo\/image\/\",\"url\":\"https:\/\/yourpad.pl\/wp-content\/uploads\/2023\/08\/logo.svg\",\"contentUrl\":\"https:\/\/yourpad.pl\/wp-content\/uploads\/2023\/08\/logo.svg\",\"width\":108,\"height\":57,\"caption\":\"YourPad\"},\"image\":{\"@id\":\"https:\/\/yourpad.pl\/en\/#\/schema\/logo\/image\/\"},\"sameAs\":[\"https:\/\/www.facebook.com\/yourpadpl\",\"https:\/\/www.tiktok.com\/@yourpad.pl\",\"https:\/\/www.instagram.com\/yourpad.pl\/\"]}]}<\/script>\n<!-- \/ Yoast SEO plugin. -->","yoast_head_json":{"title":"Shipwreck mousepad - Maritime climate in 4 sizes | YourPad.pl","description":"The Shipwreck mousepad is the perfect choice for lovers of sea adventures. Available in 4 sizes. Check out the offer and feel the magic.","robots":{"index":"index","follow":"follow","max-snippet":"max-snippet:-1","max-image-preview":"max-image-preview:large","max-video-preview":"max-video-preview:-1"},"canonical":"https:\/\/yourpad.pl\/en\/podkladka-pod-mysz-wrak-statku\/","og_locale":"en_US","og_type":"article","og_title":"Shipwreck mousepad - Maritime climate in 4 sizes | YourPad.pl","og_description":"The Shipwreck mousepad is the perfect choice for lovers of sea adventures. Available in 4 sizes. Check out the offer and feel the magic.","og_url":"https:\/\/yourpad.pl\/en\/podkladka-pod-mysz-wrak-statku\/","og_site_name":"YourPad","article_publisher":"https:\/\/www.facebook.com\/yourpadpl","article_modified_time":"2025-02-28T14:28:00+00:00","og_image":[{"width":2000,"height":1739,"url":"https:\/\/yourpad.pl\/wp-content\/uploads\/2025\/01\/podkladka-pod-mysz-wrak-statku-glebi-m-scaled.jpg","type":"image\/jpeg"}],"schema":{"@context":"https:\/\/schema.org","@graph":[{"@type":"WebPage","@id":"https:\/\/yourpad.pl\/en\/podkladka-pod-mysz-wrak-statku\/","url":"https:\/\/yourpad.pl\/en\/podkladka-pod-mysz-wrak-statku\/","name":"Shipwreck mousepad - Maritime climate in 4 sizes | YourPad.pl","isPartOf":{"@id":"https:\/\/yourpad.pl\/en\/#website"},"primaryImageOfPage":{"@id":"https:\/\/yourpad.pl\/en\/podkladka-pod-mysz-wrak-statku\/#primaryimage"},"image":{"@id":"https:\/\/yourpad.pl\/en\/podkladka-pod-mysz-wrak-statku\/#primaryimage"},"thumbnailUrl":"https:\/\/yourpad.pl\/wp-content\/uploads\/2025\/01\/podkladka-pod-mysz-wrak-statku-glebi-m-scaled.jpg","datePublished":"2025-01-17T14:42:41+00:00","dateModified":"2025-02-28T14:28:00+00:00","description":"The Shipwreck mousepad is the perfect choice for lovers of sea adventures. Available in 4 sizes. Check out the offer and feel the magic.","breadcrumb":{"@id":"https:\/\/yourpad.pl\/en\/podkladka-pod-mysz-wrak-statku\/#breadcrumb"},"inLanguage":"en-US","potentialAction":[{"@type":"ReadAction","target":["https:\/\/yourpad.pl\/en\/podkladka-pod-mysz-wrak-statku\/"]}]},{"@type":"ImageObject","inLanguage":"en-US","@id":"https:\/\/yourpad.pl\/en\/podkladka-pod-mysz-wrak-statku\/#primaryimage","url":"https:\/\/yourpad.pl\/wp-content\/uploads\/2025\/01\/podkladka-pod-mysz-wrak-statku-glebi-m-scaled.jpg","contentUrl":"https:\/\/yourpad.pl\/wp-content\/uploads\/2025\/01\/podkladka-pod-mysz-wrak-statku-glebi-m-scaled.jpg","width":2000,"height":1739,"caption":"Podk\u0142adka pod mysz wrak statku g\u0142\u0119bi M"},{"@type":"BreadcrumbList","@id":"https:\/\/yourpad.pl\/en\/podkladka-pod-mysz-wrak-statku\/#breadcrumb","itemListElement":[{"@type":"ListItem","position":1,"name":"Strona g\u0142\u00f3wna","item":"https:\/\/yourpad.pl\/en\/"},{"@type":"ListItem","position":2,"name":"Sklep","item":"https:\/\/yourpad.pl\/sklep\/"},{"@type":"ListItem","position":3,"name":"Shipwreck Mousepad"}]},{"@type":"WebSite","@id":"https:\/\/yourpad.pl\/en\/#website","url":"https:\/\/yourpad.pl\/en\/","name":"YourPad","description":"Zaprojektuj swoj\u0105 podk\u0142adk\u0119!","publisher":{"@id":"https:\/\/yourpad.pl\/en\/#organization"},"potentialAction":[{"@type":"SearchAction","target":{"@type":"EntryPoint","urlTemplate":"https:\/\/yourpad.pl\/en\/?s={search_term_string}"},"query-input":{"@type":"PropertyValueSpecification","valueRequired":true,"valueName":"search_term_string"}}],"inLanguage":"en-US"},{"@type":"Organization","@id":"https:\/\/yourpad.pl\/en\/#organization","name":"YourPad","url":"https:\/\/yourpad.pl\/en\/","logo":{"@type":"ImageObject","inLanguage":"en-US","@id":"https:\/\/yourpad.pl\/en\/#\/schema\/logo\/image\/","url":"https:\/\/yourpad.pl\/wp-content\/uploads\/2023\/08\/logo.svg","contentUrl":"https:\/\/yourpad.pl\/wp-content\/uploads\/2023\/08\/logo.svg","width":108,"height":57,"caption":"YourPad"},"image":{"@id":"https:\/\/yourpad.pl\/en\/#\/schema\/logo\/image\/"},"sameAs":["https:\/\/www.facebook.com\/yourpadpl","https:\/\/www.tiktok.com\/@yourpad.pl","https:\/\/www.instagram.com\/yourpad.pl\/"]}]}},"_links":{"self":[{"href":"https:\/\/yourpad.pl\/en\/wp-json\/wp\/v2\/product\/9460","targetHints":{"allow":["GET"]}}],"collection":[{"href":"https:\/\/yourpad.pl\/en\/wp-json\/wp\/v2\/product"}],"about":[{"href":"https:\/\/yourpad.pl\/en\/wp-json\/wp\/v2\/types\/product"}],"replies":[{"embeddable":true,"href":"https:\/\/yourpad.pl\/en\/wp-json\/wp\/v2\/comments?post=9460"}],"wp:featuredmedia":[{"embeddable":true,"href":"https:\/\/yourpad.pl\/en\/wp-json\/wp\/v2\/media\/9027"}],"wp:attachment":[{"href":"https:\/\/yourpad.pl\/en\/wp-json\/wp\/v2\/media?parent=9460"}],"wp:term":[{"taxonomy":"product_brand","embeddable":true,"href":"https:\/\/yourpad.pl\/en\/wp-json\/wp\/v2\/product_brand?post=9460"},{"taxonomy":"product_cat","embeddable":true,"href":"https:\/\/yourpad.pl\/en\/wp-json\/wp\/v2\/product_cat?post=9460"},{"taxonomy":"product_tag","embeddable":true,"href":"https:\/\/yourpad.pl\/en\/wp-json\/wp\/v2\/product_tag?post=9460"}],"curies":[{"name":"wp","href":"https:\/\/api.w.org\/{rel}","templated":true}]}}