{"id":9630,"date":"2025-01-17T12:40:43","date_gmt":"2025-01-17T11:40:43","guid":{"rendered":"https:\/\/yourpad.pl\/podkladka-pod-mysz-cow\/"},"modified":"2025-03-04T13:51:44","modified_gmt":"2025-03-04T12:51:44","slug":"cow-mousepad","status":"publish","type":"product","link":"https:\/\/yourpad.pl\/en\/cow-mousepad\/","title":{"rendered":"Cow Mousepad"},"content":{"rendered":"<div class=\"flex-shrink-0 flex flex-col relative items-end\">\n<div>\n<div class=\"pt-0\">\n<div class=\"gizmo-bot-avatar flex h-8 w-8 items-center justify-center overflow-hidden rounded-full\">\n<div class=\"relative p-1 rounded-sm flex items-center justify-center bg-token-main-surface-primary text-token-text-primary h-8 w-8\">\u00a0<\/div>\n<\/div>\n<\/div>\n<\/div>\n<\/div>\n<div class=\"group\/conversation-turn relative flex w-full min-w-0 flex-col agent-turn\">\n<div class=\"flex-col gap-1 md:gap-3\">\n<div class=\"flex max-w-full flex-col flex-grow\">\n<div class=\"min-h-[20px] text-message flex w-full flex-col items-end gap-2 whitespace-pre-wrap break-words [.text-message+&amp;]:mt-5 overflow-x-auto\" dir=\"auto\" data-message-author-role=\"assistant\" data-message-id=\"c457efe1-1810-4932-8a59-05f7450bfb02\">\n<div class=\"flex w-full flex-col gap-1 empty:hidden first:pt-[3px]\">\n<div class=\"markdown prose w-full break-words dark:prose-invert light\">\n<div class=\"group\/conversation-turn relative flex w-full min-w-0 flex-col agent-turn\">\n<div class=\"flex-col gap-1 md:gap-3\">\n<div class=\"flex max-w-full flex-col flex-grow\">\n<div class=\"min-h-[20px] text-message flex w-full flex-col items-end gap-2 whitespace-pre-wrap break-words [.text-message+&amp;]:mt-5 overflow-x-auto\" dir=\"auto\" data-message-author-role=\"assistant\" data-message-id=\"c457efe1-1810-4932-8a59-05f7450bfb02\">\n<div class=\"flex w-full flex-col gap-1 empty:hidden first:pt-[3px]\">\n<div class=\"markdown prose w-full break-words dark:prose-invert light\">\n<p>Your computer deserves the best accessories.\u00a0<strong>Custom printed mousepad so called custom mousepad\u00a0<\/strong>is the perfect accessory that combines functionality with aesthetics, allowing you to express your unique style.\u00a0<strong>What is the best mousepad?<\/strong>\u00a0With us you will find the answer to this question, customizing the pad to your individual needs.<\/p>\n<p><strong>Looking for the perfect addition to your desk?<\/strong><\/p>\n<p><strong>Custom mousepads<\/strong>\u00a0combine functionality and aesthetics to create a unique product tailored to your needs.<\/p>\n<p><strong>Is it worth investing in a mousepad?<\/strong><\/p>\n<p>Definitely yes, especially when\u00a0<strong>you can personalize it<\/strong>\u00a0and adjust\u00a0<strong>it<\/strong>\u00a0to your working or playing style.<\/p>\n<p><strong>A printed mouse mat<\/strong>\u00a0is a great solution that you can fully personalize.\u00a0<strong>How do you make your own mousepad?<\/strong>\u00a0With our offer, it&#8217;s easy &#8211; you will create\u00a0<strong>a personalized mousepad<\/strong>\u00a0that reflects your style and passions.<\/p>\n<p>Our\u00a0<strong>personalized mouse mats<\/strong>\u00a0are a guarantee of high quality workmanship and unique design. Whether you are a gamer or work in an office, our products will meet your expectations.\u00a0<strong>What gives a good mousepad?<\/strong>\u00a0It provides comfort and precision, which is crucial for both work and gaming.<\/p>\n<p><strong>The best gaming pad<\/strong>\u00a0will ensure smooth and precise movements in any gaming session.\u00a0<strong>What kind of mousepad to choose for gaming?<\/strong>\u00a0Our products offer the right surface texture to enhance precision and comfort during gaming.<\/p>\n<p><strong>A large printed mousepad<\/strong>\u00a0is the perfect solution if you need more space for your mouse and keyboard.\u00a0<strong>Why should you buy a large mousepad?<\/strong>\u00a0More surface area means more comfort for work and entertainment.<\/p>\n<p><strong>Cheap custom<\/strong>\u00a0mouse<strong>pad<\/strong>\u00a0offers high quality at an affordable price.\u00a0<strong>Where to buy a good mousepad at an affordable price?<\/strong>\u00a0With us you will find products available for anyone who appreciates individuality and quality at an attractive price.<\/p>\n<p><strong>A mat with your own photo<\/strong>\u00a0is an option for those who want to have their favorite photo always on their desk.\u00a0<strong>Is it possible to order a mouse pad with your own photo?<\/strong>\u00a0Yes, our\u00a0<strong>mousepads with your own photo<\/strong>\u00a0offer full-color sublimation printing that will add definition and make every glance at your desk bring a smile.<\/p>\n<p><strong>A logo mousepad<\/strong>\u00a0is an elegant office accessory that will help promote your brand.\u00a0<strong>How to order a mousepad with your company logo?<\/strong>\u00a0Order today and enjoy a unique mousepad that will meet all your expectations!<\/p>\n<p>Our products are an excellent choice for anyone who appreciates individuality and quality.\u00a0<strong>Don&#8217;t wait, make your computer workstation even more special<\/strong>\u00a0with our range of personalized mousepads.<\/p>\n<\/div>\n<\/div>\n<\/div>\n<\/div>\n<\/div>\n<\/div>\n<p>Order today and enjoy a unique coaster that will meet all your expectations! Our products are the perfect choice for anyone who appreciates individuality and quality. Don&#8217;t wait, make your computer workstation even more special with our range of personalized mousepads.<\/p>\n<\/div>\n<\/div>\n<\/div>\n<\/div>\n<\/div>\n<\/div>\n","protected":false},"excerpt":{"rendered":"<p><strong>A printed mousepad<\/strong> is the perfect solution that you can fully personalize.<\/p>\n","protected":false},"featured_media":9011,"comment_status":"closed","ping_status":"closed","template":"","meta":{"inline_featured_image":false},"product_brand":[],"product_cat":[147],"product_tag":[],"class_list":{"0":"post-9630","1":"product","2":"type-product","3":"status-publish","4":"has-post-thumbnail","6":"product_cat-podkladki-pod-mysz-zwierzeta-en","8":"first","9":"instock","10":"sale","11":"shipping-taxable","12":"purchasable","13":"product-type-variable","14":"has-default-attributes"},"acf":[],"yoast_head":"<!-- This site is optimized with the Yoast SEO plugin v27.0 - https:\/\/yoast.com\/product\/yoast-seo-wordpress\/ -->\n<title>Cow Mousepad - YourPad<\/title>\n<meta name=\"description\" content=\"Cow Mousepad \ud83d\udc4dRounded and trimmed edges of the mousepad. Compatible with laser and optical sensor\u2728Get promotions up to-30% today!\" \/>\n<meta name=\"robots\" content=\"index, follow, max-snippet:-1, max-image-preview:large, max-video-preview:-1\" \/>\n<link rel=\"canonical\" href=\"https:\/\/yourpad.pl\/en\/cow-mousepad\/\" \/>\n<meta property=\"og:locale\" content=\"en_US\" \/>\n<meta property=\"og:type\" content=\"article\" \/>\n<meta property=\"og:title\" content=\"Cow Mousepad - YourPad\" \/>\n<meta property=\"og:description\" content=\"Cow Mousepad \ud83d\udc4dRounded and trimmed edges of the mousepad. Compatible with laser and optical sensor\u2728Get promotions up to-30% today!\" \/>\n<meta property=\"og:url\" content=\"https:\/\/yourpad.pl\/en\/cow-mousepad\/\" \/>\n<meta property=\"og:site_name\" content=\"YourPad\" \/>\n<meta property=\"article:publisher\" content=\"https:\/\/www.facebook.com\/yourpadpl\" \/>\n<meta property=\"article:modified_time\" content=\"2025-03-04T12:51:44+00:00\" \/>\n<meta property=\"og:image\" content=\"https:\/\/yourpad.pl\/wp-content\/uploads\/2025\/01\/podkladka-pod-mysz-cow-m.jpg\" \/>\n\t<meta property=\"og:image:width\" content=\"1358\" \/>\n\t<meta property=\"og:image:height\" content=\"1181\" \/>\n\t<meta property=\"og:image:type\" content=\"image\/jpeg\" \/>\n<script type=\"application\/ld+json\" class=\"yoast-schema-graph\">{\"@context\":\"https:\/\/schema.org\",\"@graph\":[{\"@type\":\"WebPage\",\"@id\":\"https:\/\/yourpad.pl\/en\/cow-mousepad\/\",\"url\":\"https:\/\/yourpad.pl\/en\/cow-mousepad\/\",\"name\":\"Cow Mousepad - YourPad\",\"isPartOf\":{\"@id\":\"https:\/\/yourpad.pl\/en\/#website\"},\"primaryImageOfPage\":{\"@id\":\"https:\/\/yourpad.pl\/en\/cow-mousepad\/#primaryimage\"},\"image\":{\"@id\":\"https:\/\/yourpad.pl\/en\/cow-mousepad\/#primaryimage\"},\"thumbnailUrl\":\"https:\/\/yourpad.pl\/wp-content\/uploads\/2025\/01\/podkladka-pod-mysz-cow-m.jpg\",\"datePublished\":\"2025-01-17T11:40:43+00:00\",\"dateModified\":\"2025-03-04T12:51:44+00:00\",\"description\":\"Cow Mousepad \ud83d\udc4dRounded and trimmed edges of the mousepad. Compatible with laser and optical sensor\u2728Get promotions up to-30% today!\",\"breadcrumb\":{\"@id\":\"https:\/\/yourpad.pl\/en\/cow-mousepad\/#breadcrumb\"},\"inLanguage\":\"en-US\",\"potentialAction\":[{\"@type\":\"ReadAction\",\"target\":[\"https:\/\/yourpad.pl\/en\/cow-mousepad\/\"]}]},{\"@type\":\"ImageObject\",\"inLanguage\":\"en-US\",\"@id\":\"https:\/\/yourpad.pl\/en\/cow-mousepad\/#primaryimage\",\"url\":\"https:\/\/yourpad.pl\/wp-content\/uploads\/2025\/01\/podkladka-pod-mysz-cow-m.jpg\",\"contentUrl\":\"https:\/\/yourpad.pl\/wp-content\/uploads\/2025\/01\/podkladka-pod-mysz-cow-m.jpg\",\"width\":1358,\"height\":1181,\"caption\":\"Podk\u0142adka pod mysz cow M\"},{\"@type\":\"BreadcrumbList\",\"@id\":\"https:\/\/yourpad.pl\/en\/cow-mousepad\/#breadcrumb\",\"itemListElement\":[{\"@type\":\"ListItem\",\"position\":1,\"name\":\"Strona g\u0142\u00f3wna\",\"item\":\"https:\/\/yourpad.pl\/en\/\"},{\"@type\":\"ListItem\",\"position\":2,\"name\":\"Sklep\",\"item\":\"https:\/\/yourpad.pl\/sklep\/\"},{\"@type\":\"ListItem\",\"position\":3,\"name\":\"Cow Mousepad\"}]},{\"@type\":\"WebSite\",\"@id\":\"https:\/\/yourpad.pl\/en\/#website\",\"url\":\"https:\/\/yourpad.pl\/en\/\",\"name\":\"YourPad\",\"description\":\"Zaprojektuj swoj\u0105 podk\u0142adk\u0119!\",\"publisher\":{\"@id\":\"https:\/\/yourpad.pl\/en\/#organization\"},\"potentialAction\":[{\"@type\":\"SearchAction\",\"target\":{\"@type\":\"EntryPoint\",\"urlTemplate\":\"https:\/\/yourpad.pl\/en\/?s={search_term_string}\"},\"query-input\":{\"@type\":\"PropertyValueSpecification\",\"valueRequired\":true,\"valueName\":\"search_term_string\"}}],\"inLanguage\":\"en-US\"},{\"@type\":\"Organization\",\"@id\":\"https:\/\/yourpad.pl\/en\/#organization\",\"name\":\"YourPad\",\"url\":\"https:\/\/yourpad.pl\/en\/\",\"logo\":{\"@type\":\"ImageObject\",\"inLanguage\":\"en-US\",\"@id\":\"https:\/\/yourpad.pl\/en\/#\/schema\/logo\/image\/\",\"url\":\"https:\/\/yourpad.pl\/wp-content\/uploads\/2023\/08\/logo.svg\",\"contentUrl\":\"https:\/\/yourpad.pl\/wp-content\/uploads\/2023\/08\/logo.svg\",\"width\":108,\"height\":57,\"caption\":\"YourPad\"},\"image\":{\"@id\":\"https:\/\/yourpad.pl\/en\/#\/schema\/logo\/image\/\"},\"sameAs\":[\"https:\/\/www.facebook.com\/yourpadpl\",\"https:\/\/www.tiktok.com\/@yourpad.pl\",\"https:\/\/www.instagram.com\/yourpad.pl\/\"]}]}<\/script>\n<!-- \/ Yoast SEO plugin. -->","yoast_head_json":{"title":"Cow Mousepad - YourPad","description":"Cow Mousepad \ud83d\udc4dRounded and trimmed edges of the mousepad. Compatible with laser and optical sensor\u2728Get promotions up to-30% today!","robots":{"index":"index","follow":"follow","max-snippet":"max-snippet:-1","max-image-preview":"max-image-preview:large","max-video-preview":"max-video-preview:-1"},"canonical":"https:\/\/yourpad.pl\/en\/cow-mousepad\/","og_locale":"en_US","og_type":"article","og_title":"Cow Mousepad - YourPad","og_description":"Cow Mousepad \ud83d\udc4dRounded and trimmed edges of the mousepad. Compatible with laser and optical sensor\u2728Get promotions up to-30% today!","og_url":"https:\/\/yourpad.pl\/en\/cow-mousepad\/","og_site_name":"YourPad","article_publisher":"https:\/\/www.facebook.com\/yourpadpl","article_modified_time":"2025-03-04T12:51:44+00:00","og_image":[{"width":1358,"height":1181,"url":"https:\/\/yourpad.pl\/wp-content\/uploads\/2025\/01\/podkladka-pod-mysz-cow-m.jpg","type":"image\/jpeg"}],"schema":{"@context":"https:\/\/schema.org","@graph":[{"@type":"WebPage","@id":"https:\/\/yourpad.pl\/en\/cow-mousepad\/","url":"https:\/\/yourpad.pl\/en\/cow-mousepad\/","name":"Cow Mousepad - YourPad","isPartOf":{"@id":"https:\/\/yourpad.pl\/en\/#website"},"primaryImageOfPage":{"@id":"https:\/\/yourpad.pl\/en\/cow-mousepad\/#primaryimage"},"image":{"@id":"https:\/\/yourpad.pl\/en\/cow-mousepad\/#primaryimage"},"thumbnailUrl":"https:\/\/yourpad.pl\/wp-content\/uploads\/2025\/01\/podkladka-pod-mysz-cow-m.jpg","datePublished":"2025-01-17T11:40:43+00:00","dateModified":"2025-03-04T12:51:44+00:00","description":"Cow Mousepad \ud83d\udc4dRounded and trimmed edges of the mousepad. Compatible with laser and optical sensor\u2728Get promotions up to-30% today!","breadcrumb":{"@id":"https:\/\/yourpad.pl\/en\/cow-mousepad\/#breadcrumb"},"inLanguage":"en-US","potentialAction":[{"@type":"ReadAction","target":["https:\/\/yourpad.pl\/en\/cow-mousepad\/"]}]},{"@type":"ImageObject","inLanguage":"en-US","@id":"https:\/\/yourpad.pl\/en\/cow-mousepad\/#primaryimage","url":"https:\/\/yourpad.pl\/wp-content\/uploads\/2025\/01\/podkladka-pod-mysz-cow-m.jpg","contentUrl":"https:\/\/yourpad.pl\/wp-content\/uploads\/2025\/01\/podkladka-pod-mysz-cow-m.jpg","width":1358,"height":1181,"caption":"Podk\u0142adka pod mysz cow M"},{"@type":"BreadcrumbList","@id":"https:\/\/yourpad.pl\/en\/cow-mousepad\/#breadcrumb","itemListElement":[{"@type":"ListItem","position":1,"name":"Strona g\u0142\u00f3wna","item":"https:\/\/yourpad.pl\/en\/"},{"@type":"ListItem","position":2,"name":"Sklep","item":"https:\/\/yourpad.pl\/sklep\/"},{"@type":"ListItem","position":3,"name":"Cow Mousepad"}]},{"@type":"WebSite","@id":"https:\/\/yourpad.pl\/en\/#website","url":"https:\/\/yourpad.pl\/en\/","name":"YourPad","description":"Zaprojektuj swoj\u0105 podk\u0142adk\u0119!","publisher":{"@id":"https:\/\/yourpad.pl\/en\/#organization"},"potentialAction":[{"@type":"SearchAction","target":{"@type":"EntryPoint","urlTemplate":"https:\/\/yourpad.pl\/en\/?s={search_term_string}"},"query-input":{"@type":"PropertyValueSpecification","valueRequired":true,"valueName":"search_term_string"}}],"inLanguage":"en-US"},{"@type":"Organization","@id":"https:\/\/yourpad.pl\/en\/#organization","name":"YourPad","url":"https:\/\/yourpad.pl\/en\/","logo":{"@type":"ImageObject","inLanguage":"en-US","@id":"https:\/\/yourpad.pl\/en\/#\/schema\/logo\/image\/","url":"https:\/\/yourpad.pl\/wp-content\/uploads\/2023\/08\/logo.svg","contentUrl":"https:\/\/yourpad.pl\/wp-content\/uploads\/2023\/08\/logo.svg","width":108,"height":57,"caption":"YourPad"},"image":{"@id":"https:\/\/yourpad.pl\/en\/#\/schema\/logo\/image\/"},"sameAs":["https:\/\/www.facebook.com\/yourpadpl","https:\/\/www.tiktok.com\/@yourpad.pl","https:\/\/www.instagram.com\/yourpad.pl\/"]}]}},"_links":{"self":[{"href":"https:\/\/yourpad.pl\/en\/wp-json\/wp\/v2\/product\/9630","targetHints":{"allow":["GET"]}}],"collection":[{"href":"https:\/\/yourpad.pl\/en\/wp-json\/wp\/v2\/product"}],"about":[{"href":"https:\/\/yourpad.pl\/en\/wp-json\/wp\/v2\/types\/product"}],"replies":[{"embeddable":true,"href":"https:\/\/yourpad.pl\/en\/wp-json\/wp\/v2\/comments?post=9630"}],"wp:featuredmedia":[{"embeddable":true,"href":"https:\/\/yourpad.pl\/en\/wp-json\/wp\/v2\/media\/9011"}],"wp:attachment":[{"href":"https:\/\/yourpad.pl\/en\/wp-json\/wp\/v2\/media?parent=9630"}],"wp:term":[{"taxonomy":"product_brand","embeddable":true,"href":"https:\/\/yourpad.pl\/en\/wp-json\/wp\/v2\/product_brand?post=9630"},{"taxonomy":"product_cat","embeddable":true,"href":"https:\/\/yourpad.pl\/en\/wp-json\/wp\/v2\/product_cat?post=9630"},{"taxonomy":"product_tag","embeddable":true,"href":"https:\/\/yourpad.pl\/en\/wp-json\/wp\/v2\/product_tag?post=9630"}],"curies":[{"name":"wp","href":"https:\/\/api.w.org\/{rel}","templated":true}]}}