{"id":9660,"date":"2025-01-14T16:19:32","date_gmt":"2025-01-14T15:19:32","guid":{"rendered":"https:\/\/yourpad.pl\/podkladka-pod-mysz-kot-w-sluchawkach\/"},"modified":"2025-03-05T12:19:34","modified_gmt":"2025-03-05T11:19:34","slug":"cat-with-headphones-mousepad","status":"publish","type":"product","link":"https:\/\/yourpad.pl\/en\/cat-with-headphones-mousepad\/","title":{"rendered":"Cat with Headphones Mousepad"},"content":{"rendered":"<div class=\"flex-shrink-0 flex flex-col relative items-end\">\n<div>\n<div class=\"pt-0\">\n<div class=\"gizmo-bot-avatar flex h-8 w-8 items-center justify-center overflow-hidden rounded-full\">\n<div class=\"relative p-1 rounded-sm flex items-center justify-center bg-token-main-surface-primary text-token-text-primary h-8 w-8\">\u00a0<\/div>\n<\/div>\n<\/div>\n<\/div>\n<\/div>\n<div class=\"group\/conversation-turn relative flex w-full min-w-0 flex-col agent-turn\">\n<div class=\"flex-col gap-1 md:gap-3\">\n<div class=\"flex max-w-full flex-col flex-grow\">\n<div class=\"min-h-[20px] text-message flex w-full flex-col items-end gap-2 whitespace-pre-wrap break-words [.text-message+&amp;]:mt-5 overflow-x-auto\" dir=\"auto\" data-message-author-role=\"assistant\" data-message-id=\"c457efe1-1810-4932-8a59-05f7450bfb02\">\n<div class=\"flex w-full flex-col gap-1 empty:hidden first:pt-[3px]\">\n<div class=\"markdown prose w-full break-words dark:prose-invert light\">\n<h2><span style=\"font-size: 16px;\">Best Mousepads &#8211; Personalization and High Quality<\/span><\/h2>\n<p>In our online store, you will find mouse pads perfectly suited to your needs. Our offer includes a wide range of products &#8211; from standard computer mousepads to unique customized mousepads. We make sure that every user, whether working or playing, can enjoy comfort and aesthetics at the highest level.<\/p>\n<h2><span style=\"font-size: 16px;\"><strong>Computer Mousepad &#8211; The Foundation of Your Workstation<\/strong><\/span><\/h2>\n<p>Computer pad is not only a practical accessory, but also a decorative element that affects the ergonomics and comfort of work. Thanks to our products you can:<\/p>\n<ul>\n<li>Ensure precise control of the mouse.<\/li>\n<li>Protect the surface of your desk from scratches<\/li>\n<li>Add a unique accent to your workspace.<\/li>\n<li>Our mouse pads are made of high-quality materials that guarantee durability and comfort of use. You will find both classic and modern models with advanced mouse pad printing.<\/li>\n<\/ul>\n<p>Our mousepads are made of high quality materials that guarantee durability and comfort of use. You will find both classic and modern models with advanced mousepad printing.<\/p>\n<h2><span style=\"font-size: 16px;\"><strong>Custom Mousepad &#8211; Express Your Individuality.<\/strong><\/span><\/h2>\n<p>If you care about uniqueness, choose a custom mousepad. Personalization is our specialty &#8211; you can order custom mousepads with any design, photo or graphic. Thanks to sublimation printing technology, you will get a full-color print that will delight everyone, especially the gifted person.<\/p>\n<h2><span style=\"font-size: 16px;\"><strong>Advantages of Custom Solutions:<\/strong><\/span><\/h2>\n<ul data-start=\"1490\" data-end=\"1730\">\n<li data-start=\"1490\" data-end=\"1565\">Custom mousepad &#8211; size from among 4 available sizes is the secret to a perfect fit for your desk.<\/li>\n<li data-start=\"1566\" data-end=\"1634\">Mousepad &#8211; made of materials where the applied graphics are resistant to abrasion.<\/li>\n<li data-start=\"1635\" data-end=\"1730\">Possibility to create a unique L mousepad or even XXL mousepad.<\/li>\n<\/ul>\n<p>When you choose a personalized product, you are investing in the best mousepads that reflect your style and personality.<\/p>\n<h2><span style=\"font-size: 16px;\">Printed Mousepad &#8211; Aesthetics Meets Functionality<\/span><\/h2>\n<p>A print mousepad is a solution for those who value both functionality and design. Thanks to modern printing technologies, each mouse and keyboard mat looks unique and eye-catching. It&#8217;s also a great way to advertise &#8211; order a mouse pad with your company&#8217;s logo and build a consistent brand image.<\/p>\n<h2><span style=\"font-size: 16px;\">Benefits of Using Imprint:<\/span><\/h2>\n<ul>\n<li>Printing on a mousepad ensures durability and color intensity.<\/li>\n<li>Possibility to choose from many graphic variants.<\/li>\n<li>Easy personalization for both individual and business customers.<\/li>\n<\/ul>\n<p>Mousepad for gamers &#8211; precision and comfort in every game.<\/p>\n<p>For gaming enthusiasts, we have prepared special mousepads for gamers. They are designed with dynamic, intensive gaming sessions in mind, where precision and quick response are crucial.<\/p>\n<h2><span style=\"font-size: 16px;\">What makes our gaming mousepads different?<\/span><\/h2>\n<ul>\n<li>Top mousepads &#8211; designed with ergonomics in mind.<\/li>\n<li>The right surface structure that allows precise movements.<\/li>\n<li>Mousepad, a mousepad tailored to the needs of gamers, guaranteeing an optimal combination of comfort and functionality.<\/li>\n<\/ul>\n<p>Our products are an option for anyone who does not want to compromise between aesthetics and practicality.<\/p>\n<h2><span style=\"font-size: 16px;\">Large Mouse and Keyboard Pad &#8211; More Space, More Convenience<\/span><\/h2>\n<p>For those who need more space on their desk, a large mouse and keyboard pad is the ideal solution. It&#8217;s an excellent choice for both gamers and professionals working with multiple devices simultaneously.<\/p>\n<h2><span style=\"font-size: 16px;\">Why choose:<\/span><\/h2>\n<ul>\n<li>XXL mousepad &#8211; larger surface allows you to move the mouse freely.<\/li>\n<li>Large mousepad and large mousepad &#8211; increases the comfort of work.<\/li>\n<li>It provides stability and protection for both the mouse and keyboard.<\/li>\n<\/ul>\n<p>With these solutions, you will create an orderly and functional workstation that will meet the expectations of the most demanding users.<\/p>\n<h2><span style=\"font-size: 16px;\">What affects the price of an attractive mousepad ?<\/span><\/h2>\n<ul>\n<li>High quality materials and workmanship.<\/li>\n<li>Customizable and personalized.<\/li>\n<li>Wide selection of sizes &#8211; from a small good mousepad to top xxl size mousepads for the most demanding users.<\/li>\n<\/ul>\n<p>Whether you are looking for an economical solution or a luxurious accessory, you will find the best mousepads in our range.<\/p>\n<p>Our range of mousepads combines sublimation technology, high quality materials and full personalization.<\/p>\n<p>Whether you&#8217;re choosing a computer mousepad, a custom mousepad or a gaming mousepad, you&#8217;ll find the perfect product for you with us. We make sure that each mousepad not only decorates your workstation, but also affects the comfort and efficiency of work and entertainment.<\/p>\n<p>We invite you to take a look at our offer, where everyone will find something for themselves &#8211; from a mousepad with a price available for every budget, to custom printed mousepads for the most demanding customers. Choose the best solution for you and enjoy unique style and functionality today!<\/p>\n<\/div>\n<\/div>\n<\/div>\n<\/div>\n<\/div>\n<\/div>\n","protected":false},"excerpt":{"rendered":"<p><strong>A printed mousepad<\/strong>\u00a0is the perfect solution that you can fully personalize.<\/p>\n","protected":false},"featured_media":8995,"comment_status":"closed","ping_status":"closed","template":"","meta":{"inline_featured_image":false},"product_brand":[],"product_cat":[147],"product_tag":[],"class_list":{"0":"post-9660","1":"product","2":"type-product","3":"status-publish","4":"has-post-thumbnail","6":"product_cat-podkladki-pod-mysz-zwierzeta-en","8":"first","9":"instock","10":"sale","11":"shipping-taxable","12":"purchasable","13":"product-type-variable","14":"has-default-attributes"},"acf":[],"yoast_head":"<!-- This site is optimized with the Yoast SEO plugin v27.0 - https:\/\/yoast.com\/product\/yoast-seo-wordpress\/ -->\n<title>Cat with Headphones Mousepad - YourPad<\/title>\n<meta name=\"description\" content=\"Mousepad Cat in headphones\ud83d\udc4dMousepad with graphics of your choice in different sizes &gt;&gt;Discounts up to -30%\ud83d\udc4d Go to yourpad.pl and catch bargains.\" \/>\n<meta name=\"robots\" content=\"index, follow, max-snippet:-1, max-image-preview:large, max-video-preview:-1\" \/>\n<link rel=\"canonical\" href=\"https:\/\/yourpad.pl\/en\/cat-with-headphones-mousepad\/\" \/>\n<meta property=\"og:locale\" content=\"en_US\" \/>\n<meta property=\"og:type\" content=\"article\" \/>\n<meta property=\"og:title\" content=\"Cat with Headphones Mousepad - YourPad\" \/>\n<meta property=\"og:description\" content=\"Mousepad Cat in headphones\ud83d\udc4dMousepad with graphics of your choice in different sizes &gt;&gt;Discounts up to -30%\ud83d\udc4d Go to yourpad.pl and catch bargains.\" \/>\n<meta property=\"og:url\" content=\"https:\/\/yourpad.pl\/en\/cat-with-headphones-mousepad\/\" \/>\n<meta property=\"og:site_name\" content=\"YourPad\" \/>\n<meta property=\"article:publisher\" content=\"https:\/\/www.facebook.com\/yourpadpl\" \/>\n<meta property=\"article:modified_time\" content=\"2025-03-05T11:19:34+00:00\" \/>\n<meta property=\"og:image\" content=\"https:\/\/yourpad.pl\/wp-content\/uploads\/2025\/01\/podkladka-pod-mysz-kot-muzyk-m.jpg\" \/>\n\t<meta property=\"og:image:width\" content=\"1358\" \/>\n\t<meta property=\"og:image:height\" content=\"1181\" \/>\n\t<meta property=\"og:image:type\" content=\"image\/jpeg\" \/>\n<script type=\"application\/ld+json\" class=\"yoast-schema-graph\">{\"@context\":\"https:\/\/schema.org\",\"@graph\":[{\"@type\":\"WebPage\",\"@id\":\"https:\/\/yourpad.pl\/en\/cat-with-headphones-mousepad\/\",\"url\":\"https:\/\/yourpad.pl\/en\/cat-with-headphones-mousepad\/\",\"name\":\"Cat with Headphones Mousepad - YourPad\",\"isPartOf\":{\"@id\":\"https:\/\/yourpad.pl\/en\/#website\"},\"primaryImageOfPage\":{\"@id\":\"https:\/\/yourpad.pl\/en\/cat-with-headphones-mousepad\/#primaryimage\"},\"image\":{\"@id\":\"https:\/\/yourpad.pl\/en\/cat-with-headphones-mousepad\/#primaryimage\"},\"thumbnailUrl\":\"https:\/\/yourpad.pl\/wp-content\/uploads\/2025\/01\/podkladka-pod-mysz-kot-muzyk-m.jpg\",\"datePublished\":\"2025-01-14T15:19:32+00:00\",\"dateModified\":\"2025-03-05T11:19:34+00:00\",\"description\":\"Mousepad Cat in headphones\ud83d\udc4dMousepad with graphics of your choice in different sizes >>Discounts up to -30%\ud83d\udc4d Go to yourpad.pl and catch bargains.\",\"breadcrumb\":{\"@id\":\"https:\/\/yourpad.pl\/en\/cat-with-headphones-mousepad\/#breadcrumb\"},\"inLanguage\":\"en-US\",\"potentialAction\":[{\"@type\":\"ReadAction\",\"target\":[\"https:\/\/yourpad.pl\/en\/cat-with-headphones-mousepad\/\"]}]},{\"@type\":\"ImageObject\",\"inLanguage\":\"en-US\",\"@id\":\"https:\/\/yourpad.pl\/en\/cat-with-headphones-mousepad\/#primaryimage\",\"url\":\"https:\/\/yourpad.pl\/wp-content\/uploads\/2025\/01\/podkladka-pod-mysz-kot-muzyk-m.jpg\",\"contentUrl\":\"https:\/\/yourpad.pl\/wp-content\/uploads\/2025\/01\/podkladka-pod-mysz-kot-muzyk-m.jpg\",\"width\":1358,\"height\":1181,\"caption\":\"podk\u0142adka pod mysz kot muzyk M\"},{\"@type\":\"BreadcrumbList\",\"@id\":\"https:\/\/yourpad.pl\/en\/cat-with-headphones-mousepad\/#breadcrumb\",\"itemListElement\":[{\"@type\":\"ListItem\",\"position\":1,\"name\":\"Strona g\u0142\u00f3wna\",\"item\":\"https:\/\/yourpad.pl\/en\/\"},{\"@type\":\"ListItem\",\"position\":2,\"name\":\"Sklep\",\"item\":\"https:\/\/yourpad.pl\/sklep\/\"},{\"@type\":\"ListItem\",\"position\":3,\"name\":\"Cat with Headphones Mousepad\"}]},{\"@type\":\"WebSite\",\"@id\":\"https:\/\/yourpad.pl\/en\/#website\",\"url\":\"https:\/\/yourpad.pl\/en\/\",\"name\":\"YourPad\",\"description\":\"Zaprojektuj swoj\u0105 podk\u0142adk\u0119!\",\"publisher\":{\"@id\":\"https:\/\/yourpad.pl\/en\/#organization\"},\"potentialAction\":[{\"@type\":\"SearchAction\",\"target\":{\"@type\":\"EntryPoint\",\"urlTemplate\":\"https:\/\/yourpad.pl\/en\/?s={search_term_string}\"},\"query-input\":{\"@type\":\"PropertyValueSpecification\",\"valueRequired\":true,\"valueName\":\"search_term_string\"}}],\"inLanguage\":\"en-US\"},{\"@type\":\"Organization\",\"@id\":\"https:\/\/yourpad.pl\/en\/#organization\",\"name\":\"YourPad\",\"url\":\"https:\/\/yourpad.pl\/en\/\",\"logo\":{\"@type\":\"ImageObject\",\"inLanguage\":\"en-US\",\"@id\":\"https:\/\/yourpad.pl\/en\/#\/schema\/logo\/image\/\",\"url\":\"https:\/\/yourpad.pl\/wp-content\/uploads\/2023\/08\/logo.svg\",\"contentUrl\":\"https:\/\/yourpad.pl\/wp-content\/uploads\/2023\/08\/logo.svg\",\"width\":108,\"height\":57,\"caption\":\"YourPad\"},\"image\":{\"@id\":\"https:\/\/yourpad.pl\/en\/#\/schema\/logo\/image\/\"},\"sameAs\":[\"https:\/\/www.facebook.com\/yourpadpl\",\"https:\/\/www.tiktok.com\/@yourpad.pl\",\"https:\/\/www.instagram.com\/yourpad.pl\/\"]}]}<\/script>\n<!-- \/ Yoast SEO plugin. -->","yoast_head_json":{"title":"Cat with Headphones Mousepad - YourPad","description":"Mousepad Cat in headphones\ud83d\udc4dMousepad with graphics of your choice in different sizes >>Discounts up to -30%\ud83d\udc4d Go to yourpad.pl and catch bargains.","robots":{"index":"index","follow":"follow","max-snippet":"max-snippet:-1","max-image-preview":"max-image-preview:large","max-video-preview":"max-video-preview:-1"},"canonical":"https:\/\/yourpad.pl\/en\/cat-with-headphones-mousepad\/","og_locale":"en_US","og_type":"article","og_title":"Cat with Headphones Mousepad - YourPad","og_description":"Mousepad Cat in headphones\ud83d\udc4dMousepad with graphics of your choice in different sizes >>Discounts up to -30%\ud83d\udc4d Go to yourpad.pl and catch bargains.","og_url":"https:\/\/yourpad.pl\/en\/cat-with-headphones-mousepad\/","og_site_name":"YourPad","article_publisher":"https:\/\/www.facebook.com\/yourpadpl","article_modified_time":"2025-03-05T11:19:34+00:00","og_image":[{"width":1358,"height":1181,"url":"https:\/\/yourpad.pl\/wp-content\/uploads\/2025\/01\/podkladka-pod-mysz-kot-muzyk-m.jpg","type":"image\/jpeg"}],"schema":{"@context":"https:\/\/schema.org","@graph":[{"@type":"WebPage","@id":"https:\/\/yourpad.pl\/en\/cat-with-headphones-mousepad\/","url":"https:\/\/yourpad.pl\/en\/cat-with-headphones-mousepad\/","name":"Cat with Headphones Mousepad - YourPad","isPartOf":{"@id":"https:\/\/yourpad.pl\/en\/#website"},"primaryImageOfPage":{"@id":"https:\/\/yourpad.pl\/en\/cat-with-headphones-mousepad\/#primaryimage"},"image":{"@id":"https:\/\/yourpad.pl\/en\/cat-with-headphones-mousepad\/#primaryimage"},"thumbnailUrl":"https:\/\/yourpad.pl\/wp-content\/uploads\/2025\/01\/podkladka-pod-mysz-kot-muzyk-m.jpg","datePublished":"2025-01-14T15:19:32+00:00","dateModified":"2025-03-05T11:19:34+00:00","description":"Mousepad Cat in headphones\ud83d\udc4dMousepad with graphics of your choice in different sizes >>Discounts up to -30%\ud83d\udc4d Go to yourpad.pl and catch bargains.","breadcrumb":{"@id":"https:\/\/yourpad.pl\/en\/cat-with-headphones-mousepad\/#breadcrumb"},"inLanguage":"en-US","potentialAction":[{"@type":"ReadAction","target":["https:\/\/yourpad.pl\/en\/cat-with-headphones-mousepad\/"]}]},{"@type":"ImageObject","inLanguage":"en-US","@id":"https:\/\/yourpad.pl\/en\/cat-with-headphones-mousepad\/#primaryimage","url":"https:\/\/yourpad.pl\/wp-content\/uploads\/2025\/01\/podkladka-pod-mysz-kot-muzyk-m.jpg","contentUrl":"https:\/\/yourpad.pl\/wp-content\/uploads\/2025\/01\/podkladka-pod-mysz-kot-muzyk-m.jpg","width":1358,"height":1181,"caption":"podk\u0142adka pod mysz kot muzyk M"},{"@type":"BreadcrumbList","@id":"https:\/\/yourpad.pl\/en\/cat-with-headphones-mousepad\/#breadcrumb","itemListElement":[{"@type":"ListItem","position":1,"name":"Strona g\u0142\u00f3wna","item":"https:\/\/yourpad.pl\/en\/"},{"@type":"ListItem","position":2,"name":"Sklep","item":"https:\/\/yourpad.pl\/sklep\/"},{"@type":"ListItem","position":3,"name":"Cat with Headphones Mousepad"}]},{"@type":"WebSite","@id":"https:\/\/yourpad.pl\/en\/#website","url":"https:\/\/yourpad.pl\/en\/","name":"YourPad","description":"Zaprojektuj swoj\u0105 podk\u0142adk\u0119!","publisher":{"@id":"https:\/\/yourpad.pl\/en\/#organization"},"potentialAction":[{"@type":"SearchAction","target":{"@type":"EntryPoint","urlTemplate":"https:\/\/yourpad.pl\/en\/?s={search_term_string}"},"query-input":{"@type":"PropertyValueSpecification","valueRequired":true,"valueName":"search_term_string"}}],"inLanguage":"en-US"},{"@type":"Organization","@id":"https:\/\/yourpad.pl\/en\/#organization","name":"YourPad","url":"https:\/\/yourpad.pl\/en\/","logo":{"@type":"ImageObject","inLanguage":"en-US","@id":"https:\/\/yourpad.pl\/en\/#\/schema\/logo\/image\/","url":"https:\/\/yourpad.pl\/wp-content\/uploads\/2023\/08\/logo.svg","contentUrl":"https:\/\/yourpad.pl\/wp-content\/uploads\/2023\/08\/logo.svg","width":108,"height":57,"caption":"YourPad"},"image":{"@id":"https:\/\/yourpad.pl\/en\/#\/schema\/logo\/image\/"},"sameAs":["https:\/\/www.facebook.com\/yourpadpl","https:\/\/www.tiktok.com\/@yourpad.pl","https:\/\/www.instagram.com\/yourpad.pl\/"]}]}},"_links":{"self":[{"href":"https:\/\/yourpad.pl\/en\/wp-json\/wp\/v2\/product\/9660","targetHints":{"allow":["GET"]}}],"collection":[{"href":"https:\/\/yourpad.pl\/en\/wp-json\/wp\/v2\/product"}],"about":[{"href":"https:\/\/yourpad.pl\/en\/wp-json\/wp\/v2\/types\/product"}],"replies":[{"embeddable":true,"href":"https:\/\/yourpad.pl\/en\/wp-json\/wp\/v2\/comments?post=9660"}],"wp:featuredmedia":[{"embeddable":true,"href":"https:\/\/yourpad.pl\/en\/wp-json\/wp\/v2\/media\/8995"}],"wp:attachment":[{"href":"https:\/\/yourpad.pl\/en\/wp-json\/wp\/v2\/media?parent=9660"}],"wp:term":[{"taxonomy":"product_brand","embeddable":true,"href":"https:\/\/yourpad.pl\/en\/wp-json\/wp\/v2\/product_brand?post=9660"},{"taxonomy":"product_cat","embeddable":true,"href":"https:\/\/yourpad.pl\/en\/wp-json\/wp\/v2\/product_cat?post=9660"},{"taxonomy":"product_tag","embeddable":true,"href":"https:\/\/yourpad.pl\/en\/wp-json\/wp\/v2\/product_tag?post=9660"}],"curies":[{"name":"wp","href":"https:\/\/api.w.org\/{rel}","templated":true}]}}