{"id":9750,"date":"2024-12-16T15:12:58","date_gmt":"2024-12-16T14:12:58","guid":{"rendered":"https:\/\/yourpad.pl\/podkladka-pod-mysz-bialy-wilk\/"},"modified":"2025-03-07T11:16:36","modified_gmt":"2025-03-07T10:16:36","slug":"white-wolf-mousepad","status":"publish","type":"product","link":"https:\/\/yourpad.pl\/en\/white-wolf-mousepad\/","title":{"rendered":"White Wolf mousepad"},"content":{"rendered":"<div class=\"flex-shrink-0 flex flex-col relative items-end\">\n<div class=\"pt-0\">\n<div class=\"gizmo-bot-avatar flex h-8 w-8 items-center justify-center overflow-hidden rounded-full\">\n<div class=\"relative p-1 rounded-sm flex items-center justify-center bg-token-main-surface-primary text-token-text-primary h-8 w-8\">\n<p>Your computer deserves the very best accessories. A custom printed mousepad is the perfect accessory that combines functionality with aesthetics, allowing you to express your unique style. What is the best mouse pad? We can help you find the answer by customising the mousepad to fit your needs.<\/p>\n<p><strong>Looking for the perfect addition to your desk?<\/strong><\/p>\n<p><strong>Custom mousepads<\/strong>\u00a0combine functionality and aesthetics to create a unique product tailored to your needs.<\/p>\n<p><strong>Is it worth investing in a mousepad?<\/strong><\/p>\n<p>Definitely yes, especially when\u00a0<strong>you can personalize it<\/strong>\u00a0and adjust\u00a0<strong>it<\/strong>\u00a0to your working or playing style.<\/p>\n<p><strong>A printed mouse mat<\/strong>\u00a0is a great solution that you can fully personalize.\u00a0<strong>How do you make your own mousepad?<\/strong>\u00a0With our offer, it&#8217;s easy &#8211; you will create\u00a0<strong>a personalized mousepad<\/strong>\u00a0that reflects your style and passions.<\/p>\n<p>Our\u00a0<strong>personalized mouse mats<\/strong>\u00a0are a guarantee of high quality workmanship and unique design. Whether you are a gamer or work in an office, our products will meet your expectations.\u00a0<strong>What gives a good mousepad?<\/strong>\u00a0It provides comfort and precision, which is crucial for both work and gaming.<\/p>\n<p><strong>The best gaming pad<\/strong>\u00a0will ensure smooth and precise movements in any gaming session.\u00a0<strong>What kind of mousepad to choose for gaming?<\/strong>\u00a0Our products offer the right surface texture to enhance precision and comfort during gaming.<\/p>\n<p>A large printed mousepad is the perfect solution if you need more space for your mouse and keyboard. Why buy a large mousepad? More surface area means more comfort for work and play.<\/p>\n<p>An inexpensive custom mousepad offers high quality at an affordable price.<br \/>\nWhere can I buy a good mousepad at an affordable price? We have products for everyone who appreciates individuality and quality at an attractive price.<\/p>\n<p>A mousepad with your own photo is an option for those who want to have their favourite photo always on their desk.<br \/>\nIs it possible to order a mousepad with my own photo? Yes, our custom photo mousepads offer full colour sublimation printing that will add definition and make every glance at your desk a smile.<\/p>\n<p>A logo mousepad is a stylish office accessory that will help promote your brand.<br \/>\nHow do I order a logo mousepad? Order today and enjoy a unique mousepad that will meet all your expectations!<\/p>\n<p>Our products are an excellent choice for anyone who appreciates individuality and quality.<br \/>\nDon&#8217;t wait, make your computer workstation even more special with our range of personalised mousepads.<\/p>\n<p>Order today and enjoy a unique mousepad that will meet all your expectations!<br \/>\nOur products are the perfect choice for anyone who appreciates individuality and quality. Don&#8217;t wait, make your computer workstation even more special with our range of personalised mousepads.<\/p>\n<\/div>\n<\/div>\n<\/div>\n<\/div>\n","protected":false},"excerpt":{"rendered":"<p><strong>A printed mousepad<\/strong>\u00a0is the perfect solution that you can fully personalize.<\/p>\n","protected":false},"featured_media":8928,"comment_status":"closed","ping_status":"closed","template":"","meta":{"inline_featured_image":false},"product_brand":[],"product_cat":[147,125],"product_tag":[],"class_list":{"0":"post-9750","1":"product","2":"type-product","3":"status-publish","4":"has-post-thumbnail","6":"product_cat-podkladki-pod-mysz-zwierzeta-en","7":"product_cat-podkladki-pod-mysz-fantasy-en","9":"first","10":"instock","11":"sale","12":"shipping-taxable","13":"purchasable","14":"product-type-variable","15":"has-default-attributes"},"acf":[],"yoast_head":"<!-- This site is optimized with the Yoast SEO plugin v27.0 - https:\/\/yoast.com\/product\/yoast-seo-wordpress\/ -->\n<title>White Wolf mousepad - YourPad<\/title>\n<meta name=\"description\" content=\"The &quot;White Wolf&quot; Mouse Pad combines majestic design and functionality. Available in 4 sizes Perfect for gamers, office use, or as a gift. Order today!\" \/>\n<meta name=\"robots\" content=\"index, follow, max-snippet:-1, max-image-preview:large, max-video-preview:-1\" \/>\n<link rel=\"canonical\" href=\"https:\/\/yourpad.pl\/en\/white-wolf-mousepad\/\" \/>\n<meta property=\"og:locale\" content=\"en_US\" \/>\n<meta property=\"og:type\" content=\"article\" \/>\n<meta property=\"og:title\" content=\"White Wolf mousepad - YourPad\" \/>\n<meta property=\"og:description\" content=\"The &quot;White Wolf&quot; Mouse Pad combines majestic design and functionality. Available in 4 sizes Perfect for gamers, office use, or as a gift. Order today!\" \/>\n<meta property=\"og:url\" content=\"https:\/\/yourpad.pl\/en\/white-wolf-mousepad\/\" \/>\n<meta property=\"og:site_name\" content=\"YourPad\" \/>\n<meta property=\"article:publisher\" content=\"https:\/\/www.facebook.com\/yourpadpl\" \/>\n<meta property=\"article:modified_time\" content=\"2025-03-07T10:16:36+00:00\" \/>\n<meta property=\"og:image\" content=\"https:\/\/yourpad.pl\/wp-content\/uploads\/2024\/12\/podkladka-pod-mysz-bialy-therian-m.jpg\" \/>\n\t<meta property=\"og:image:width\" content=\"1358\" \/>\n\t<meta property=\"og:image:height\" content=\"1181\" \/>\n\t<meta property=\"og:image:type\" content=\"image\/jpeg\" \/>\n<script type=\"application\/ld+json\" class=\"yoast-schema-graph\">{\"@context\":\"https:\/\/schema.org\",\"@graph\":[{\"@type\":\"WebPage\",\"@id\":\"https:\/\/yourpad.pl\/en\/white-wolf-mousepad\/\",\"url\":\"https:\/\/yourpad.pl\/en\/white-wolf-mousepad\/\",\"name\":\"White Wolf mousepad - YourPad\",\"isPartOf\":{\"@id\":\"https:\/\/yourpad.pl\/en\/#website\"},\"primaryImageOfPage\":{\"@id\":\"https:\/\/yourpad.pl\/en\/white-wolf-mousepad\/#primaryimage\"},\"image\":{\"@id\":\"https:\/\/yourpad.pl\/en\/white-wolf-mousepad\/#primaryimage\"},\"thumbnailUrl\":\"https:\/\/yourpad.pl\/wp-content\/uploads\/2024\/12\/podkladka-pod-mysz-bialy-therian-m.jpg\",\"datePublished\":\"2024-12-16T14:12:58+00:00\",\"dateModified\":\"2025-03-07T10:16:36+00:00\",\"description\":\"The \\\"White Wolf\\\" Mouse Pad combines majestic design and functionality. Available in 4 sizes Perfect for gamers, office use, or as a gift. Order today!\",\"breadcrumb\":{\"@id\":\"https:\/\/yourpad.pl\/en\/white-wolf-mousepad\/#breadcrumb\"},\"inLanguage\":\"en-US\",\"potentialAction\":[{\"@type\":\"ReadAction\",\"target\":[\"https:\/\/yourpad.pl\/en\/white-wolf-mousepad\/\"]}]},{\"@type\":\"ImageObject\",\"inLanguage\":\"en-US\",\"@id\":\"https:\/\/yourpad.pl\/en\/white-wolf-mousepad\/#primaryimage\",\"url\":\"https:\/\/yourpad.pl\/wp-content\/uploads\/2024\/12\/podkladka-pod-mysz-bialy-therian-m.jpg\",\"contentUrl\":\"https:\/\/yourpad.pl\/wp-content\/uploads\/2024\/12\/podkladka-pod-mysz-bialy-therian-m.jpg\",\"width\":1358,\"height\":1181,\"caption\":\"Podk\u0142adka pod mysz bia\u0142y therian m\"},{\"@type\":\"BreadcrumbList\",\"@id\":\"https:\/\/yourpad.pl\/en\/white-wolf-mousepad\/#breadcrumb\",\"itemListElement\":[{\"@type\":\"ListItem\",\"position\":1,\"name\":\"Strona g\u0142\u00f3wna\",\"item\":\"https:\/\/yourpad.pl\/en\/\"},{\"@type\":\"ListItem\",\"position\":2,\"name\":\"Sklep\",\"item\":\"https:\/\/yourpad.pl\/sklep\/\"},{\"@type\":\"ListItem\",\"position\":3,\"name\":\"White Wolf mousepad\"}]},{\"@type\":\"WebSite\",\"@id\":\"https:\/\/yourpad.pl\/en\/#website\",\"url\":\"https:\/\/yourpad.pl\/en\/\",\"name\":\"YourPad\",\"description\":\"Zaprojektuj swoj\u0105 podk\u0142adk\u0119!\",\"publisher\":{\"@id\":\"https:\/\/yourpad.pl\/en\/#organization\"},\"potentialAction\":[{\"@type\":\"SearchAction\",\"target\":{\"@type\":\"EntryPoint\",\"urlTemplate\":\"https:\/\/yourpad.pl\/en\/?s={search_term_string}\"},\"query-input\":{\"@type\":\"PropertyValueSpecification\",\"valueRequired\":true,\"valueName\":\"search_term_string\"}}],\"inLanguage\":\"en-US\"},{\"@type\":\"Organization\",\"@id\":\"https:\/\/yourpad.pl\/en\/#organization\",\"name\":\"YourPad\",\"url\":\"https:\/\/yourpad.pl\/en\/\",\"logo\":{\"@type\":\"ImageObject\",\"inLanguage\":\"en-US\",\"@id\":\"https:\/\/yourpad.pl\/en\/#\/schema\/logo\/image\/\",\"url\":\"https:\/\/yourpad.pl\/wp-content\/uploads\/2023\/08\/logo.svg\",\"contentUrl\":\"https:\/\/yourpad.pl\/wp-content\/uploads\/2023\/08\/logo.svg\",\"width\":108,\"height\":57,\"caption\":\"YourPad\"},\"image\":{\"@id\":\"https:\/\/yourpad.pl\/en\/#\/schema\/logo\/image\/\"},\"sameAs\":[\"https:\/\/www.facebook.com\/yourpadpl\",\"https:\/\/www.tiktok.com\/@yourpad.pl\",\"https:\/\/www.instagram.com\/yourpad.pl\/\"]}]}<\/script>\n<!-- \/ Yoast SEO plugin. -->","yoast_head_json":{"title":"White Wolf mousepad - YourPad","description":"The \"White Wolf\" Mouse Pad combines majestic design and functionality. Available in 4 sizes Perfect for gamers, office use, or as a gift. Order today!","robots":{"index":"index","follow":"follow","max-snippet":"max-snippet:-1","max-image-preview":"max-image-preview:large","max-video-preview":"max-video-preview:-1"},"canonical":"https:\/\/yourpad.pl\/en\/white-wolf-mousepad\/","og_locale":"en_US","og_type":"article","og_title":"White Wolf mousepad - YourPad","og_description":"The \"White Wolf\" Mouse Pad combines majestic design and functionality. Available in 4 sizes Perfect for gamers, office use, or as a gift. Order today!","og_url":"https:\/\/yourpad.pl\/en\/white-wolf-mousepad\/","og_site_name":"YourPad","article_publisher":"https:\/\/www.facebook.com\/yourpadpl","article_modified_time":"2025-03-07T10:16:36+00:00","og_image":[{"width":1358,"height":1181,"url":"https:\/\/yourpad.pl\/wp-content\/uploads\/2024\/12\/podkladka-pod-mysz-bialy-therian-m.jpg","type":"image\/jpeg"}],"schema":{"@context":"https:\/\/schema.org","@graph":[{"@type":"WebPage","@id":"https:\/\/yourpad.pl\/en\/white-wolf-mousepad\/","url":"https:\/\/yourpad.pl\/en\/white-wolf-mousepad\/","name":"White Wolf mousepad - YourPad","isPartOf":{"@id":"https:\/\/yourpad.pl\/en\/#website"},"primaryImageOfPage":{"@id":"https:\/\/yourpad.pl\/en\/white-wolf-mousepad\/#primaryimage"},"image":{"@id":"https:\/\/yourpad.pl\/en\/white-wolf-mousepad\/#primaryimage"},"thumbnailUrl":"https:\/\/yourpad.pl\/wp-content\/uploads\/2024\/12\/podkladka-pod-mysz-bialy-therian-m.jpg","datePublished":"2024-12-16T14:12:58+00:00","dateModified":"2025-03-07T10:16:36+00:00","description":"The \"White Wolf\" Mouse Pad combines majestic design and functionality. Available in 4 sizes Perfect for gamers, office use, or as a gift. Order today!","breadcrumb":{"@id":"https:\/\/yourpad.pl\/en\/white-wolf-mousepad\/#breadcrumb"},"inLanguage":"en-US","potentialAction":[{"@type":"ReadAction","target":["https:\/\/yourpad.pl\/en\/white-wolf-mousepad\/"]}]},{"@type":"ImageObject","inLanguage":"en-US","@id":"https:\/\/yourpad.pl\/en\/white-wolf-mousepad\/#primaryimage","url":"https:\/\/yourpad.pl\/wp-content\/uploads\/2024\/12\/podkladka-pod-mysz-bialy-therian-m.jpg","contentUrl":"https:\/\/yourpad.pl\/wp-content\/uploads\/2024\/12\/podkladka-pod-mysz-bialy-therian-m.jpg","width":1358,"height":1181,"caption":"Podk\u0142adka pod mysz bia\u0142y therian m"},{"@type":"BreadcrumbList","@id":"https:\/\/yourpad.pl\/en\/white-wolf-mousepad\/#breadcrumb","itemListElement":[{"@type":"ListItem","position":1,"name":"Strona g\u0142\u00f3wna","item":"https:\/\/yourpad.pl\/en\/"},{"@type":"ListItem","position":2,"name":"Sklep","item":"https:\/\/yourpad.pl\/sklep\/"},{"@type":"ListItem","position":3,"name":"White Wolf mousepad"}]},{"@type":"WebSite","@id":"https:\/\/yourpad.pl\/en\/#website","url":"https:\/\/yourpad.pl\/en\/","name":"YourPad","description":"Zaprojektuj swoj\u0105 podk\u0142adk\u0119!","publisher":{"@id":"https:\/\/yourpad.pl\/en\/#organization"},"potentialAction":[{"@type":"SearchAction","target":{"@type":"EntryPoint","urlTemplate":"https:\/\/yourpad.pl\/en\/?s={search_term_string}"},"query-input":{"@type":"PropertyValueSpecification","valueRequired":true,"valueName":"search_term_string"}}],"inLanguage":"en-US"},{"@type":"Organization","@id":"https:\/\/yourpad.pl\/en\/#organization","name":"YourPad","url":"https:\/\/yourpad.pl\/en\/","logo":{"@type":"ImageObject","inLanguage":"en-US","@id":"https:\/\/yourpad.pl\/en\/#\/schema\/logo\/image\/","url":"https:\/\/yourpad.pl\/wp-content\/uploads\/2023\/08\/logo.svg","contentUrl":"https:\/\/yourpad.pl\/wp-content\/uploads\/2023\/08\/logo.svg","width":108,"height":57,"caption":"YourPad"},"image":{"@id":"https:\/\/yourpad.pl\/en\/#\/schema\/logo\/image\/"},"sameAs":["https:\/\/www.facebook.com\/yourpadpl","https:\/\/www.tiktok.com\/@yourpad.pl","https:\/\/www.instagram.com\/yourpad.pl\/"]}]}},"_links":{"self":[{"href":"https:\/\/yourpad.pl\/en\/wp-json\/wp\/v2\/product\/9750","targetHints":{"allow":["GET"]}}],"collection":[{"href":"https:\/\/yourpad.pl\/en\/wp-json\/wp\/v2\/product"}],"about":[{"href":"https:\/\/yourpad.pl\/en\/wp-json\/wp\/v2\/types\/product"}],"replies":[{"embeddable":true,"href":"https:\/\/yourpad.pl\/en\/wp-json\/wp\/v2\/comments?post=9750"}],"wp:featuredmedia":[{"embeddable":true,"href":"https:\/\/yourpad.pl\/en\/wp-json\/wp\/v2\/media\/8928"}],"wp:attachment":[{"href":"https:\/\/yourpad.pl\/en\/wp-json\/wp\/v2\/media?parent=9750"}],"wp:term":[{"taxonomy":"product_brand","embeddable":true,"href":"https:\/\/yourpad.pl\/en\/wp-json\/wp\/v2\/product_brand?post=9750"},{"taxonomy":"product_cat","embeddable":true,"href":"https:\/\/yourpad.pl\/en\/wp-json\/wp\/v2\/product_cat?post=9750"},{"taxonomy":"product_tag","embeddable":true,"href":"https:\/\/yourpad.pl\/en\/wp-json\/wp\/v2\/product_tag?post=9750"}],"curies":[{"name":"wp","href":"https:\/\/api.w.org\/{rel}","templated":true}]}}