{"id":9900,"date":"2024-11-26T14:50:26","date_gmt":"2024-11-26T13:50:26","guid":{"rendered":"https:\/\/yourpad.pl\/podkladka-pod-mysz-abstrakt\/"},"modified":"2025-03-17T14:56:52","modified_gmt":"2025-03-17T13:56:52","slug":"abstrakt-mousepad","status":"publish","type":"product","link":"https:\/\/yourpad.pl\/en\/abstrakt-mousepad\/","title":{"rendered":"Abstrakt Mousepad"},"content":{"rendered":"<div class=\"flex-shrink-0 flex flex-col relative items-end\">\n<div>\n<div class=\"pt-0\">\n<div class=\"gizmo-bot-avatar flex h-8 w-8 items-center justify-center overflow-hidden rounded-full\">\n<div class=\"relative p-1 rounded-sm flex items-center justify-center bg-token-main-surface-primary text-token-text-primary h-8 w-8\">\u00a0<\/div>\n<\/div>\n<\/div>\n<\/div>\n<\/div>\n<div class=\"group\/conversation-turn relative flex w-full min-w-0 flex-col agent-turn\">\n<div class=\"flex-col gap-1 md:gap-3\">\n<div class=\"flex max-w-full flex-col flex-grow\">\n<div class=\"min-h-[20px] text-message flex w-full flex-col items-end gap-2 whitespace-pre-wrap break-words [.text-message+&amp;]:mt-5 overflow-x-auto\" dir=\"auto\" data-message-author-role=\"assistant\" data-message-id=\"c457efe1-1810-4932-8a59-05f7450bfb02\">\n<div class=\"flex w-full flex-col gap-1 empty:hidden first:pt-[3px]\">\n<div class=\"markdown prose w-full break-words dark:prose-invert light\">\u00a0<\/div>\n<\/div>\n<\/div>\n<\/div>\n<\/div>\n<\/div>\n<p>&nbsp;<\/p>\n","protected":false},"excerpt":{"rendered":"<p><strong>A printed mousepad<\/strong> is the perfect solution that you can fully personalize.<\/p>\n","protected":false},"featured_media":8526,"comment_status":"closed","ping_status":"closed","template":"","meta":{"inline_featured_image":false},"product_brand":[],"product_cat":[152],"product_tag":[],"class_list":{"0":"post-9900","1":"product","2":"type-product","3":"status-publish","4":"has-post-thumbnail","6":"product_cat-gaming-mousepads","8":"first","9":"instock","10":"sale","11":"shipping-taxable","12":"purchasable","13":"product-type-variable","14":"has-default-attributes"},"acf":[],"yoast_head":"<!-- This site is optimized with the Yoast SEO plugin v27.0 - https:\/\/yoast.com\/product\/yoast-seo-wordpress\/ -->\n<title>Abstrakt Mousepad - YourPad<\/title>\n<meta name=\"description\" content=\"Abstrakt Mousepad | YOURPAD.PL\" \/>\n<meta name=\"robots\" content=\"index, follow, max-snippet:-1, max-image-preview:large, max-video-preview:-1\" \/>\n<link rel=\"canonical\" href=\"https:\/\/yourpad.pl\/en\/abstrakt-mousepad\/\" \/>\n<meta property=\"og:locale\" content=\"en_US\" \/>\n<meta property=\"og:type\" content=\"article\" \/>\n<meta property=\"og:title\" content=\"Abstrakt Mousepad - YourPad\" \/>\n<meta property=\"og:description\" content=\"Abstrakt Mousepad | YOURPAD.PL\" \/>\n<meta property=\"og:url\" content=\"https:\/\/yourpad.pl\/en\/abstrakt-mousepad\/\" \/>\n<meta property=\"og:site_name\" content=\"YourPad\" \/>\n<meta property=\"article:publisher\" content=\"https:\/\/www.facebook.com\/yourpadpl\" \/>\n<meta property=\"article:modified_time\" content=\"2025-03-17T13:56:52+00:00\" \/>\n<meta property=\"og:image\" content=\"https:\/\/yourpad.pl\/wp-content\/uploads\/2024\/11\/podkladka-pod-mysz-abstrakt-background-m-scaled.jpg\" \/>\n\t<meta property=\"og:image:width\" content=\"2000\" \/>\n\t<meta property=\"og:image:height\" content=\"1739\" \/>\n\t<meta property=\"og:image:type\" content=\"image\/jpeg\" \/>\n<script type=\"application\/ld+json\" class=\"yoast-schema-graph\">{\"@context\":\"https:\/\/schema.org\",\"@graph\":[{\"@type\":\"WebPage\",\"@id\":\"https:\/\/yourpad.pl\/en\/abstrakt-mousepad\/\",\"url\":\"https:\/\/yourpad.pl\/en\/abstrakt-mousepad\/\",\"name\":\"Abstrakt Mousepad - YourPad\",\"isPartOf\":{\"@id\":\"https:\/\/yourpad.pl\/en\/#website\"},\"primaryImageOfPage\":{\"@id\":\"https:\/\/yourpad.pl\/en\/abstrakt-mousepad\/#primaryimage\"},\"image\":{\"@id\":\"https:\/\/yourpad.pl\/en\/abstrakt-mousepad\/#primaryimage\"},\"thumbnailUrl\":\"https:\/\/yourpad.pl\/wp-content\/uploads\/2024\/11\/podkladka-pod-mysz-abstrakt-background-m-scaled.jpg\",\"datePublished\":\"2024-11-26T13:50:26+00:00\",\"dateModified\":\"2025-03-17T13:56:52+00:00\",\"description\":\"Abstrakt Mousepad | YOURPAD.PL\",\"breadcrumb\":{\"@id\":\"https:\/\/yourpad.pl\/en\/abstrakt-mousepad\/#breadcrumb\"},\"inLanguage\":\"en-US\",\"potentialAction\":[{\"@type\":\"ReadAction\",\"target\":[\"https:\/\/yourpad.pl\/en\/abstrakt-mousepad\/\"]}]},{\"@type\":\"ImageObject\",\"inLanguage\":\"en-US\",\"@id\":\"https:\/\/yourpad.pl\/en\/abstrakt-mousepad\/#primaryimage\",\"url\":\"https:\/\/yourpad.pl\/wp-content\/uploads\/2024\/11\/podkladka-pod-mysz-abstrakt-background-m-scaled.jpg\",\"contentUrl\":\"https:\/\/yourpad.pl\/wp-content\/uploads\/2024\/11\/podkladka-pod-mysz-abstrakt-background-m-scaled.jpg\",\"width\":2000,\"height\":1739,\"caption\":\"Podk\u0142adka pod mysz abstrakt background M\"},{\"@type\":\"BreadcrumbList\",\"@id\":\"https:\/\/yourpad.pl\/en\/abstrakt-mousepad\/#breadcrumb\",\"itemListElement\":[{\"@type\":\"ListItem\",\"position\":1,\"name\":\"Strona g\u0142\u00f3wna\",\"item\":\"https:\/\/yourpad.pl\/en\/\"},{\"@type\":\"ListItem\",\"position\":2,\"name\":\"Sklep\",\"item\":\"https:\/\/yourpad.pl\/sklep\/\"},{\"@type\":\"ListItem\",\"position\":3,\"name\":\"Abstrakt Mousepad\"}]},{\"@type\":\"WebSite\",\"@id\":\"https:\/\/yourpad.pl\/en\/#website\",\"url\":\"https:\/\/yourpad.pl\/en\/\",\"name\":\"YourPad\",\"description\":\"Zaprojektuj swoj\u0105 podk\u0142adk\u0119!\",\"publisher\":{\"@id\":\"https:\/\/yourpad.pl\/en\/#organization\"},\"potentialAction\":[{\"@type\":\"SearchAction\",\"target\":{\"@type\":\"EntryPoint\",\"urlTemplate\":\"https:\/\/yourpad.pl\/en\/?s={search_term_string}\"},\"query-input\":{\"@type\":\"PropertyValueSpecification\",\"valueRequired\":true,\"valueName\":\"search_term_string\"}}],\"inLanguage\":\"en-US\"},{\"@type\":\"Organization\",\"@id\":\"https:\/\/yourpad.pl\/en\/#organization\",\"name\":\"YourPad\",\"url\":\"https:\/\/yourpad.pl\/en\/\",\"logo\":{\"@type\":\"ImageObject\",\"inLanguage\":\"en-US\",\"@id\":\"https:\/\/yourpad.pl\/en\/#\/schema\/logo\/image\/\",\"url\":\"https:\/\/yourpad.pl\/wp-content\/uploads\/2023\/08\/logo.svg\",\"contentUrl\":\"https:\/\/yourpad.pl\/wp-content\/uploads\/2023\/08\/logo.svg\",\"width\":108,\"height\":57,\"caption\":\"YourPad\"},\"image\":{\"@id\":\"https:\/\/yourpad.pl\/en\/#\/schema\/logo\/image\/\"},\"sameAs\":[\"https:\/\/www.facebook.com\/yourpadpl\",\"https:\/\/www.tiktok.com\/@yourpad.pl\",\"https:\/\/www.instagram.com\/yourpad.pl\/\"]}]}<\/script>\n<!-- \/ Yoast SEO plugin. -->","yoast_head_json":{"title":"Abstrakt Mousepad - YourPad","description":"Abstrakt Mousepad | YOURPAD.PL","robots":{"index":"index","follow":"follow","max-snippet":"max-snippet:-1","max-image-preview":"max-image-preview:large","max-video-preview":"max-video-preview:-1"},"canonical":"https:\/\/yourpad.pl\/en\/abstrakt-mousepad\/","og_locale":"en_US","og_type":"article","og_title":"Abstrakt Mousepad - YourPad","og_description":"Abstrakt Mousepad | YOURPAD.PL","og_url":"https:\/\/yourpad.pl\/en\/abstrakt-mousepad\/","og_site_name":"YourPad","article_publisher":"https:\/\/www.facebook.com\/yourpadpl","article_modified_time":"2025-03-17T13:56:52+00:00","og_image":[{"width":2000,"height":1739,"url":"https:\/\/yourpad.pl\/wp-content\/uploads\/2024\/11\/podkladka-pod-mysz-abstrakt-background-m-scaled.jpg","type":"image\/jpeg"}],"schema":{"@context":"https:\/\/schema.org","@graph":[{"@type":"WebPage","@id":"https:\/\/yourpad.pl\/en\/abstrakt-mousepad\/","url":"https:\/\/yourpad.pl\/en\/abstrakt-mousepad\/","name":"Abstrakt Mousepad - YourPad","isPartOf":{"@id":"https:\/\/yourpad.pl\/en\/#website"},"primaryImageOfPage":{"@id":"https:\/\/yourpad.pl\/en\/abstrakt-mousepad\/#primaryimage"},"image":{"@id":"https:\/\/yourpad.pl\/en\/abstrakt-mousepad\/#primaryimage"},"thumbnailUrl":"https:\/\/yourpad.pl\/wp-content\/uploads\/2024\/11\/podkladka-pod-mysz-abstrakt-background-m-scaled.jpg","datePublished":"2024-11-26T13:50:26+00:00","dateModified":"2025-03-17T13:56:52+00:00","description":"Abstrakt Mousepad | YOURPAD.PL","breadcrumb":{"@id":"https:\/\/yourpad.pl\/en\/abstrakt-mousepad\/#breadcrumb"},"inLanguage":"en-US","potentialAction":[{"@type":"ReadAction","target":["https:\/\/yourpad.pl\/en\/abstrakt-mousepad\/"]}]},{"@type":"ImageObject","inLanguage":"en-US","@id":"https:\/\/yourpad.pl\/en\/abstrakt-mousepad\/#primaryimage","url":"https:\/\/yourpad.pl\/wp-content\/uploads\/2024\/11\/podkladka-pod-mysz-abstrakt-background-m-scaled.jpg","contentUrl":"https:\/\/yourpad.pl\/wp-content\/uploads\/2024\/11\/podkladka-pod-mysz-abstrakt-background-m-scaled.jpg","width":2000,"height":1739,"caption":"Podk\u0142adka pod mysz abstrakt background M"},{"@type":"BreadcrumbList","@id":"https:\/\/yourpad.pl\/en\/abstrakt-mousepad\/#breadcrumb","itemListElement":[{"@type":"ListItem","position":1,"name":"Strona g\u0142\u00f3wna","item":"https:\/\/yourpad.pl\/en\/"},{"@type":"ListItem","position":2,"name":"Sklep","item":"https:\/\/yourpad.pl\/sklep\/"},{"@type":"ListItem","position":3,"name":"Abstrakt Mousepad"}]},{"@type":"WebSite","@id":"https:\/\/yourpad.pl\/en\/#website","url":"https:\/\/yourpad.pl\/en\/","name":"YourPad","description":"Zaprojektuj swoj\u0105 podk\u0142adk\u0119!","publisher":{"@id":"https:\/\/yourpad.pl\/en\/#organization"},"potentialAction":[{"@type":"SearchAction","target":{"@type":"EntryPoint","urlTemplate":"https:\/\/yourpad.pl\/en\/?s={search_term_string}"},"query-input":{"@type":"PropertyValueSpecification","valueRequired":true,"valueName":"search_term_string"}}],"inLanguage":"en-US"},{"@type":"Organization","@id":"https:\/\/yourpad.pl\/en\/#organization","name":"YourPad","url":"https:\/\/yourpad.pl\/en\/","logo":{"@type":"ImageObject","inLanguage":"en-US","@id":"https:\/\/yourpad.pl\/en\/#\/schema\/logo\/image\/","url":"https:\/\/yourpad.pl\/wp-content\/uploads\/2023\/08\/logo.svg","contentUrl":"https:\/\/yourpad.pl\/wp-content\/uploads\/2023\/08\/logo.svg","width":108,"height":57,"caption":"YourPad"},"image":{"@id":"https:\/\/yourpad.pl\/en\/#\/schema\/logo\/image\/"},"sameAs":["https:\/\/www.facebook.com\/yourpadpl","https:\/\/www.tiktok.com\/@yourpad.pl","https:\/\/www.instagram.com\/yourpad.pl\/"]}]}},"_links":{"self":[{"href":"https:\/\/yourpad.pl\/en\/wp-json\/wp\/v2\/product\/9900","targetHints":{"allow":["GET"]}}],"collection":[{"href":"https:\/\/yourpad.pl\/en\/wp-json\/wp\/v2\/product"}],"about":[{"href":"https:\/\/yourpad.pl\/en\/wp-json\/wp\/v2\/types\/product"}],"replies":[{"embeddable":true,"href":"https:\/\/yourpad.pl\/en\/wp-json\/wp\/v2\/comments?post=9900"}],"wp:featuredmedia":[{"embeddable":true,"href":"https:\/\/yourpad.pl\/en\/wp-json\/wp\/v2\/media\/8526"}],"wp:attachment":[{"href":"https:\/\/yourpad.pl\/en\/wp-json\/wp\/v2\/media?parent=9900"}],"wp:term":[{"taxonomy":"product_brand","embeddable":true,"href":"https:\/\/yourpad.pl\/en\/wp-json\/wp\/v2\/product_brand?post=9900"},{"taxonomy":"product_cat","embeddable":true,"href":"https:\/\/yourpad.pl\/en\/wp-json\/wp\/v2\/product_cat?post=9900"},{"taxonomy":"product_tag","embeddable":true,"href":"https:\/\/yourpad.pl\/en\/wp-json\/wp\/v2\/product_tag?post=9900"}],"curies":[{"name":"wp","href":"https:\/\/api.w.org\/{rel}","templated":true}]}}